{"id":117,"date":"2017-11-10T18:34:54","date_gmt":"2017-11-10T17:34:54","guid":{"rendered":"http:\/\/negociation-ecologique.fr\/?page_id=117"},"modified":"2020-01-15T18:15:40","modified_gmt":"2020-01-15T17:15:40","slug":"les-methodes-innovantes","status":"publish","type":"page","link":"https:\/\/negociation-ecologique.fr\/index.php\/les-methodes-innovantes\/","title":{"rendered":"Les m\u00e9thodes innovantes"},"content":{"rendered":"<p>A travers la N\u00e9gociation Ecologique, nous travaillons sur les m\u00e9thodes de coordination des projets, en prenant en compte tous les acteurs d&#8217;un territoire et les ressources disponibles pour g\u00e9n\u00e9rer une programmation optimum du territoire \u00e0 plus ou moins long terme. A l&#8217;heure o\u00f9 les th\u00e9ories de &#8220;l&#8217;effondrement&#8221; fleurissent et o\u00f9 l&#8217;exode urbain semble poindre, il semble n\u00e9cessaire d&#8217;utiliser toutes nos ressources actuelles et nos connaissances ancestrales pour designer une \u00e9cologie territoriale p\u00e9renne pour les g\u00e9n\u00e9rations futures. Nous parlons de Conversion Ecologique dans la mesure o\u00f9 la transformation \u00e9conomique et sociale demande d\u00e9passe la simple transition pour s&#8217;appuyer sur de nouveaux principes universels bas\u00e9s sur l&#8217;\u00e9thique, la sagesse et le faire-ensemble.<\/p>\n<p>Nos m\u00e9thodes de travail sont innovantes et permettent d&#8217;am\u00e9liorer le dialogue et de favoriser la r\u00e9alisation de la n\u00e9gociation \u00e9cologique.<\/p>\n<ul>\n<li>Mieux comprendre les liens qui nous unissent<\/li>\n<li>Mieux communiquer les informations<\/li>\n<li>Mieux organiser les relations<\/li>\n<li>Mieux ressentir nos besoins<\/li>\n<li>D\u00e9velopper une intelligence collective territoriale<\/li>\n<\/ul>\n<p>Pour cela, nous appliquons :<\/p>\n<ul>\n<li><a href=\"http:\/\/negociation-ecologique.fr\/index.php\/rd\/\">Le mod\u00e8le de gouvernance INN\u00c9\u00a9<\/a> fond\u00e9 sur le principe de territoire r\u00e9g\u00e9n\u00e9ratif et l&#8217;application de la m\u00e9thode d&#8217;interconnexion entre nos 7 centres d&#8217;activit\u00e9s<\/li>\n<li><a href=\"http:\/\/negociation-ecologique.fr\/wp-content\/uploads\/2020\/01\/1-Economie-vivante-FIPAN.pdf\">1 &#8211; Economie vivante FIPAN<\/a><\/li>\n<\/ul>\n","protected":false},"excerpt":{"rendered":"<p>A travers la N\u00e9gociation Ecologique, nous travaillons sur les m\u00e9thodes de coordination des projets, en prenant en compte tous les acteurs d&#8217;un territoire et les ressources disponibles pour g\u00e9n\u00e9rer une programmation optimum du territoire \u00e0 plus ou moins long terme. A l&#8217;heure o\u00f9 les th\u00e9ories de &#8220;l&#8217;effondrement&#8221; fleurissent et o\u00f9 l&#8217;exode urbain semble poindre, il [&hellip;]<\/p>\n","protected":false},"author":2,"featured_media":0,"parent":0,"menu_order":0,"comment_status":"closed","ping_status":"closed","template":"","meta":[],"_links":{"self":[{"href":"https:\/\/negociation-ecologique.fr\/index.php\/wp-json\/wp\/v2\/pages\/117"}],"collection":[{"href":"https:\/\/negociation-ecologique.fr\/index.php\/wp-json\/wp\/v2\/pages"}],"about":[{"href":"https:\/\/negociation-ecologique.fr\/index.php\/wp-json\/wp\/v2\/types\/page"}],"author":[{"embeddable":true,"href":"https:\/\/negociation-ecologique.fr\/index.php\/wp-json\/wp\/v2\/users\/2"}],"replies":[{"embeddable":true,"href":"https:\/\/negociation-ecologique.fr\/index.php\/wp-json\/wp\/v2\/comments?post=117"}],"version-history":[{"count":4,"href":"https:\/\/negociation-ecologique.fr\/index.php\/wp-json\/wp\/v2\/pages\/117\/revisions"}],"predecessor-version":[{"id":1586,"href":"https:\/\/negociation-ecologique.fr\/index.php\/wp-json\/wp\/v2\/pages\/117\/revisions\/1586"}],"wp:attachment":[{"href":"https:\/\/negociation-ecologique.fr\/index.php\/wp-json\/wp\/v2\/media?parent=117"}],"curies":[{"name":"wp","href":"https:\/\/api.w.org\/{rel}","templated":true}]}}