{"id":140,"date":"2018-06-27T11:53:32","date_gmt":"2018-06-27T09:53:32","guid":{"rendered":"http:\/\/negociation-ecologique.fr\/?page_id=140"},"modified":"2026-03-26T16:48:41","modified_gmt":"2026-03-26T15:48:41","slug":"les-7-centres","status":"publish","type":"page","link":"https:\/\/negociation-ecologique.fr\/index.php\/les-7-centres\/","title":{"rendered":"Les 7 Centres"},"content":{"rendered":"<p><img loading=\"lazy\" class=\"alignnone  wp-image-2305 aligncenter\" src=\"http:\/\/negociation-ecologique.fr\/wp-content\/uploads\/2026\/03\/Capture-decran-738-1-231x300.png\" alt=\"\" width=\"233\" height=\"303\" srcset=\"https:\/\/negociation-ecologique.fr\/wp-content\/uploads\/2026\/03\/Capture-decran-738-1-231x300.png 231w, https:\/\/negociation-ecologique.fr\/wp-content\/uploads\/2026\/03\/Capture-decran-738-1.png 471w\" sizes=\"(max-width: 233px) 100vw, 233px\" \/><\/p>\n<p>L&#8217;apprentissage et l&#8217;application de la N\u00e9gociation \u00c9cologique ont recours \u00e0 un ensemble de qualit\u00e9s et de comp\u00e9tences &#8211; tant individuelles que collectives &#8211; qui ne peuvent s&#8217;acqu\u00e9rir qu&#8217;\u00e0 travers un travail collectif de partage et de co-cr\u00e9ation. Cette dimension vise \u00e0 la fois \u00e0 l&#8217;acquisition d&#8217;une sensibilisation aux cultures du monde (perception diff\u00e9renci\u00e9e de la Nature) et \u00e0 la pluridisciplinarit\u00e9 (transmission et acquisition de connaissances solides dans des domaines scientifiques avanc\u00e9s en mati\u00e8re de n\u00e9gociation et d&#8217;\u00e9cologie).<\/p>\n<p>La construction-m\u00eame de l&#8217;apprentissage de la N\u00e9gociation \u00c9cologique repose donc sur la coordination de 7 Centres d&#8217;Activit\u00e9s interconnect\u00e9s, compl\u00e9mentaires et interd\u00e9pendants.<\/p>\n<hr>\n<p>* <span style=\"color: #ff0000;\">Le Centre d&#8217;Actions locales<\/span><\/p>\n<p>Ce centre regroupe les acteurs de terrain dont les probl\u00e9matiques liant le monde du vivant au d\u00e9veloppement \u00e9conomique de l&#8217;humanit\u00e9 pr\u00e9sentent des conflits ou des besoins dont l&#8217;impact local et global doit \u00eatre mesur\u00e9, et n\u00e9cessitent une n\u00e9gociation \u00e9cologique afin de trouver une solution acceptable tant pour les populations autochtones, la biodiversit\u00e9 que pour les acteurs en qu\u00eates de ressources.<\/p>\n<hr>\n<p>* <span style=\"color: #ff9900;\">Le Centre de Formation<\/span><\/p>\n<p>Le Centre de Formation vise \u00e0 transmettre les Valeurs Universelles reliant l&#8217;humanit\u00e9 au monde du vivant \u00e0 travers un enseignement touchant tant aux domaines des sciences (\u00e9cologie, agronomie, sant\u00e9, droit, \u00e9conomie, \u00e9nergie, territoires&#8230;) qu&#8217;aux domaines culturels et spirituels (apprentissage du d\u00e9conditionnement individuel pour aborder des outils et m\u00e9thodes de travail innovantes &#8211; design thinking, cr\u00e9ativit\u00e9, improvisation -, et acqu\u00e9rir une sensibilit\u00e9 affin\u00e9e au partage et aux liens unissant l&#8217;humain au monde du vivant).<\/p>\n<hr>\n<p>* <span style=\"color: #ffcc00;\">Le Think Tank<\/span><\/p>\n<p>Le Think Tank r\u00e9alise un travail de haut niveau afin de mobiliser les d\u00e9cideurs les plus influents et de les sensibiliser \u00e0 l&#8217;\u00e9volution de l&#8217;humanit\u00e9 sur une plan\u00e8te limit\u00e9e. Il s&#8217;agit &#8211; pour ce Centre &#8211; d&#8217;informer, sensibiliser, g\u00e9n\u00e9rer des \u00e9tudes et des conseils avanc\u00e9s en mati\u00e8re de Strat\u00e9gie Ecologique Globale. Une vision claire des enjeux \u00e0 la fois internationaux et locaux et une ma\u00eetrise des outils, des m\u00e9thodes et des valeurs Universelles de la N\u00e9gociation \u00c9cologique est indispensable \u00e0 la r\u00e9alisation de la mission d&#8217;influence et de conseils attribu\u00e9 au Think Tank.<\/p>\n<hr>\n<p>* <span style=\"color: #339966;\">Le P\u00f4le d&#8217;\u00c9cociateurs<\/span><\/p>\n<p>Compos\u00e9 principalement de juristes de formation (avocats, arbitres internationaux, juges, m\u00e9diateurs..) et d&#8217;\u00e9cologiques (sp\u00e9cialistes de la biodiversit\u00e9), le P\u00f4le d&#8217;\u00c9cociateurs joue le r\u00f4le de diapason dans l&#8217;application concr\u00e8te de la N\u00e9gociation \u00c9cologique sur le terrain. Ce centre vise \u00e0 rendre visible les activit\u00e9s d&#8217;\u00e9cocides et toutes probl\u00e9matiques pr\u00e9sentant un enjeu humain-nature au niveau tant local que global, et vise \u00e0 soutenir, par l&#8217;interm\u00e9diaire d&#8217;acteurs de Droit form\u00e9s aux questions de la Nature, l&#8217;application des Valeurs Universelles telles que le Respect du vivant. Leur r\u00f4le est fondamental et n\u00e9cessite le soutien de l&#8217;ensemble des membres des autres centres de la N\u00e9gociation \u00c9cologique pour pouvoir agir avec justesse dans des cas o\u00f9 les enjeux sont souvent d&#8217;une grande importance tant pour les acteurs du d\u00e9veloppement au niveau global, que pour les populations locales.<\/p>\n<hr>\n<p>* <span style=\"color: #33cccc;\">Le Centre de Recherche<\/span><\/p>\n<p>En collaboration constante avec le Groupe d\u2019actions qui lui fournit les donn\u00e9es de terrain pour d\u00e9gager des m\u00e9thodologies, des \u00e9tudes, des concepts et am\u00e9liorer sans cesse les outils permettant de travailler sur les relations humains-Nature, le centre de recherches est constitu\u00e9 de chercheurs internationaux exp\u00e9riment\u00e9s dans tous les domaines des sciences dures aux sciences sociales.&nbsp;Son r\u00f4le est de permettre aux \u00c9cociateurs, au Thinktank, au Comit\u00e9 d\u2019Actions Locales et au Centre de Formation de pouvoir am\u00e9liorer en continue l\u2019exp\u00e9rience de la N\u00e9gociation \u00c9cologique, partout dans le monde, en fonction des r\u00e9sultats des recherches locales et globales \u00e9labor\u00e9es sur l\u2019observation de la diversit\u00e9 du vivant (biomim\u00e9tisme).<\/p>\n<hr>\n<p>* <span style=\"color: #3366ff;\">Le Comit\u00e9 \u00c9thique<\/span><\/p>\n<p>Le Comit\u00e9 \u00c9thique joue un r\u00f4le central dans la mesure o\u00f9 il est principalement constitu\u00e9 de Professeurs \u00c9m\u00e9rites et\/ou de personnalit\u00e9s ayant prouv\u00e9, tout au long de leur carri\u00e8re, un int\u00e9r\u00eat profond pour le respect de la Nature et une compr\u00e9hension des enjeux globaux et des limites des options choisies par l&#8217;humanit\u00e9 pour assurer sa survie. Leur vision et leur appr\u00e9hension des \u00e9v\u00e8nements et ph\u00e9nom\u00e8nes \u00e0 traiter est d&#8217;une grande n\u00e9cessit\u00e9 dans la mesure o\u00f9 leur r\u00f4le est de permettre \u00e0 l&#8217;ensemble des autres Membres de l&#8217;INN\u00c9 de respecter un cadre \u00e9thique des relations humains-Nature. La rigueur que le Comit\u00e9 \u00c9thique impose sur les autres centres doit \u00eatre exemplaire et permettre \u00e0 l&#8217;ensemble des 7 Centres de tenir une ligne de conduite claire. Qu&#8217;ils s&#8217;agissent des recherches men\u00e9es, des discours du Think Tank, des actions des \u00c9cociateurs ou des actions de terrain, l&#8217;\u00e9thique doit \u00eatre une pr\u00e9occupation de tous les instants pour l&#8217;ensemble de nos membres.<\/p>\n<hr>\n<p>* <span style=\"color: #800080;\">Le Conseil des Sages<\/span><\/p>\n<p>Le comit\u00e9 des Sages a une fonction diff\u00e9rente du Comit\u00e9 \u00c9thique. Il est constitu\u00e9 de personnalit\u00e9s ayant une approche du monde et de la vie qui va bien au-del\u00e0 de la consid\u00e9ration humaine, individuelle et personnelle. Leur r\u00f4le est d&#8217;\u00e9clairer les autres Membres de l&#8217;INN\u00c9 sur cette appr\u00e9hension universelle de la vie et de permettre \u00e0 chacun de travailler diff\u00e9remment au sein du collectif. Il s&#8217;agira donc pour eux de permettre \u00e0 chaque membre et \u00e0 l&#8217;INN\u00c9 comme unit\u00e9, de fonctionner sur un mod\u00e8le novateur dans son appr\u00e9hension des relations humaines et humaines avec le vivant, et l&#8217;universel.<\/p>\n<hr>\n","protected":false},"excerpt":{"rendered":"<p>L&#8217;apprentissage et l&#8217;application de la N\u00e9gociation \u00c9cologique ont recours \u00e0 un ensemble de qualit\u00e9s et de comp\u00e9tences &#8211; tant individuelles que collectives &#8211; qui ne peuvent s&#8217;acqu\u00e9rir qu&#8217;\u00e0 travers un travail collectif de partage et de co-cr\u00e9ation. Cette dimension vise \u00e0 la fois \u00e0 l&#8217;acquisition d&#8217;une sensibilisation aux cultures du monde (perception diff\u00e9renci\u00e9e de la [&hellip;]<\/p>\n","protected":false},"author":2,"featured_media":2305,"parent":0,"menu_order":0,"comment_status":"closed","ping_status":"closed","template":"","meta":[],"_links":{"self":[{"href":"https:\/\/negociation-ecologique.fr\/index.php\/wp-json\/wp\/v2\/pages\/140"}],"collection":[{"href":"https:\/\/negociation-ecologique.fr\/index.php\/wp-json\/wp\/v2\/pages"}],"about":[{"href":"https:\/\/negociation-ecologique.fr\/index.php\/wp-json\/wp\/v2\/types\/page"}],"author":[{"embeddable":true,"href":"https:\/\/negociation-ecologique.fr\/index.php\/wp-json\/wp\/v2\/users\/2"}],"replies":[{"embeddable":true,"href":"https:\/\/negociation-ecologique.fr\/index.php\/wp-json\/wp\/v2\/comments?post=140"}],"version-history":[{"count":26,"href":"https:\/\/negociation-ecologique.fr\/index.php\/wp-json\/wp\/v2\/pages\/140\/revisions"}],"predecessor-version":[{"id":2356,"href":"https:\/\/negociation-ecologique.fr\/index.php\/wp-json\/wp\/v2\/pages\/140\/revisions\/2356"}],"wp:featuredmedia":[{"embeddable":true,"href":"https:\/\/negociation-ecologique.fr\/index.php\/wp-json\/wp\/v2\/media\/2305"}],"wp:attachment":[{"href":"https:\/\/negociation-ecologique.fr\/index.php\/wp-json\/wp\/v2\/media?parent=140"}],"curies":[{"name":"wp","href":"https:\/\/api.w.org\/{rel}","templated":true}]}}