{"id":1502,"date":"2019-11-12T10:19:50","date_gmt":"2019-11-12T09:19:50","guid":{"rendered":"http:\/\/negociation-ecologique.fr\/?page_id=1502"},"modified":"2022-04-28T17:20:30","modified_gmt":"2022-04-28T15:20:30","slug":"listes-des-themes-dapplication","status":"publish","type":"page","link":"https:\/\/negociation-ecologique.fr\/index.php\/listes-des-themes-dapplication\/","title":{"rendered":"Listes des th\u00e8mes d&#8217;application"},"content":{"rendered":"\n<p>Travaux directement port\u00e9s sur <a href=\"http:\/\/negociation-ecologique.fr\/index.php\/la-negociation-ecologique\/\">la n\u00e9gociation \u00e9cologique<\/a><\/p>\n\n\n\n<p><strong>Le contenu transversal de la recherche men\u00e9e au sein de l&#8217;INN\u00c9 aborde entre autres, les th\u00e8mes suivants :<\/strong><\/p>\n\n\n\n<table class=\"wp-block-table\"><tbody><tr><td>&#8211; <a href=\"http:\/\/negociation-ecologique.fr\/index.php\/droit-global-et-negociation-ecologique\/\">Le droit global \/  Justice climatique \/ interg\u00e9n\u00e9rationnelle<\/a><\/td><\/tr><tr><td>&#8211; <a href=\"http:\/\/negociation-ecologique.fr\/index.php\/methodologie-des-relations-humains-nature\/\">La m\u00e9thodologie des relations Humain-Nature<\/a><\/td><\/tr><tr><td>&#8211;<a href=\"http:\/\/negociation-ecologique.fr\/index.php\/les-methodes-de-protection-integree-de-la-biodiversite\/\"> L&#8217;\u00e9cologie \/ protection int\u00e9gr\u00e9e de la biodiversit\u00e9 <\/a><\/td><\/tr><tr><td>&#8211; Les populations autochtones \/ Savoirs traditionnels \/ Spiritualit\u00e9<\/td><\/tr><tr><td><a href=\"http:\/\/negociation-ecologique.fr\/index.php\/integration-ecologique-des-entreprises-dans-les-pays-en-voie-de-developpement\/\">&#8211; L&#8217;int\u00e9gration \u00e9cologique des entreprises dans les PED ?<\/a><\/td><\/tr><tr><td><a href=\"http:\/\/negociation-ecologique.fr\/index.php\/projets-incidences-et-participation-publique\/\">&#8211; La participation du public \/ \u00e9valuation environnementale plans-projets<\/a><\/td><\/tr><tr><td><a href=\"http:\/\/negociation-ecologique.fr\/index.php\/reconstruction-du-territoire-par-leconomie-vivante\/\">&#8211; L&#8217;\u00e9conomie vivante des territoires <\/a><\/td><\/tr><tr><td>&#8211; L&#8217;\u00e9conomie circulaire <\/td><\/tr><tr><td>&#8211; Les \u00e9tudes d&#8217;impact social \/&nbsp;dynamiques de l&#8217;emploi<\/td><\/tr><tr><td>&#8211; L&#8217;adaptation \/ urbanisme n\u00e9goci\u00e9 \/ smart cities \/ mobilit\u00e9s<\/td><\/tr><tr><td>&#8211; Le genre \/ Respect des cycles du vivant \/ relations villes-campagnes<\/td><\/tr><tr><td>&#8211; L&#8217;\u00e9cologie relationnelle<\/td><\/tr><tr><td>&#8211; Information et Communication \u00e9cologique (l&#8217;art et les acteurs du terri-   toire)<\/td><\/tr><tr><td> &#8211; L&#8217;\u00c9thique et les Valeurs Universelles du Vivant <\/td><\/tr><tr><td><a href=\"http:\/\/negociation-ecologique.fr\/index.php\/les-modalites-juridiques-de-protection-de-lenvironnement-au-niveau-international-banques\/\">&#8211; Les modalit\u00e9s juridiques de protection de l\u2019environnement au niveau     international (banques)<\/a><\/td><\/tr><tr><td>&#8211; La finance \u00e9thique<\/td><\/tr><tr><td><a href=\"http:\/\/negociation-ecologique.fr\/index.php\/la-finance-climatique\/\">&#8211; La finance climatique<\/a> \/ finTech (finance innovation) \/blockchain \/ mon- naies alternatives\/ crowdfunding<\/td><\/tr><tr><td>&#8211; La Diplomatie environnementale \/ coop\u00e9ration internationale<\/td><\/tr><\/tbody><\/table>\n","protected":false},"excerpt":{"rendered":"<p>Travaux directement port\u00e9s sur la n\u00e9gociation \u00e9cologique Le contenu transversal de la recherche men\u00e9e au sein de l&#8217;INN\u00c9 aborde entre autres, les th\u00e8mes suivants : &#8211; Le droit global \/ Justice climatique \/ interg\u00e9n\u00e9rationnelle &#8211; La m\u00e9thodologie des relations Humain-Nature &#8211; L&#8217;\u00e9cologie \/ protection int\u00e9gr\u00e9e de la biodiversit\u00e9 &#8211; Les populations autochtones \/ Savoirs traditionnels [&hellip;]<\/p>\n","protected":false},"author":2,"featured_media":0,"parent":0,"menu_order":0,"comment_status":"closed","ping_status":"closed","template":"","meta":[],"_links":{"self":[{"href":"https:\/\/negociation-ecologique.fr\/index.php\/wp-json\/wp\/v2\/pages\/1502"}],"collection":[{"href":"https:\/\/negociation-ecologique.fr\/index.php\/wp-json\/wp\/v2\/pages"}],"about":[{"href":"https:\/\/negociation-ecologique.fr\/index.php\/wp-json\/wp\/v2\/types\/page"}],"author":[{"embeddable":true,"href":"https:\/\/negociation-ecologique.fr\/index.php\/wp-json\/wp\/v2\/users\/2"}],"replies":[{"embeddable":true,"href":"https:\/\/negociation-ecologique.fr\/index.php\/wp-json\/wp\/v2\/comments?post=1502"}],"version-history":[{"count":6,"href":"https:\/\/negociation-ecologique.fr\/index.php\/wp-json\/wp\/v2\/pages\/1502\/revisions"}],"predecessor-version":[{"id":1864,"href":"https:\/\/negociation-ecologique.fr\/index.php\/wp-json\/wp\/v2\/pages\/1502\/revisions\/1864"}],"wp:attachment":[{"href":"https:\/\/negociation-ecologique.fr\/index.php\/wp-json\/wp\/v2\/media?parent=1502"}],"curies":[{"name":"wp","href":"https:\/\/api.w.org\/{rel}","templated":true}]}}