{"id":1518,"date":"2019-11-15T17:51:54","date_gmt":"2019-11-15T16:51:54","guid":{"rendered":"http:\/\/negociation-ecologique.fr\/?page_id=1518"},"modified":"2026-03-26T18:42:11","modified_gmt":"2026-03-26T17:42:11","slug":"definition","status":"publish","type":"page","link":"https:\/\/negociation-ecologique.fr\/index.php\/definition\/","title":{"rendered":"Nos garanties"},"content":{"rendered":"\n<figure class=\"wp-block-image aligncenter size-full\"><img loading=\"lazy\" width=\"167\" height=\"166\" src=\"https:\/\/negociation-ecologique.fr\/wp-content\/uploads\/2026\/03\/Logo-INNE-simple.png\" alt=\"\" class=\"wp-image-2333\" srcset=\"https:\/\/negociation-ecologique.fr\/wp-content\/uploads\/2026\/03\/Logo-INNE-simple.png 167w, https:\/\/negociation-ecologique.fr\/wp-content\/uploads\/2026\/03\/Logo-INNE-simple-150x150.png 150w\" sizes=\"(max-width: 167px) 100vw, 167px\" \/><\/figure>\n\n\n\n<hr class=\"wp-block-separator has-alpha-channel-opacity\"\/>\n\n\n\n<h3 class=\"has-text-align-center has-text-color\" style=\"color:#6b0c2f\">La garantie d&#8217;un dialogue \u00e9thique<\/h3>\n\n\n\n<p>Notre garantie du dialogue \u00e9thique repose sur 4 Principes fondamentaux :<\/p>\n\n\n\n<ul><li><a href=\"#perspectivisme\">Le perspectivisme<\/a> (regards interculturels et pluridisciplinaires, experts et profanes, scientifiques et sensibles)<\/li><li><a href=\"#vision\">La vision \u00e9cocentr\u00e9e<\/a><\/li><li><a href=\"#competence\">Un cadre de dialogue professionnel<\/a><\/li><li><a href=\"#charte\">Le respect de la Charte de l&#8217;INNE<\/a><\/li><\/ul>\n\n\n\n<hr class=\"wp-block-separator has-alpha-channel-opacity\"\/>\n\n\n\n<h6 class=\"has-text-align-center has-text-color\" id=\"perspectivisme\" style=\"color:#621c35;font-style:normal;font-weight:300;text-transform:uppercase\">la garantie du perspectivisme<\/h6>\n\n\n\n<p class=\"has-text-align-center\">L&#8217;inn\u00e9 structure des regards crois\u00e9s (perspectivisme) reposant sur 7 centres :<\/p>\n\n\n\n<figure class=\"wp-block-image aligncenter size-full is-resized\"><a href=\"https:\/\/negociation-ecologique.fr\/index.php\/les-7-centres\/\"><img loading=\"lazy\" src=\"http:\/\/negociation-ecologique.fr\/wp-content\/uploads\/2026\/03\/Capture-decran-738-1.png\" alt=\"\" class=\"wp-image-2305\" width=\"186\" height=\"242\" srcset=\"https:\/\/negociation-ecologique.fr\/wp-content\/uploads\/2026\/03\/Capture-decran-738-1.png 471w, https:\/\/negociation-ecologique.fr\/wp-content\/uploads\/2026\/03\/Capture-decran-738-1-231x300.png 231w\" sizes=\"(max-width: 186px) 100vw, 186px\" \/><\/a><\/figure>\n\n\n\n<hr class=\"wp-block-separator has-alpha-channel-opacity\"\/>\n\n\n\n<h6 class=\"has-text-align-center has-text-color\" id=\"vision\" style=\"color:#6b0c2f;font-style:normal;font-weight:300\">la garantie d&#8217;une vision \u00e9cocentr\u00e9e<\/h6>\n\n\n\n<h6 class=\"has-text-align-center has-text-color\" style=\"color:#6b0c2f;font-style:normal;font-weight:300;text-transform:capitalize\">L\u2019Inn\u00e9 structure de Nouvelles Instances de Dialogues (NIDs)<\/h6>\n\n\n\n<p>Les Nouvelles Instances de Dialogue (NID) peuvent favoriser un changement de paradigme dans les relations entre les humains et le vivant en \u00e9tablissant un nouveau cadre de dialogue et de m\u00e9diation fond\u00e9 sur le dialogue \u00e9cocentr\u00e9 (qui prend soin de consid\u00e9rer l&#8217;humanit\u00e9 dans le respect des limites de son milieu, de son environnement).<\/p>\n\n\n\n<ul><li><strong>Acceptation d\u2019un nouveau dialogue:<\/strong> La cr\u00e9ation de NID implique d\u2019abord que nous acceptions de dialoguer avec le vivant, ce qui exige de sortir des cadres \u00e9conomiques et administratifs habituels et de s\u2019ouvrir \u00e0 des cycles de dialogue \u201chors du temps\u201d, \u00e9volutifs et it\u00e9ratifs.<\/li><li><strong>R\u00f4le de la m\u00e9diation et des \u00e9cociateurs:<\/strong> Les NID s\u2019appuient sur des m\u00e9diateurs professionnels et des \u00e9cociateurs (m\u00e9diateurs professionnels form\u00e9s au dialogue humains &#8211; non-humain) qui cr\u00e9ent un espace s\u00e9curis\u00e9 o\u00f9 l\u2019\u00e9coute du vivant dans toute sa complexit\u00e9 est primordiale.<\/li><li><strong>Ouverture \u00e0 de nouvelles informations:<\/strong> Ce processus implique de prendre en compte des donn\u00e9es et informations \u00e0 la fois scientifiques et sensibles, ce qui provoque un changement de paradigme en ouvrant le dialogue entre l\u2019humain et le non-humain.<\/li><li><strong>Changement de paradigme:<\/strong> Ce changement de paradigme est favoris\u00e9 par la capacit\u00e9 des m\u00e9diateurs et des \u00e9cociateurs \u00e0 faire le lien entre les mondes humain et non-humain en mettant en dialogue diff\u00e9rents niveaux d\u2019informations, de sensibilit\u00e9s et de perceptions du vivant du local au global.<\/li><\/ul>\n\n\n\n<p>En r\u00e9sum\u00e9, les NID, gr\u00e2ce \u00e0 leur structure et \u00e0 l\u2019intervention de m\u00e9diatrices et des m\u00e9diateurs professionnels form\u00e9s, permettent de d\u00e9passer les limitations des dialogues traditionnels et d\u2019int\u00e9grer la complexit\u00e9 du vivant dans la prise de d\u00e9cision, changeant ainsi la nature m\u00eame des relations entre les humains et le reste du vivant.<\/p>\n\n\n\n<hr class=\"wp-block-separator has-alpha-channel-opacity\"\/>\n\n\n\n<h6 class=\"has-text-align-center has-text-color\" id=\"competence\" style=\"color:#722252;font-style:normal;font-weight:300\">la garantie d&#8217;une comp\u00e9tence professionnelle<\/h6>\n\n\n\n<p>L&#8217;Institut International pour la N\u00e9gociation \u00c9cologique a lanc\u00e9 un Appel aupr\u00e8s de la communaut\u00e9 mondiale des m\u00e9diateurs du monde pour coconstruire un travail collectif : r\u00e9diger ensemble les Principes \u00e9thiques d&#8217;une m\u00e9diation respectueuse des Droits Humains et des Droits de la Nature : <a href=\"https:\/\/negociation-ecologique.fr\/index.php\/2025\/03\/14\/l-appel-d-angers\/\">L&#8217;Appel d&#8217;Angers<\/a><\/p>\n\n\n\n<figure class=\"wp-block-image aligncenter size-full is-resized\"><a href=\"https:\/\/negociation-ecologique.fr\/index.php\/2025\/03\/14\/l-appel-d-angers\/\"><img loading=\"lazy\" src=\"http:\/\/negociation-ecologique.fr\/wp-content\/uploads\/2026\/03\/Capture-decran-712.png\" alt=\"\" class=\"wp-image-2169\" width=\"232\" height=\"200\" srcset=\"https:\/\/negociation-ecologique.fr\/wp-content\/uploads\/2026\/03\/Capture-decran-712.png 771w, https:\/\/negociation-ecologique.fr\/wp-content\/uploads\/2026\/03\/Capture-decran-712-300x259.png 300w, https:\/\/negociation-ecologique.fr\/wp-content\/uploads\/2026\/03\/Capture-decran-712-768x663.png 768w\" sizes=\"(max-width: 232px) 100vw, 232px\" \/><\/a><\/figure>\n\n\n\n<hr class=\"wp-block-separator has-alpha-channel-opacity\"\/>\n\n\n\n<h6 class=\"has-text-align-center has-text-color\" id=\"charte\" style=\"color:#5c1f61\">La garantie du respect de la Charte de l\u2019inn\u00e9<\/h6>\n\n\n\n<figure class=\"wp-container-2 wp-block-gallery-1 wp-block-gallery has-nested-images columns-2 is-cropped\">\n<figure class=\"wp-block-image size-large\"><img loading=\"lazy\" width=\"667\" height=\"762\" data-id=\"2012\"  src=\"http:\/\/negociation-ecologique.fr\/wp-content\/uploads\/2022\/11\/Capture-decran-2022-11-07-a-12.46.13.png\" alt=\"\" class=\"wp-image-2012\" srcset=\"https:\/\/negociation-ecologique.fr\/wp-content\/uploads\/2022\/11\/Capture-decran-2022-11-07-a-12.46.13.png 667w, https:\/\/negociation-ecologique.fr\/wp-content\/uploads\/2022\/11\/Capture-decran-2022-11-07-a-12.46.13-263x300.png 263w\" sizes=\"(max-width: 667px) 100vw, 667px\" \/><\/figure>\n\n\n\n<figure class=\"wp-block-image size-large\"><img loading=\"lazy\" width=\"643\" height=\"760\" data-id=\"2015\"  src=\"http:\/\/negociation-ecologique.fr\/wp-content\/uploads\/2022\/11\/Capture-decran-2022-11-07-a-12.46.59.png\" alt=\"\" class=\"wp-image-2015\" srcset=\"https:\/\/negociation-ecologique.fr\/wp-content\/uploads\/2022\/11\/Capture-decran-2022-11-07-a-12.46.59.png 643w, https:\/\/negociation-ecologique.fr\/wp-content\/uploads\/2022\/11\/Capture-decran-2022-11-07-a-12.46.59-254x300.png 254w\" sizes=\"(max-width: 643px) 100vw, 643px\" \/><\/figure>\n\n\n\n<figure class=\"wp-block-image size-large\"><img loading=\"lazy\" width=\"702\" height=\"758\" data-id=\"2016\"  src=\"http:\/\/negociation-ecologique.fr\/wp-content\/uploads\/2022\/11\/Capture-decran-2022-11-07-a-12.47.15.png\" alt=\"\" class=\"wp-image-2016\" srcset=\"https:\/\/negociation-ecologique.fr\/wp-content\/uploads\/2022\/11\/Capture-decran-2022-11-07-a-12.47.15.png 702w, https:\/\/negociation-ecologique.fr\/wp-content\/uploads\/2022\/11\/Capture-decran-2022-11-07-a-12.47.15-278x300.png 278w\" sizes=\"(max-width: 702px) 100vw, 702px\" \/><\/figure>\n\n\n\n<figure class=\"wp-block-image size-large\"><img loading=\"lazy\" width=\"658\" height=\"758\" data-id=\"2017\"  src=\"http:\/\/negociation-ecologique.fr\/wp-content\/uploads\/2022\/11\/Capture-decran-2022-11-07-a-12.47.28.png\" alt=\"\" class=\"wp-image-2017\" srcset=\"https:\/\/negociation-ecologique.fr\/wp-content\/uploads\/2022\/11\/Capture-decran-2022-11-07-a-12.47.28.png 658w, https:\/\/negociation-ecologique.fr\/wp-content\/uploads\/2022\/11\/Capture-decran-2022-11-07-a-12.47.28-260x300.png 260w\" sizes=\"(max-width: 658px) 100vw, 658px\" \/><\/figure>\n<\/figure>\n\n\n\n<hr class=\"wp-block-separator has-alpha-channel-opacity\"\/>\n\n\n\n<h5 class=\"has-text-align-center has-text-color\" style=\"color:#6b0c2f\">Comprendre La N\u00e9gociation \u00e9cologique<\/h5>\n\n\n\n<p class=\"has-text-color\" style=\"color:#651a41\"><em><a href=\"#innovationjuridique\">une innovation juridique<\/a><\/em><\/p>\n\n\n\n<p class=\"has-text-color\" style=\"color:#651a41\"><em><a href=\"http:\/\/innovationecologique\">une innovation \u00e9cologique<\/a><\/em><\/p>\n\n\n\n<hr class=\"wp-block-separator has-alpha-channel-opacity\"\/>\n\n\n\n<h6 class=\"has-text-color\" id=\"innovationjuridique\" style=\"color:#6b0c2f\">une innovation juridique<\/h6>\n\n\n\n<p>Le droit de l&#8217;environnement est un droit pivot au sein duquel l&#8217;\u00eatre humain se pose la question de sa propre place au sein de la plan\u00e8te. Ce droit doit-il \u00eatre \u00e9cocentr\u00e9 (l&#8217;humain dans la nature) ou anthropocentr\u00e9 (le droit est fait par et pour les \u00eatres humains et l&#8217;environnement ; la nature est en dehors). La trajectoire juridique du droit occidental est anthropocentr\u00e9e, mais la plupart des autres cultures sont \u00e9cocentr\u00e9e. Comment faire communiquer ces deux mondes oppos\u00e9s \u00e0 l&#8217;heure de One Planet, One Health ? Pour y r\u00e9pondre, le principe de n\u00e9gociation \u00e9cologique s&#8217;applique dans la prise de conscience d&#8217;un droit global, dans la prise de conscience des sp\u00e9cificit\u00e9s locales, du d\u00e9cloisonnement des pens\u00e9es juridiques dans le respect des trajectoires culturelles en jeu. <\/p>\n\n\n\n<p>Pour r\u00e9pondre au d\u00e9fi que pose notre plan\u00e8te et l&#8217;extinction massive de la vie (biodiversit\u00e9 et humanit\u00e9), la n\u00e9gociation \u00e9cologique propose un changement radical dans la mani\u00e8re de prendre des d\u00e9cisions aussi bien internationales que locales. C&#8217;est, \u00e0 notre avis, la seule fa\u00e7on de travailler s\u00e9rieusement \u00e0 l&#8217;\u00e9quilibre conscient de la plan\u00e8te. <\/p>\n\n\n\n<blockquote class=\"wp-block-quote\"><p>Pour cela, la prise de d\u00e9cision doit se d\u00e9rouler en 3 \u00e9tapes, d&#8217;abord 1, en appliquant un mod\u00e8le de gouvernance compos\u00e9 d&#8217;au moins 7 angles de vue alliant local et global, 2 en appliquant des outils et m\u00e9thodes de dialogue approfondi, interculturel, interdisciplinaire, international etc. et 3, en formalisant un processus de validation et de suivi des engagements fondateurs de cette n\u00e9gociation \u00e9cologique.<\/p><\/blockquote>\n\n\n\n<p>La n\u00e9gociation \u00e9cologique r\u00e9orchestre nos modes de prises de d\u00e9cisions de la pyramide vers le r\u00e9seau, elle d\u00e9cloisonne les enjeux \u00e9cologiques locaux pour obtenir des appuis internationaux, qui offrent de la visibilit\u00e9 et permet l&#8217;expression et l&#8217;\u00e9coute des \u00eatres vuln\u00e9rables, communaut\u00e9s d&#8217;habitants et \u00e9l\u00e9ments de la nature (humain, non-humain) souvent ignor\u00e9s. Elle permet de rendre consciente au niveau global, une d\u00e9cision locale, et de lui offrir un cadre s\u00e9curisant structur\u00e9 dans une optique d&#8217;\u00e9thique, de droit, de recherche, d&#8217;\u00e9conomie, et de sagesse (<a href=\"https:\/\/negociation-ecologique.fr\/index.php\/2025\/03\/14\/l-appel-d-angers\/\">voir l&#8217;Appel d&#8217;Angers<\/a>). <\/p>\n\n\n\n<p>Cette vision int\u00e9grative est la seule \u00e0 permettre d&#8217;int\u00e9grer pleinement tous les \u00eatres (humains, non humains, pass\u00e9s et futurs) dans la prise de d\u00e9cision et de l&#8217;aborder du point de vue du lien, de la relation \u00e0 restaurer, cr\u00e9er ou co-construire, de pacification ( voir nos formations).<\/p>\n\n\n\n<hr class=\"wp-block-separator has-alpha-channel-opacity\"\/>\n\n\n\n<h6 class=\"has-text-color\" id=\"innovationecologique\" style=\"color:#6b0c2f\">une innovation \u00e9cologique<\/h6>\n\n\n\n<p>Le sens actuel du mouvement plan\u00e9taire d\u00e9connecte de plus en plus l&#8217;humain du vivant de par son alimentation, son rythme de travail, sa m\u00e9dication, la rupture des cycles chez les femmes, le non respect des pleines lunes chez les agriculteurs, l&#8217;oubli des saisons et des cycles de vie&#8230; L&#8217;humain moderne vit dans sa bulle \u00e9conomique et devient un \u00eatre &#8220;hors-sol&#8221;, d\u00e9connect\u00e9 du vivant et de sa nature profonde. Ce d\u00e9ni du vivant est masqu\u00e9 par son application constante \u00e0 vivre au rythme de l&#8217;\u00e9conomie (se lever t\u00f4t, manger vite, utiliser les transports, ne pas regarder l&#8217;heure&#8230;) au d\u00e9triment du rythme de la plan\u00e8te.<\/p>\n\n\n\n<p>Cette d\u00e9connexion provoque la d\u00e9r\u00e9gulation du rapport humain-ressources et permet aujourd&#8217;hui de constater que les limites plan\u00e9taires ont \u00e9t\u00e9 atteintes.<\/p>\n\n\n\n<p class=\"has-text-align-left\">Qu&#8217;apporte la N\u00e9gociation \u00c9cologique dans ce contexte?<\/p>\n\n\n\n<p>La N\u00e9gociation \u00c9cologique est un moyen puissant de reconnexion des humains avec le vivant qui s&#8217;appuie sur une m\u00e9thodologie et des outils innovants issus du monde de la m\u00e9diation, du dialogue et de l&#8217;\u00e9coute profonde (voir le P\u00f4le des Ecociateurs), permettant d&#8217;initier ce retour au vivant dans les instances cl\u00e9s du d\u00e9veloppement de notre soci\u00e9t\u00e9 mondialis\u00e9e : aussi bien au niveau local que global. Son originalit\u00e9 est port\u00e9e par l&#8217;importance attach\u00e9e au respect des valeurs universelles (<a href=\"https:\/\/negociation-ecologique.fr\/index.php\/la-charte\/\">voir notre Charte<\/a>) qui inclut les cultures et les savoirs traditionnels provenant de tous les continents dans les d\u00e9marches locales et globales impliquant la n\u00e9gociation \u00e9cologique. Cet ancrage dans la diversit\u00e9 du vivant par la transmission d&#8217;informations aussi bien scientifiques que sensibles devient une source primaire des bases \u00e0 respecter. <\/p>\n\n\n\n<p class=\"has-text-align-left\">Qu&#8217;apporte l&#8217;INN\u00c9 dans la mise en place de la N\u00e9gociation \u00c9cologique ?<\/p>\n\n\n\n<p>L&#8217;INN\u00c9 aide au d\u00e9veloppement continue de la n\u00e9gociation \u00e9cologique \u00e0 travers son centre de recherche et ses Groupes d&#8217;Actions locales dont les th\u00e9matiques et les retours d&#8217;exp\u00e9riences s&#8217;attachent \u00e0 ancrer la d\u00e9marche dans un approfondissement de la compr\u00e9hension des relations humains-Nature et dans l&#8217;accompagnement permanent \u00e0 la cr\u00e9ation de nouveaux outils et de nouvelles m\u00e9thodologies pour permettre l&#8217;application concr\u00e8te de cette forme de N\u00e9gociation.<\/p>\n\n\n\n<p>Le r\u00f4le de l&#8217;INN\u00c9<\/p>\n\n\n\n<p>L&#8217;INN\u00c9 est une structure compos\u00e9e de <a href=\"https:\/\/negociation-ecologique.fr\/index.php\/rd\/\">7 centres<\/a> interd\u00e9pendants qui relient les activit\u00e9s de terrain aux grandes prises de d\u00e9cisions internationales. <\/p>\n","protected":false},"excerpt":{"rendered":"<p>La garantie d&#8217;un dialogue \u00e9thique Notre garantie du dialogue \u00e9thique repose sur 4 Principes fondamentaux : Le perspectivisme (regards interculturels et pluridisciplinaires, experts et profanes, scientifiques et sensibles) La vision \u00e9cocentr\u00e9e Un cadre de dialogue professionnel Le respect de la Charte de l&#8217;INNE la garantie du perspectivisme L&#8217;inn\u00e9 structure des regards crois\u00e9s (perspectivisme) reposant sur [&hellip;]<\/p>\n","protected":false},"author":2,"featured_media":0,"parent":0,"menu_order":0,"comment_status":"closed","ping_status":"closed","template":"","meta":[],"_links":{"self":[{"href":"https:\/\/negociation-ecologique.fr\/index.php\/wp-json\/wp\/v2\/pages\/1518"}],"collection":[{"href":"https:\/\/negociation-ecologique.fr\/index.php\/wp-json\/wp\/v2\/pages"}],"about":[{"href":"https:\/\/negociation-ecologique.fr\/index.php\/wp-json\/wp\/v2\/types\/page"}],"author":[{"embeddable":true,"href":"https:\/\/negociation-ecologique.fr\/index.php\/wp-json\/wp\/v2\/users\/2"}],"replies":[{"embeddable":true,"href":"https:\/\/negociation-ecologique.fr\/index.php\/wp-json\/wp\/v2\/comments?post=1518"}],"version-history":[{"count":20,"href":"https:\/\/negociation-ecologique.fr\/index.php\/wp-json\/wp\/v2\/pages\/1518\/revisions"}],"predecessor-version":[{"id":2366,"href":"https:\/\/negociation-ecologique.fr\/index.php\/wp-json\/wp\/v2\/pages\/1518\/revisions\/2366"}],"wp:attachment":[{"href":"https:\/\/negociation-ecologique.fr\/index.php\/wp-json\/wp\/v2\/media?parent=1518"}],"curies":[{"name":"wp","href":"https:\/\/api.w.org\/{rel}","templated":true}]}}