{"id":1621,"date":"2020-02-03T09:06:06","date_gmt":"2020-02-03T08:06:06","guid":{"rendered":"http:\/\/negociation-ecologique.fr\/?page_id=1621"},"modified":"2020-02-03T09:06:41","modified_gmt":"2020-02-03T08:06:41","slug":"methodologie-des-relations-humains-nature","status":"publish","type":"page","link":"https:\/\/negociation-ecologique.fr\/index.php\/methodologie-des-relations-humains-nature\/","title":{"rendered":"M\u00e9thodologie des relations Humains-Nature"},"content":{"rendered":"\n<p>La relation entre les humains et la nature questionne les sciences humaines et sociales et les sciences de la nature en des termes diff\u00e9rents, \u00e0 partir de m\u00e9thodes et de donn\u00e9es diff\u00e9rentes, mais dans la perspective convergente d\u2019une meilleure compr\u00e9hension de leurs interactions et des enjeux auxquels elles doivent faire face. La question m\u00e9thodologique de la relation Homme-Nature porte, en th\u00e9orie comme en pratique, sur la capacit\u00e9 \u00e0 \u00ab travailler ensemble \u00bb. Scientifiques, praticiens, soci\u00e9t\u00e9 civile, tous visent un dialogue \u00e9clair\u00e9. Cette d\u00e9marche conduit les acteurs soci\u00e9taux, mais aussi les chercheurs scientifiques, \u00e0 s\u2019ouvrir \u00e0 des concepts et \u00e0 des m\u00e9thodes d\u2019analyse qui jusqu\u2019\u00e0 pr\u00e9sent leur \u00e9taient \u00e9trangers. Cette inflexion les invite \u00e0 une plus forte \u00ab empathie scientifique \u00bb. Il ne s\u2019agit pas de parler \u00e0 l\u2019autre, de devenir l\u2019autre ou de le comprendre, mais de se placer dans son champ cognitif, c\u2019est-\u00e0-dire dans son \u00ab univers \u00bb. La m\u00e9thodologie des relations Humains-Nature propose donc l\u2019\u00e9tablissement d\u2019un dialogue toujours plus efficace entre les sciences humaines et sociales et les sciences du vivant, entre les chercheurs et les acteurs de terrain, afin de construire des solutions pour l\u2019avenir.\u00a0<\/p>\n","protected":false},"excerpt":{"rendered":"<p>La relation entre les humains et la nature questionne les sciences humaines et sociales et les sciences de la nature en des termes diff\u00e9rents, \u00e0 partir de m\u00e9thodes et de donn\u00e9es diff\u00e9rentes, mais dans la perspective convergente d\u2019une meilleure compr\u00e9hension de leurs interactions et des enjeux auxquels elles doivent faire face. La question m\u00e9thodologique de [&hellip;]<\/p>\n","protected":false},"author":2,"featured_media":0,"parent":0,"menu_order":0,"comment_status":"closed","ping_status":"closed","template":"","meta":[],"_links":{"self":[{"href":"https:\/\/negociation-ecologique.fr\/index.php\/wp-json\/wp\/v2\/pages\/1621"}],"collection":[{"href":"https:\/\/negociation-ecologique.fr\/index.php\/wp-json\/wp\/v2\/pages"}],"about":[{"href":"https:\/\/negociation-ecologique.fr\/index.php\/wp-json\/wp\/v2\/types\/page"}],"author":[{"embeddable":true,"href":"https:\/\/negociation-ecologique.fr\/index.php\/wp-json\/wp\/v2\/users\/2"}],"replies":[{"embeddable":true,"href":"https:\/\/negociation-ecologique.fr\/index.php\/wp-json\/wp\/v2\/comments?post=1621"}],"version-history":[{"count":2,"href":"https:\/\/negociation-ecologique.fr\/index.php\/wp-json\/wp\/v2\/pages\/1621\/revisions"}],"predecessor-version":[{"id":1623,"href":"https:\/\/negociation-ecologique.fr\/index.php\/wp-json\/wp\/v2\/pages\/1621\/revisions\/1623"}],"wp:attachment":[{"href":"https:\/\/negociation-ecologique.fr\/index.php\/wp-json\/wp\/v2\/media?parent=1621"}],"curies":[{"name":"wp","href":"https:\/\/api.w.org\/{rel}","templated":true}]}}