{"id":1624,"date":"2020-02-03T09:07:20","date_gmt":"2020-02-03T08:07:20","guid":{"rendered":"http:\/\/negociation-ecologique.fr\/?page_id=1624"},"modified":"2020-02-03T09:07:21","modified_gmt":"2020-02-03T08:07:21","slug":"les-methodes-de-protection-integree-de-la-biodiversite","status":"publish","type":"page","link":"https:\/\/negociation-ecologique.fr\/index.php\/les-methodes-de-protection-integree-de-la-biodiversite\/","title":{"rendered":"Les m\u00e9thodes de protection int\u00e9gr\u00e9e de la biodiversit\u00e9"},"content":{"rendered":"\n<p>Dans le contexte de profusion et de confusion normative qui touche le droit de la biodiversit\u00e9, les m\u00e9thodes et outils juridiques traditionnels se voient d\u00e9pass\u00e9s par la complexit\u00e9 de l\u2019objet, comme du droit lui-m\u00eame. Face \u00e0 ce pluralisme juridique d\u00e9sordonn\u00e9, la m\u00e9thode de protection int\u00e9gr\u00e9e de la biodiversit\u00e9 constitue une voie indispensable pour accorder de la coh\u00e9rence, de l\u2019effectivit\u00e9 et de l\u2019efficacit\u00e9 \u00e0 ce droit de la biodiversit\u00e9 \u00e9parpill\u00e9. La Convention sur la diversit\u00e9 biologique, clef de voute du syst\u00e8me juridique de protection de la biodiversit\u00e9, malgr\u00e9 son caract\u00e8re int\u00e9gr\u00e9, n\u2019a pas r\u00e9ussi \u00e0 atteindre ce dessein. Le pr\u00e9sent travail tente de comprendre les causes profondes de cette inefficacit\u00e9 pour construire l\u2019\u00eatre et le devoir \u00eatre du droit de la biodiversit\u00e9 int\u00e9gr\u00e9e \u00e0 partir des \u00e9l\u00e9ments ontologiques constitutifs de son&nbsp;<em>essence&nbsp;<\/em>et de ceux qui ressortent de son&nbsp;<em>existence<\/em>. Dans une optique de gouvernance internationale, de coop\u00e9ration et de coordination des antagonismes juridiques, cette \u00e9bauche de syst\u00e8me constitue un portrait flexible et mouvant d\u2019un droit pluriel et complexe qui pour \u00eatre efficace se doit d\u2019\u00eatre harmonis\u00e9.<\/p>\n","protected":false},"excerpt":{"rendered":"<p>Dans le contexte de profusion et de confusion normative qui touche le droit de la biodiversit\u00e9, les m\u00e9thodes et outils juridiques traditionnels se voient d\u00e9pass\u00e9s par la complexit\u00e9 de l\u2019objet, comme du droit lui-m\u00eame. Face \u00e0 ce pluralisme juridique d\u00e9sordonn\u00e9, la m\u00e9thode de protection int\u00e9gr\u00e9e de la biodiversit\u00e9 constitue une voie indispensable pour accorder de [&hellip;]<\/p>\n","protected":false},"author":2,"featured_media":0,"parent":0,"menu_order":0,"comment_status":"closed","ping_status":"closed","template":"","meta":[],"_links":{"self":[{"href":"https:\/\/negociation-ecologique.fr\/index.php\/wp-json\/wp\/v2\/pages\/1624"}],"collection":[{"href":"https:\/\/negociation-ecologique.fr\/index.php\/wp-json\/wp\/v2\/pages"}],"about":[{"href":"https:\/\/negociation-ecologique.fr\/index.php\/wp-json\/wp\/v2\/types\/page"}],"author":[{"embeddable":true,"href":"https:\/\/negociation-ecologique.fr\/index.php\/wp-json\/wp\/v2\/users\/2"}],"replies":[{"embeddable":true,"href":"https:\/\/negociation-ecologique.fr\/index.php\/wp-json\/wp\/v2\/comments?post=1624"}],"version-history":[{"count":1,"href":"https:\/\/negociation-ecologique.fr\/index.php\/wp-json\/wp\/v2\/pages\/1624\/revisions"}],"predecessor-version":[{"id":1625,"href":"https:\/\/negociation-ecologique.fr\/index.php\/wp-json\/wp\/v2\/pages\/1624\/revisions\/1625"}],"wp:attachment":[{"href":"https:\/\/negociation-ecologique.fr\/index.php\/wp-json\/wp\/v2\/media?parent=1624"}],"curies":[{"name":"wp","href":"https:\/\/api.w.org\/{rel}","templated":true}]}}