{"id":1626,"date":"2020-02-03T09:07:54","date_gmt":"2020-02-03T08:07:54","guid":{"rendered":"http:\/\/negociation-ecologique.fr\/?page_id=1626"},"modified":"2020-02-03T09:07:54","modified_gmt":"2020-02-03T08:07:54","slug":"integration-ecologique-des-entreprises-dans-les-pays-en-voie-de-developpement","status":"publish","type":"page","link":"https:\/\/negociation-ecologique.fr\/index.php\/integration-ecologique-des-entreprises-dans-les-pays-en-voie-de-developpement\/","title":{"rendered":"Int\u00e9gration \u00e9cologique des entreprises dans les Pays en voie de d\u00e9veloppement"},"content":{"rendered":"\n<p>Les pays en voie de d\u00e9veloppement (PED) sont dot\u00e9s d\u2019immenses ressources naturelles n\u00e9cessaires au fonctionnement de l\u2019industrie mondiale. Ils constituent, pour les entreprises et particuli\u00e8rement les entreprises multinationales, un terrain propice pour l\u2019installation des cha\u00eenes de production et d\u2019exploitation des mati\u00e8res premi\u00e8res. Paradoxalement, ces pays sont \u00e9galement dot\u00e9s d\u2019un espace environnemental n\u00e9cessaire au maintien de l\u2019\u00e9quilibre \u00e9cologique mondial. Cependant, la puissance \u00e9conomique des entreprises multinationales et la fragilit\u00e9 structurelle des PED ne facilitent pas une conciliation \u00e9quilibr\u00e9e des int\u00e9r\u00eats souvent contradictoires. Les entreprises multinationales sont mues par une recherche de maximisation de la rentabilit\u00e9 \u00e9conomique. Elles ont pendant longtemps ignor\u00e9 les impacts n\u00e9gatifs de leurs activit\u00e9s sur l\u2019environnement. Les diff\u00e9rents scandales environnementaux, la rupture des \u00e9quilibres \u00e9cologiques av\u00e9r\u00e9e par les travaux des scientifiques conduisent \u00e0 une prise de conscience des opinions publiques et des Etats. Un mouvement mondial de responsabilisation des entreprises en mati\u00e8re \u00e9cologique connait un d\u00e9veloppement croissant. Cette prise de conscience collective combin\u00e9e avec les outils juridiques qui se d\u00e9veloppent ouvre la voie \u00e0 une n\u00e9gociation \u00e9cologique responsable. Les entreprises multinationales, dans les PED, sont invit\u00e9es ou incit\u00e9es, gr\u00e2ce aux pressions de certains Etats, des ONG, des associations de d\u00e9fense de l\u2019environnement et surtout de l\u2019opinion publique locale et internationale, \u00e0 int\u00e9grer les consid\u00e9rations \u00e9cologiques. Cette int\u00e9gration \u00e9cologique passe par la prise en compte des int\u00e9r\u00eats et des attentes des parties prenantes.<\/p>\n","protected":false},"excerpt":{"rendered":"<p>Les pays en voie de d\u00e9veloppement (PED) sont dot\u00e9s d\u2019immenses ressources naturelles n\u00e9cessaires au fonctionnement de l\u2019industrie mondiale. Ils constituent, pour les entreprises et particuli\u00e8rement les entreprises multinationales, un terrain propice pour l\u2019installation des cha\u00eenes de production et d\u2019exploitation des mati\u00e8res premi\u00e8res. Paradoxalement, ces pays sont \u00e9galement dot\u00e9s d\u2019un espace environnemental n\u00e9cessaire au maintien de [&hellip;]<\/p>\n","protected":false},"author":2,"featured_media":0,"parent":0,"menu_order":0,"comment_status":"closed","ping_status":"closed","template":"","meta":[],"_links":{"self":[{"href":"https:\/\/negociation-ecologique.fr\/index.php\/wp-json\/wp\/v2\/pages\/1626"}],"collection":[{"href":"https:\/\/negociation-ecologique.fr\/index.php\/wp-json\/wp\/v2\/pages"}],"about":[{"href":"https:\/\/negociation-ecologique.fr\/index.php\/wp-json\/wp\/v2\/types\/page"}],"author":[{"embeddable":true,"href":"https:\/\/negociation-ecologique.fr\/index.php\/wp-json\/wp\/v2\/users\/2"}],"replies":[{"embeddable":true,"href":"https:\/\/negociation-ecologique.fr\/index.php\/wp-json\/wp\/v2\/comments?post=1626"}],"version-history":[{"count":1,"href":"https:\/\/negociation-ecologique.fr\/index.php\/wp-json\/wp\/v2\/pages\/1626\/revisions"}],"predecessor-version":[{"id":1627,"href":"https:\/\/negociation-ecologique.fr\/index.php\/wp-json\/wp\/v2\/pages\/1626\/revisions\/1627"}],"wp:attachment":[{"href":"https:\/\/negociation-ecologique.fr\/index.php\/wp-json\/wp\/v2\/media?parent=1626"}],"curies":[{"name":"wp","href":"https:\/\/api.w.org\/{rel}","templated":true}]}}