{"id":1628,"date":"2020-02-03T09:08:24","date_gmt":"2020-02-03T08:08:24","guid":{"rendered":"http:\/\/negociation-ecologique.fr\/?page_id=1628"},"modified":"2020-02-03T09:08:25","modified_gmt":"2020-02-03T08:08:25","slug":"reconstruction-du-territoire-par-leconomie-vivante","status":"publish","type":"page","link":"https:\/\/negociation-ecologique.fr\/index.php\/reconstruction-du-territoire-par-leconomie-vivante\/","title":{"rendered":"Reconstruction du territoire par l\u2019\u00e9conomie vivante"},"content":{"rendered":"\n<p>Depuis le N\u00e9olithique, l\u2019\u00eatre humain s\u2019est d\u00e9velopp\u00e9 en b\u00e9n\u00e9ficiant du partage de la richesse des syst\u00e8mes vivants qui lui assurent sa s\u00e9curit\u00e9 et son bien-\u00eatre. Pourtant, l\u2019\u00e9conomie moderne s\u2019en est peu \u00e0 peu \u00e9loign\u00e9e et a privil\u00e9gi\u00e9 un autre syst\u00e8me technocratique \u00e0 finalit\u00e9 financi\u00e8re. Nous constatons simplement que nous sommes au bout de cette exp\u00e9rience, dans une impasse, car ce mod\u00e8le ne peut plus r\u00e9soudre les probl\u00e8mes qu\u2019il engendre.<\/p>\n\n\n\n<p>L\u2019\u00e9conomie vivante propose une autre piste par l\u2019association avec les syst\u00e8mes vivants :&nbsp;&nbsp;recommen\u00e7ons \u00e0 observer la Vie pour la comprendre, nous en inspirer, innover et surtout nous int\u00e9grer dans son fonctionnement. Les principes sont constants depuis des milliards d\u2019ann\u00e9es : coop\u00e9rer dans la diversit\u00e9 pour garantir la cr\u00e9ativit\u00e9, l\u2019efficacit\u00e9 et la capacit\u00e9 d\u2019adaptation. L\u2019objectif est bien \u00e9conomique : retrouver une nouvelle voie de cr\u00e9ation de valeurs.<\/p>\n","protected":false},"excerpt":{"rendered":"<p>Depuis le N\u00e9olithique, l\u2019\u00eatre humain s\u2019est d\u00e9velopp\u00e9 en b\u00e9n\u00e9ficiant du partage de la richesse des syst\u00e8mes vivants qui lui assurent sa s\u00e9curit\u00e9 et son bien-\u00eatre. Pourtant, l\u2019\u00e9conomie moderne s\u2019en est peu \u00e0 peu \u00e9loign\u00e9e et a privil\u00e9gi\u00e9 un autre syst\u00e8me technocratique \u00e0 finalit\u00e9 financi\u00e8re. Nous constatons simplement que nous sommes au bout de cette exp\u00e9rience, [&hellip;]<\/p>\n","protected":false},"author":2,"featured_media":0,"parent":0,"menu_order":0,"comment_status":"closed","ping_status":"closed","template":"","meta":[],"_links":{"self":[{"href":"https:\/\/negociation-ecologique.fr\/index.php\/wp-json\/wp\/v2\/pages\/1628"}],"collection":[{"href":"https:\/\/negociation-ecologique.fr\/index.php\/wp-json\/wp\/v2\/pages"}],"about":[{"href":"https:\/\/negociation-ecologique.fr\/index.php\/wp-json\/wp\/v2\/types\/page"}],"author":[{"embeddable":true,"href":"https:\/\/negociation-ecologique.fr\/index.php\/wp-json\/wp\/v2\/users\/2"}],"replies":[{"embeddable":true,"href":"https:\/\/negociation-ecologique.fr\/index.php\/wp-json\/wp\/v2\/comments?post=1628"}],"version-history":[{"count":1,"href":"https:\/\/negociation-ecologique.fr\/index.php\/wp-json\/wp\/v2\/pages\/1628\/revisions"}],"predecessor-version":[{"id":1629,"href":"https:\/\/negociation-ecologique.fr\/index.php\/wp-json\/wp\/v2\/pages\/1628\/revisions\/1629"}],"wp:attachment":[{"href":"https:\/\/negociation-ecologique.fr\/index.php\/wp-json\/wp\/v2\/media?parent=1628"}],"curies":[{"name":"wp","href":"https:\/\/api.w.org\/{rel}","templated":true}]}}