{"id":1632,"date":"2020-02-03T09:09:43","date_gmt":"2020-02-03T08:09:43","guid":{"rendered":"http:\/\/negociation-ecologique.fr\/?page_id=1632"},"modified":"2020-02-03T09:09:43","modified_gmt":"2020-02-03T08:09:43","slug":"la-finance-climatique","status":"publish","type":"page","link":"https:\/\/negociation-ecologique.fr\/index.php\/la-finance-climatique\/","title":{"rendered":"La finance climatique"},"content":{"rendered":"\n<p>Sur une p\u00e9riode beaucoup plus longue, le changement climatique semble naturel et l\u00e9gitime pour l\u2019humanit\u00e9. La terre a connu plusieurs changements climatiques de longue date dans le pass\u00e9. par exemple, la derni\u00e8re p\u00e9riode glaciaire a persist\u00e9 jusqu&#8217;\u00e0 il y a 10 000 ans (Monroe et Wicander, 2009, p. 358). Cependant, la trajectoire sans pr\u00e9c\u00e9dent du changement climatique et du r\u00e9chauffement de la plan\u00e8te a suscit\u00e9 un souci universel d&#8217;initier des actions contre le changement climatique. Pour financer des actions d&#8217;att\u00e9nuation des \u00e9missions et r\u00e9duire ainsi le rythme du r\u00e9chauffement plan\u00e9taire, et aussi pour s&#8217;adapter \u00e0 l&#8217;\u00e9volution du climat, le financement de la lutte contre le changement climatique est fondamental. \u00abLe financement climatique vise \u00e0 r\u00e9duire les \u00e9missions et \u00e0 r\u00e9duire les puits de gaz \u00e0 effet de serre et \u00e0 r\u00e9duire la vuln\u00e9rabilit\u00e9 des syst\u00e8mes humains et \u00e9cologiques ainsi que le maintien et le renforcement de leur r\u00e9silience face aux impacts n\u00e9gatifs du changement climatique\u00bb (CCNUCC, 2014). Dans la mesure o\u00f9 une d\u00e9finition convenue au niveau international doit encore \u00eatre \u00e9labor\u00e9e, tout en analysant les flux mondiaux, la Climate Policy Initiative (CPI), une r\u00e9flexion de r\u00e9flexion bas\u00e9e \u00e0 Venise (2015), d\u00e9finit le financement climatique comme un \u00abflux de capitaux orient\u00e9 vers des interventions de d\u00e9veloppement \u00e0 faibles \u00e9missions de carbone et r\u00e9silientes au climat\u00bb. avec des avantages directs ou indirects en mati\u00e8re d\u2019att\u00e9nuation ou d\u2019adaptation en mati\u00e8re de gaz \u00e0 effet de serre \u00bb. De nombreux pays en d\u00e9veloppement \u00e9tant extr\u00eamement vuln\u00e9rables au changement climatique, le besoin de ressources financi\u00e8res est une caract\u00e9ristique commune.<\/p>\n\n\n\n<p>Pour aider \u00e0 s&#8217;adapter au changement climatique, les ressources doivent aller des pays les plus riches aux pays les plus pauvres (UNFCCC, 2007b; UNFPA-WEDO, 2009). Heller et Shukla (2003) ont fait valoir que le r\u00e9gime international du climat n&#8217;\u00e9tait pas efficace au d\u00e9but, car il ne fournissait pas d&#8217;incitations ni de moyens pour remplacer les pays en d\u00e9veloppement. Cependant, il a quelque peu chang\u00e9 au cours des derni\u00e8res ann\u00e9es gr\u00e2ce au d\u00e9veloppement de diff\u00e9rents m\u00e9canismes financiers par la CCNUCC avec le soutien d&#8217;autres organisations internationales. Un ensemble de m\u00e9canismes financiers a \u00e9t\u00e9 mis au point. par exemple, le Fonds pour l\u2019environnement mondial (FEM) sert de \u00abm\u00e9canisme financier\u00bb \u00e0 cinq conventions; et la dix-septi\u00e8me session de la Conf\u00e9rence des Parties (COP17) a d\u00e9sign\u00e9 le Fonds vert pour le climat (FVC) en tant qu\u2019entit\u00e9 charg\u00e9e de g\u00e9rer le m\u00e9canisme financier de la Convention. Sur l&#8217;avis de l&#8217;Organe subsidiaire de mise en \u0153uvre, la CdP supervise les fonctions des m\u00e9canismes financiers. Un engagement contraignant tel que le Protocole de Kyoto a \u00e9galement reconnu l\u2019importance du m\u00e9canisme financier pour lutter contre le changement climatique. Trois fonds sp\u00e9ciaux, en plus du Fonds vert pour le climat, sont g\u00e9r\u00e9s dans le cadre de la Convention. Le FEM assure le secr\u00e9tariat du Fonds sp\u00e9cial pour la lutte contre le changement climatique (SCCF) et du Fonds pour les pays les moins avanc\u00e9s (LDCF). La Convention et le Protocole de Kyoto constituent respectivement le secr\u00e9tariat du FCV et du Fonds pour l\u2019adaptation (FA).Le financement climatique a re\u00e7u une attention tardive et limit\u00e9e. Au d\u00e9but du XXIe si\u00e8cle, il n&#8217;existait pas de cadre global de financement pour le climat, par exemple l&#8217;accord conjoint des pays d\u00e9velopp\u00e9s et des pays en d\u00e9veloppement sur l&#8217;inclusion du financement priv\u00e9 par le biais des march\u00e9s du carbone (Stewart et al., 2009a; 2009b); Cependant, en r\u00e9duisant le changement climatique anthropique, le financement climatique \u00e9tait fondamental. Stewart et al. (2009a) ont mis l&#8217;accent sur la fourniture assur\u00e9e et l&#8217;utilisation appropri\u00e9e des ressources financi\u00e8res pour lutter contre l&#8217;att\u00e9nuation et l&#8217;adaptation, en particulier dans les pays en d\u00e9veloppement, et ont \u00e9galement observ\u00e9 un manque de confiance entre les pays en d\u00e9veloppement et les pays d\u00e9velopp\u00e9s. Il existe un \u00e9cart entre l&#8217;engagement et la performance des pays d\u00e9velopp\u00e9s, principalement pour le financement de l&#8217;att\u00e9nuation (Stewart et al., 2009b). Les experts ont pr\u00e9vu que, dans les accords internationaux sur le climat de l&#8217;apr\u00e8s-2012, le financement de la lutte contre le changement climatique jouerait un r\u00f4le essentiel et que des investissements substantiels \u00e0 grande \u00e9chelle seraient n\u00e9cessaires pour stabiliser le climat gr\u00e2ce \u00e0 une r\u00e9duction significative des \u00e9missions (Projet de Harvard sur les accords internationaux sur le climat, 2009). perceptible maintenant. Le financement de l&#8217;action contre le changement climatique a donc \u00e9t\u00e9 confront\u00e9 \u00e0 des probl\u00e8mes politiques en ce qui concerne la cr\u00e9ation de fonds, l&#8217;influence des activit\u00e9s du secteur priv\u00e9 et la force du cadre institutionnel; \u00e0 ce titre, une mesure de politique mixte est n\u00e9cessaire aux niveaux national et transfrontalier.<\/p>\n","protected":false},"excerpt":{"rendered":"<p>Sur une p\u00e9riode beaucoup plus longue, le changement climatique semble naturel et l\u00e9gitime pour l\u2019humanit\u00e9. La terre a connu plusieurs changements climatiques de longue date dans le pass\u00e9. par exemple, la derni\u00e8re p\u00e9riode glaciaire a persist\u00e9 jusqu&#8217;\u00e0 il y a 10 000 ans (Monroe et Wicander, 2009, p. 358). Cependant, la trajectoire sans pr\u00e9c\u00e9dent du [&hellip;]<\/p>\n","protected":false},"author":2,"featured_media":0,"parent":0,"menu_order":0,"comment_status":"closed","ping_status":"closed","template":"","meta":[],"_links":{"self":[{"href":"https:\/\/negociation-ecologique.fr\/index.php\/wp-json\/wp\/v2\/pages\/1632"}],"collection":[{"href":"https:\/\/negociation-ecologique.fr\/index.php\/wp-json\/wp\/v2\/pages"}],"about":[{"href":"https:\/\/negociation-ecologique.fr\/index.php\/wp-json\/wp\/v2\/types\/page"}],"author":[{"embeddable":true,"href":"https:\/\/negociation-ecologique.fr\/index.php\/wp-json\/wp\/v2\/users\/2"}],"replies":[{"embeddable":true,"href":"https:\/\/negociation-ecologique.fr\/index.php\/wp-json\/wp\/v2\/comments?post=1632"}],"version-history":[{"count":1,"href":"https:\/\/negociation-ecologique.fr\/index.php\/wp-json\/wp\/v2\/pages\/1632\/revisions"}],"predecessor-version":[{"id":1633,"href":"https:\/\/negociation-ecologique.fr\/index.php\/wp-json\/wp\/v2\/pages\/1632\/revisions\/1633"}],"wp:attachment":[{"href":"https:\/\/negociation-ecologique.fr\/index.php\/wp-json\/wp\/v2\/media?parent=1632"}],"curies":[{"name":"wp","href":"https:\/\/api.w.org\/{rel}","templated":true}]}}