{"id":1634,"date":"2020-02-03T09:11:18","date_gmt":"2020-02-03T08:11:18","guid":{"rendered":"http:\/\/negociation-ecologique.fr\/?page_id=1634"},"modified":"2020-02-03T09:11:18","modified_gmt":"2020-02-03T08:11:18","slug":"les-modalites-juridiques-de-protection-de-lenvironnement-au-niveau-international-banques","status":"publish","type":"page","link":"https:\/\/negociation-ecologique.fr\/index.php\/les-modalites-juridiques-de-protection-de-lenvironnement-au-niveau-international-banques\/","title":{"rendered":"Les modalit\u00e9s juridiques de protection de l\u2019environnement au niveau international (banques)"},"content":{"rendered":"\n<p>La protection de l&#8217;environnement constituant un d\u00e9fi majeur pour la communaut\u00e9 internationale, elle d\u00e9passe les fronti\u00e8res \u00e9tatiques et renvoie \u00e0 une&nbsp;<strong>vision globale<\/strong>&nbsp;de son encadrement juridique. Dans cette perspective, la probl\u00e9matique environnementale, incontournable dans bien des domaines, ne peut plus \u00eatre ignor\u00e9e notamment par l&#8217;aide publique au d\u00e9veloppement. Longtemps critiqu\u00e9es pour les politiques qu\u2019elles ont entreprises, les banques multilat\u00e9rales de d\u00e9veloppement (BMD) se sont empar\u00e9es de la question environnementale. Elles contribuent \u00e0 renouveler les modalit\u00e9s de la protection de l&#8217;environnement, intensifiant et diversifiant l&#8217;arsenal juridique international en y int\u00e9grant des m\u00e9canismes innovants tels que l&#8217;\u00e9valuation environnementale, la conditionnalit\u00e9 environnementale ou bien encore l&#8217;<em>accountability<\/em>. \u00c0 travers l\u2019observation des pratiques de la Banque mondiale et des banques r\u00e9gionales de d\u00e9veloppement, la recherche en appr\u00e9cie l&#8217;effectivit\u00e9 et montre l\u2019ambivalence des dispositifs, oscillant entre innovation normative et immaturit\u00e9 de la mise en \u0153uvre.<\/p>\n","protected":false},"excerpt":{"rendered":"<p>La protection de l&#8217;environnement constituant un d\u00e9fi majeur pour la communaut\u00e9 internationale, elle d\u00e9passe les fronti\u00e8res \u00e9tatiques et renvoie \u00e0 une&nbsp;vision globale&nbsp;de son encadrement juridique. Dans cette perspective, la probl\u00e9matique environnementale, incontournable dans bien des domaines, ne peut plus \u00eatre ignor\u00e9e notamment par l&#8217;aide publique au d\u00e9veloppement. Longtemps critiqu\u00e9es pour les politiques qu\u2019elles ont entreprises, [&hellip;]<\/p>\n","protected":false},"author":2,"featured_media":0,"parent":0,"menu_order":0,"comment_status":"closed","ping_status":"closed","template":"","meta":[],"_links":{"self":[{"href":"https:\/\/negociation-ecologique.fr\/index.php\/wp-json\/wp\/v2\/pages\/1634"}],"collection":[{"href":"https:\/\/negociation-ecologique.fr\/index.php\/wp-json\/wp\/v2\/pages"}],"about":[{"href":"https:\/\/negociation-ecologique.fr\/index.php\/wp-json\/wp\/v2\/types\/page"}],"author":[{"embeddable":true,"href":"https:\/\/negociation-ecologique.fr\/index.php\/wp-json\/wp\/v2\/users\/2"}],"replies":[{"embeddable":true,"href":"https:\/\/negociation-ecologique.fr\/index.php\/wp-json\/wp\/v2\/comments?post=1634"}],"version-history":[{"count":1,"href":"https:\/\/negociation-ecologique.fr\/index.php\/wp-json\/wp\/v2\/pages\/1634\/revisions"}],"predecessor-version":[{"id":1635,"href":"https:\/\/negociation-ecologique.fr\/index.php\/wp-json\/wp\/v2\/pages\/1634\/revisions\/1635"}],"wp:attachment":[{"href":"https:\/\/negociation-ecologique.fr\/index.php\/wp-json\/wp\/v2\/media?parent=1634"}],"curies":[{"name":"wp","href":"https:\/\/api.w.org\/{rel}","templated":true}]}}