{"id":1636,"date":"2020-02-03T09:13:51","date_gmt":"2020-02-03T08:13:51","guid":{"rendered":"http:\/\/negociation-ecologique.fr\/?page_id=1636"},"modified":"2020-02-03T09:13:52","modified_gmt":"2020-02-03T08:13:52","slug":"droit-global-et-negociation-ecologique","status":"publish","type":"page","link":"https:\/\/negociation-ecologique.fr\/index.php\/droit-global-et-negociation-ecologique\/","title":{"rendered":"Droit global et n\u00e9gociation \u00e9cologique"},"content":{"rendered":"\n<p>Alors que le droit se globalise, le monopole de l\u2019Etat en tant que gardien de l\u2019int\u00e9r\u00eat g\u00e9n\u00e9ral se voit concurrenc\u00e9 par la perception anglo-saxonne de l\u2019int\u00e9r\u00eat g\u00e9n\u00e9ral fond\u00e9e sur l\u2019agglom\u00e9ration des int\u00e9r\u00eats particuliers. Cette d\u00e9finition, dite utilitariste, semble parfaitement adapt\u00e9e aux besoins du march\u00e9 et semble, par cons\u00e9quent, pouvoir aboutir \u00e0 un d\u00e9veloppement sans limites des besoins de l\u2019humanit\u00e9. Pour autant, le droit global, fond\u00e9 sur la n\u00e9gociation entre acteurs, n\u2019est pas d\u00e9nu\u00e9 de limites. En effet, il semble que les limites de la plan\u00e8te et le changement climatique posent un cadre \u00e0 ces n\u00e9gociations, et soumettent finalement les Etats comme les entreprises \u00e0 respecter un \u00e9quilibre humain-nature. C\u2019est dans ce contexte de bouleversement global du droit et des puissances \u00e9tatiques et \u00e9conomiques qu\u2019\u00e9merge, selon nous, la n\u00e9gociation \u00e9cologique, en tant que cadre applicable au droit global. Une \u00e9volution du r\u00f4le du juge national, accompagn\u00e9e d\u2019une \u00e9volution de la conscience \u00e9cologique globale pousse \u00e0 accompagner les Etats \u00e0 mettre en place et respecter une justice sociale, \u00e9cologique et interg\u00e9n\u00e9rationnelle. La jurisprudence internationale r\u00e9cente ne manque alors pas de confirmer cette nouvelle appr\u00e9hension du r\u00f4le des Etats et des grands acteurs \u00e9conomiques<\/p>\n","protected":false},"excerpt":{"rendered":"<p>Alors que le droit se globalise, le monopole de l\u2019Etat en tant que gardien de l\u2019int\u00e9r\u00eat g\u00e9n\u00e9ral se voit concurrenc\u00e9 par la perception anglo-saxonne de l\u2019int\u00e9r\u00eat g\u00e9n\u00e9ral fond\u00e9e sur l\u2019agglom\u00e9ration des int\u00e9r\u00eats particuliers. Cette d\u00e9finition, dite utilitariste, semble parfaitement adapt\u00e9e aux besoins du march\u00e9 et semble, par cons\u00e9quent, pouvoir aboutir \u00e0 un d\u00e9veloppement sans limites [&hellip;]<\/p>\n","protected":false},"author":2,"featured_media":0,"parent":0,"menu_order":0,"comment_status":"closed","ping_status":"closed","template":"","meta":[],"_links":{"self":[{"href":"https:\/\/negociation-ecologique.fr\/index.php\/wp-json\/wp\/v2\/pages\/1636"}],"collection":[{"href":"https:\/\/negociation-ecologique.fr\/index.php\/wp-json\/wp\/v2\/pages"}],"about":[{"href":"https:\/\/negociation-ecologique.fr\/index.php\/wp-json\/wp\/v2\/types\/page"}],"author":[{"embeddable":true,"href":"https:\/\/negociation-ecologique.fr\/index.php\/wp-json\/wp\/v2\/users\/2"}],"replies":[{"embeddable":true,"href":"https:\/\/negociation-ecologique.fr\/index.php\/wp-json\/wp\/v2\/comments?post=1636"}],"version-history":[{"count":2,"href":"https:\/\/negociation-ecologique.fr\/index.php\/wp-json\/wp\/v2\/pages\/1636\/revisions"}],"predecessor-version":[{"id":1642,"href":"https:\/\/negociation-ecologique.fr\/index.php\/wp-json\/wp\/v2\/pages\/1636\/revisions\/1642"}],"wp:attachment":[{"href":"https:\/\/negociation-ecologique.fr\/index.php\/wp-json\/wp\/v2\/media?parent=1636"}],"curies":[{"name":"wp","href":"https:\/\/api.w.org\/{rel}","templated":true}]}}