{"id":185,"date":"2018-12-20T15:21:42","date_gmt":"2018-12-20T14:21:42","guid":{"rendered":"http:\/\/negociation-ecologique.fr\/?page_id=185"},"modified":"2020-02-03T10:00:45","modified_gmt":"2020-02-03T09:00:45","slug":"bibliography","status":"publish","type":"page","link":"https:\/\/negociation-ecologique.fr\/index.php\/rd\/bibliography\/","title":{"rendered":"Bibliographie"},"content":{"rendered":"<p><span style=\"color: #ffcc00;\"><strong>Liste des publications qui aident \u00e0 comprendre et \u00e0 d\u00e9finir le contexte et les enjeux de la n\u00e9gociation \u00e9cologique<\/strong><\/span><\/p>\n<p><span style=\"color: #99cc00;\"><span style=\"color: #99cc00;\"><b>Comprendre les Relations Humains-Milieux comme objet de la n\u00e9gociation \u00e9cologique :<\/b><\/span><\/span><\/p>\n<p><em><strong>&#8220;Hommes-Milieux. Vers un croisement des savoirs pour une m\u00e9thodologie de l\u2019interdisciplinarit\u00e9&#8221;<\/strong><\/em>, A. Pomade (Dir.),\u00a0Pr\u00e9face St\u00e9phanie Thi\u00e9bault et Ad\u00e9lie Pomade, Presses Universitaires de Rennes, 2018.<\/p>\n<p><em>\u00ab\u00a0<strong>Hommes Milieux\u00a0: analyse m\u00e9thodologique<\/strong>\u00a0\u00bb<\/em>, In A. Pomade (Dir.),\u00a0 Hommes-Milieux. Vers un croisement des savoirs pour une m\u00e9thodologie de l\u2019interdisciplinarit\u00e9, Pr\u00e9face St\u00e9phanie Thi\u00e9bault, Presses Universitaires de Rennes, 2018.<\/p>\n<p><em>\u00ab\u00a0<strong>Gradient de juridicit\u00e9 et att\u00e9nuation de l\u2019impact des pratiques de p\u00eache sur les \u00e9cosyst\u00e8mes<\/strong>\u00a0\u00bb, Revue Interdisciplinaire de l\u2019environnement Vertigo, n\u00b0 sp\u00e9cial (\u00e0 para\u00eetre en 2019).<\/em><\/p>\n<p><strong>Les paiements pour services environnementaux contribuent-ils \u00e0 l\u2019\u00e9mergence d\u2019un \u00ab\u00a0gradient de juridicit\u00e9\u00a0\u00bb\u00a0?<\/strong>,\u00a0<em>Revue Vertigo<\/em>, 2016,\u00a0<a href=\"https:\/\/vertigo.revues.org\/17084\" target=\"_blank\" rel=\"noopener noreferrer\" data-saferedirecturl=\"https:\/\/www.google.com\/url?q=https:\/\/vertigo.revues.org\/17084&amp;source=gmail&amp;ust=1545470060797000&amp;usg=AFQjCNF8gBwUEOJ8aceZtWsS2IvwLeCONA\">https:\/\/vertigo.revues.<wbr \/>org\/17084<\/a><\/p>\n<p><strong><em>\u00ab\u00a0Le &#8220;terme d\u2019ajustement des conduites&#8221; : outil de dialogue et de justice environnementale pour les acteurs du changement climatique\u00a0<\/em>\u00bb<\/strong>,\u00a0<em>In<\/em>\u00a0Quel droit pour les changements climatiques? Repenser le droit, M. Torre-Schaub, C. Cournil, S. Lavorel, M. Moliner-Dubost (dir), Mare Martin, 2018, p. 319. et s.<\/p>\n<p><em><strong>&#8220;Oser le plurivers. Pour une globalisation interculturelle et responsable&#8221;<\/strong><\/em> :\u00a0<a href=\"http:\/\/bit.ly\/OserLePlurivers\" target=\"_blank\" rel=\"noopener noreferrer\" data-saferedirecturl=\"https:\/\/www.google.com\/url?q=http:\/\/bit.ly\/OserLePlurivers&amp;source=gmail&amp;ust=1580545294259000&amp;usg=AFQjCNHOR0AOtS4eh9SzyKEYv48C2TlXBg\">http:\/\/bit.ly\/<wbr \/>OserLePlurivers<\/a><\/p>\n<p><span style=\"color: #99cc00;\"><strong>Redynamiser les relations Humains-Milieux gr\u00e2ce \u00e0 la biodiversit\u00e9 locale :<\/strong><\/span><\/p>\n<p><em><strong>&#8220;La relance de la culture du bl\u00e9 en Corse&#8221;<\/strong><\/em>, Edwige Koziello, Revue d&#8217;Administration territoriale de l&#8217;Etat, Recherche, Innovation et Territoire, n\u00b0251, 2016, pp.137-139.<\/p>\n<div>Livres:<\/div>\n<div><\/div>\n<div><em><strong>&#8220;Traduire nos responsabilit\u00e9s plan\u00e9taires. Recomposer nos paysages juridiques&#8221;<\/strong> <\/em>:\u00a0<a href=\"http:\/\/bit.ly\/TraduireNosResponsabilit%C3%A9s\" target=\"_blank\" rel=\"noopener noreferrer\" data-saferedirecturl=\"https:\/\/www.google.com\/url?q=http:\/\/bit.ly\/TraduireNosResponsabilit%25C3%25A9s&amp;source=gmail&amp;ust=1580545294258000&amp;usg=AFQjCNHpvFpwE6fN6-0jEz4Lr6SD7K58FQ\">http:\/\/bit.ly\/<wbr \/>TraduireNosResponsabilit\u00e9s<\/a><\/div>\n<div><\/div>\n<div><em><strong>&#8220;Droit, gouvernance et d\u00e9veloppement durable&#8221;<\/strong> <\/em>:\u00a0<a href=\"http:\/\/bit.ly\/DroitGouvernanceD%C3%A9veloppement\" target=\"_blank\" rel=\"noopener noreferrer\" data-saferedirecturl=\"https:\/\/www.google.com\/url?q=http:\/\/bit.ly\/DroitGouvernanceD%25C3%25A9veloppement&amp;source=gmail&amp;ust=1580545294258000&amp;usg=AFQjCNFrrprM7hQH_IL6oW4ZVqGEAcHSMQ\">http:\/\/bit.ly\/<wbr \/>DroitGouvernanceD\u00e9veloppement<\/a><\/div>\n<div><\/div>\n<div><em><strong>&#8220;Le courage des alternatives&#8221;<\/strong> <\/em>:\u00a0<a href=\"http:\/\/bit.ly\/CourageAlternatives\" target=\"_blank\" rel=\"noopener noreferrer\" data-saferedirecturl=\"https:\/\/www.google.com\/url?q=http:\/\/bit.ly\/CourageAlternatives&amp;source=gmail&amp;ust=1580545294258000&amp;usg=AFQjCNE2y1ZXk_PJXXahG5toKbmkGJ7aIw\">http:\/\/bit.ly\/<wbr \/>CourageAlternatives<\/a><\/div>\n<div><\/div>\n<div><em><strong>&#8220;Land Law and Natural Resources Management. Afro-Indian Dialogues&#8221;<\/strong><\/em>\u00a0<a href=\"http:\/\/bit.ly\/AfroIndianDialogues\" target=\"_blank\" rel=\"noopener noreferrer\" data-saferedirecturl=\"https:\/\/www.google.com\/url?q=http:\/\/bit.ly\/AfroIndianDialogues&amp;source=gmail&amp;ust=1580545294259000&amp;usg=AFQjCNFe2i7WYMo76hAB9X1jtiDeicMVxQ\">http:\/\/bit.ly\/<wbr \/>AfroIndianDialogues<\/a><\/div>\n<div><\/div>\n<div><\/div>\n<div>Vid\u00e9os:<\/div>\n<div><\/div>\n<div><strong>Contemplating Nature<\/strong> &#8211; Ajay Rastogi (Foundation for Contemplation of Nature) : <span style=\"color: rgba(0, 0, 0, 0); font-family: Roboto, Noto, sans-serif;\"><a href=\"https:\/\/youtu.be\/VESnRdYSF3E\" target=\"_blank\" rel=\"noopener noreferrer\" data-saferedirecturl=\"https:\/\/www.google.com\/url?q=https:\/\/youtu.be\/VESnRdYSF3E&amp;source=gmail&amp;ust=1580545294259000&amp;usg=AFQjCNEd5vGb_R_smYDc8fOWMTA1wRakIQ\">https:\/\/youtu.be\/VESnRdYSF3E<\/a><\/span><\/div>\n<div><\/div>\n<div><strong>Modern Science and Traditional Knowledge<\/strong> &#8211; Darshan Shankar (Foundation for Revitalisation of Local Health Traditions) : <span style=\"color: rgba(0, 0, 0, 0); font-family: Roboto, Noto, sans-serif;\"><a href=\"https:\/\/youtu.be\/8PRpy85elVA\" target=\"_blank\" rel=\"noopener noreferrer\" data-saferedirecturl=\"https:\/\/www.google.com\/url?q=https:\/\/youtu.be\/8PRpy85elVA&amp;source=gmail&amp;ust=1580545294259000&amp;usg=AFQjCNGby1XFP7_-CxK0xKXUXwpsIEpXbg\">https:\/\/youtu.be\/8PRpy85elVA<\/a><\/span><\/div>\n<div><span style=\"color: rgba(0, 0, 0, 0); font-family: Roboto, Noto, sans-serif;\">\u00a0<\/span><\/div>\n<div><strong>Discovering Traditional Knowledge<\/strong> &#8211; Darshan Shankar: <span style=\"color: rgba(0, 0, 0, 0); font-family: Roboto, Noto, sans-serif;\"><a href=\"https:\/\/youtu.be\/BCbI01ZyMz4\" target=\"_blank\" rel=\"noopener noreferrer\" data-saferedirecturl=\"https:\/\/www.google.com\/url?q=https:\/\/youtu.be\/BCbI01ZyMz4&amp;source=gmail&amp;ust=1580545294259000&amp;usg=AFQjCNEPJH7CqBzIPMg3iM-qF32lZfGeyQ\">https:\/\/youtu.be\/BCbI01ZyMz4<\/a><\/span><\/div>\n<div><\/div>\n<div><strong>Philosophie et management<\/strong> &#8211; Laurent Ledoux: <span style=\"color: rgba(0, 0, 0, 0); font-family: Roboto, Noto, sans-serif;\"><a href=\"https:\/\/youtu.be\/fxT0xHdEVso\" target=\"_blank\" rel=\"noopener noreferrer\" data-saferedirecturl=\"https:\/\/www.google.com\/url?q=https:\/\/youtu.be\/fxT0xHdEVso&amp;source=gmail&amp;ust=1580545294259000&amp;usg=AFQjCNHOSm2qiZLKqQCiZXV7BBDQwB-McQ\">https:\/\/youtu.be\/fxT0xHdEVso<\/a><\/span><\/div>\n<div><\/div>\n<div><strong>La voie du dialogue interculturel<\/strong> &#8211; Robert Vachon: <span style=\"color: rgba(0, 0, 0, 0); font-family: Roboto, Noto, sans-serif;\"><a href=\"https:\/\/youtu.be\/4knSFLCxDc0\" target=\"_blank\" rel=\"noopener noreferrer\" data-saferedirecturl=\"https:\/\/www.google.com\/url?q=https:\/\/youtu.be\/4knSFLCxDc0&amp;source=gmail&amp;ust=1580545294259000&amp;usg=AFQjCNEax-25DQHXWMQjy7mQKncS9X110Q\">https:\/\/youtu.be\/4knSFLCxDc0<\/a><\/span><\/div>\n<div><\/div>\n<div><strong>Law, Globalisation and Intercultural Dialogue<\/strong> &#8211; <span class=\"il\">Christoph<\/span> Eberhard: <span style=\"color: rgba(0, 0, 0, 0); font-family: Roboto, Noto, sans-serif;\"><a href=\"https:\/\/youtu.be\/iqaISXlzIxo\" target=\"_blank\" rel=\"noopener noreferrer\" data-saferedirecturl=\"https:\/\/www.google.com\/url?q=https:\/\/youtu.be\/iqaISXlzIxo&amp;source=gmail&amp;ust=1580545294259000&amp;usg=AFQjCNH254o7lp7bJaZoElj_a-SpHeVBIg\">https:\/\/youtu.be\/iqaISXlzIxo<\/a><\/span><\/div>\n<div><\/div>\n<div><strong>Alt\u00e9rit\u00e9, interculturalit\u00e9 et dialogue<\/strong> &#8211; <span class=\"il\">Christoph<\/span> Eberhard: <span style=\"color: rgba(0, 0, 0, 0); font-family: Roboto, Noto, sans-serif;\"><a href=\"https:\/\/youtu.be\/OPpiTPviw5c\" target=\"_blank\" rel=\"noopener noreferrer\" data-saferedirecturl=\"https:\/\/www.google.com\/url?q=https:\/\/youtu.be\/OPpiTPviw5c&amp;source=gmail&amp;ust=1580545294259000&amp;usg=AFQjCNEecjE2f4iJQBbVcRDdZsz4P5EJjw\">https:\/\/youtu.be\/OPpiTPviw5c<\/a><\/span><\/div>\n<div><\/div>\n<div>Contempler la nature &#8211; <span class=\"il\">Christoph<\/span> Eberhard: <span style=\"color: rgba(0, 0, 0, 0); font-family: Roboto, Noto, sans-serif;\"><a href=\"https:\/\/youtu.be\/MPC3w5wMC1I\" target=\"_blank\" rel=\"noopener noreferrer\" data-saferedirecturl=\"https:\/\/www.google.com\/url?q=https:\/\/youtu.be\/MPC3w5wMC1I&amp;source=gmail&amp;ust=1580545294259000&amp;usg=AFQjCNEOZr4MqiUWpMQBxO6BZ92G9JXMWA\">https:\/\/youtu.be\/MPC3w5wMC1I<\/a><\/span><\/div>\n<p><span style=\"color: #99cc00;\"><strong>D\u00e9finir le cadre de la n\u00e9gociation \u00e9cologique :<\/strong><\/span><\/p>\n<p><em><strong>&#8220;La n\u00e9gociation \u00e9cologique dans l\u2019\u00e9mergence du droit global&#8221;<\/strong>, <\/em>S.Borderon-Carrez<em>,\u00a0<\/em> Civitas Europa, vol. 40, no. 1, 2018, pp. 219-236.<\/p>\n<p><strong><em>&#8220;La n\u00e9gociation \u00e9cologique en droit des \u00e9tudes d\u2019impact environnemental&#8221;<\/em><\/strong>, par S.Borderon-Carrez, th\u00e8se dirig\u00e9e par P.Steichen, soutenue le 6 avril 2017, Universit\u00e9 C\u00f4te d\u2019Azur, pp.451. <a href=\"http:\/\/www.theses.fr\/2017AZUR0003\">http:\/\/www.theses.fr\/2017AZUR0003<\/a><\/p>\n<p id=\"yui_patched_v3_11_0_1_1545387135804_659\"><strong><em>&#8220;Les n\u00e9gociations \u00e9cologiques globales : enjeux Nord-Sud&#8221;<\/em><\/strong>, A. Lipietz, In:\u00a0<em>Tiers-Monde<\/em>, tome 35, n\u00b0137, 1994. Apr\u00e8s le Sommet de la Terre : D\u00e9bats sur le d\u00e9veloppement durable, sous la direction de Jean Masini. pp. 31-51. DOI:\u00a0<a href=\"https:\/\/doi.org\/10.3406\/tiers.1994.4847\">https:\/\/doi.org\/10.3406\/tiers.1994.4847<\/a><\/p>\n<p><span style=\"color: #99cc00;\"><strong>Comprendre les Relations \u00e9cologiques entre pays d\u00e9velopp\u00e9s et pays en D\u00e9veloppement :<\/strong><\/span><\/p>\n<p><strong>&#8220;<\/strong><em><strong>Comparing the resources management law between developed and developing countries&#8221;<\/strong>, <\/em>S.Borderon<em>\u00a0<\/em>directed by Ken Palmer, University of Auckland, 2008, 58p.<\/p>\n<p><strong>&#8220;<em>The Differentiation between Industrial and Developing Countries within the WTO Rules and Environmental Law&#8221;<\/em>,<\/strong>\u00a0S.Borderon, directed by Jutta Brunnee, Unversity of Auckland, 2008, 54p.<\/p>\n<p><em><strong>&#8220;Protecting Developing countries\u2019 biodiversity with Intellectual Proprety Rights: Confronting TRIPs and the CBD&#8221;<\/strong>,<\/em>\u00a0S.Borderon, directed by Dorothee Donahue, University of Auckland, 2007, 50p.<\/p>\n<p><strong>&#8220;<em>Le traitement sp\u00e9cial et diff\u00e9renci\u00e9 des Pays En D\u00e9veloppement dans le cadre de l\u2019OMC&#8221;<\/em><\/strong>, S.Borderon, M\u00e9moire de M2 dirig\u00e9 par Ana Pero Llopis, 2006, 104p.<\/p>\n<p><span style=\"color: #99cc00;\"><strong>Analyser la place de la finance climatique dans le d\u00e9veloppement de la n\u00e9gociation \u00e9cologique :<\/strong><\/span><\/p>\n<p><em><strong>&#8220;Structural analogy in development and climate aid: the case of Bangladesh&#8221;<\/strong><\/em>,\u00a0Rahman SM. (Forthcoming).,Journal of Development Policy and Practice, Forthcoming (SAGE)<\/p>\n<p><em><strong>&#8220;From strategy to execution: the case of local climate fund in Bangladesh&#8221;<\/strong><\/em>, Rahman SM, Ahmad MM &amp; Alam MS. (2016), Journal of Environmental Policy and Decision Making, 2(10),1-18. DOI: 10.1504\/IJEPDM.2016.080476 (Inderscience)<\/p>\n<p><em><strong>&#8220;Climate finance towards vulnerable countries: evidence from the Global Environment Facility (GEF)&#8221;<\/strong><\/em>, Rahman SM &amp; Ahmad MM. (2015), International Journal of Green Economics 9(2): 199-214. DOI: 10.1504\/IJGE.2015.075137 (Inderscience)<\/p>\n<p><em><strong>&#8220;Climate finance in the Greater Mekong Sub region (GMS). Development in Practice&#8221;<\/strong><\/em>,\u00a0Rahman SM &amp; Ahmad MM. (2014). 24(8): 960-974. DOI: 10.1080\/09614524.2014.965131<\/p>\n<p><span style=\"color: #99cc00;\"><strong>Corriger les d\u00e9s\u00e9quilibres pour instaurer la n\u00e9gociation \u00e9cologique :<\/strong><\/span><\/p>\n<p><em><strong>&#8220;The size of national delegation and the need for attendance regulation at climate conferences&#8221;,<\/strong><\/em>\u00a0Rahman SM &amp; Ahmad MM. (2016), \u00d6kologisches Wirtschaften (Ecological Economics) 31(1): 12-13. DOI: 10.14512\/OEW310112 (Oekom Verlag, Germany)<\/p>\n<p><em><strong>&#8220;Perception of local experts about accessibility to international climate funds: case of Bangladesh&#8221;<\/strong><\/em>,\u00a0Rahman SM &amp; Ahmad MM. (2016), Journal of Developing Areas 50(3): 53-67. DOI: 10.1353\/jda.2016.0110 (Johns Hopkins University Press)<\/p>\n<p><span style=\"color: #99cc00;\"><strong>Appr\u00e9hender le r\u00f4le de la n\u00e9gociation \u00e9cologique en p\u00e9riode de conflits :<\/strong><\/span><\/p>\n<p><em>\u00ab\u00a0<\/em><em><strong>S\u00e9curit\u00e9s humaine, animale et v\u00e9g\u00e9tale : la bios\u00e9curit\u00e9 en for\u00eat amazonienne<\/strong><\/em><em>\u00a0\u00bb, In S\u00e9curit\u00e9 et environnement, C.Cournil, C. Fabregoule et N. Clinchamps (dir.), Larcier-Bruylant, Collection d\u00e9veloppement durable, 2016.<\/em><\/p>\n<p><strong>&#8220;<em>La protection de l&#8217;environnement en temps de conflits arm\u00e9s&#8221;<\/em>,<\/strong>\u00a0S.Borderon, V.Linder<em>, <\/em> in Les menaces contre la paix et la s\u00e9curit\u00e9\u00a0 internationales : nouveaux d\u00e9fis et nouveaux enjeux, IREDIES n\u00b01, Paris, 2010, pp.185 &#8211; 204. URL\u00a0: <a href=\"https:\/\/www.univ-paris1.fr\/fileadmin\/IREDIES\/Projet_MARS\/MARS_Livre_blanc.pdf\">https:\/\/www.univ-paris1.fr\/fileadmin\/IREDIES\/Projet_MARS\/MARS_Livre_blanc.pdf<\/a><\/p>\n<p><strong>&#8220;<em>The Protection of the Environment in Time of Armed Conflicts: Its Implications in International Criminal Law&#8221;<\/em><\/strong>, S.Borderon, directed by Kevin J. Heller, University of Auckland, 2007, 56p.<\/p>\n<p><strong><span style=\"color: #99cc00;\">Impliquer les entreprises et le secteur priv\u00e9 dans la n\u00e9gociation \u00e9cologique:<\/span><\/strong><\/p>\n<p>\u00ab\u00a0<strong><em>Droits de l\u2019homme et responsabilit\u00e9 judiciaire des entreprises\u00a0: y a-t-il du nouveau\u00a0? Approche comparative de part et d\u2019autre de l\u2019Atlantique\u00a0?<\/em><\/strong>\u00a0\u00bb, L.Mavoungou, Colloque international<strong>, <\/strong>L\u2019entreprise socialement responsable\u00a0: Face \u00e0 la multiplication des zones fronti\u00e8res, organis\u00e9 par le Centre d\u2019\u00c9tudes en Droit \u00c9conomique et le Laboratoire interdisciplinaire de la responsabilit\u00e9 sociale des entreprises, Universit\u00e9 Laval, Qu\u00e9bec-Canada (2018).<\/p>\n<p>\u00ab\u00a0<strong><em>Les pouvoirs priv\u00e9s \u00e9conomiques \u00e0 l\u2019\u00e9preuve de la loi fran\u00e7aise sur le devoir de vigilance<\/em><\/strong>\u00a0\u00bb, L.Mavoungou, Journ\u00e9es de droit \u00e9conomique, Colloque\u00a0: Les pouvoirs priv\u00e9s \u00e9conomiques et l\u2019ordre public \u00e9conomique, organis\u00e9 par le Groupe de Recherche en Droit, Economie et Gestion (GREDEG), Universit\u00e9 C\u00f4te d\u2019azur, Nice (2018).<\/p>\n<p>\u00ab\u00a0<strong><em>L\u2019encadrement du risque environnemental par le droit<\/em><\/strong>\u00a0\u00bb, L.Mavoungou, Colloque le Droit \u00e0 la poursuite du risque, organis\u00e9 par les doctorants du GREDEG, Universit\u00e9 C\u00f4te d\u2019azur, Nice (2016).<\/p>\n<p><em><strong>&#8220;Factors affecting environmental performance: evidence from banking sector in Bangladesh&#8221;,<\/strong><\/em> Miah MD, Rahman SM &amp; Haque M. (2018). , International Journal of Financial Services Management, 9(1), 22-38. DOI: 10.1504\/IJFSM.2018.10011001 (Inderscience)<\/p>\n<p><em><strong>&#8220;Financing small and medium-sized enterprises (SMEs) in the context of climate change: review of global practices and lessons for Oman&#8221;,<\/strong><\/em>\u00a0 Rahman SM &amp; Begum MA. (2014), Journal of Management and Social Sciences 2(2); 102-113. (Redeemers University)<\/p>\n<p><strong>&#8220;<em>Le dispositif pr\u00e9ventif mis en place par la r\u00e9glementation applicable aux \u00e9tudes d&#8217;impact et l&#8217;\u00e9mergence d&#8217;une n\u00e9gociation \u00e9cologique&#8221;<\/em><\/strong>, S.Borderon, rapport dir. V.Godfrin, co-dir. P.Steichen,\u00a0 Ecole des Mines ParisTech, 2011, 48p.<\/p>\n<p><strong>&#8220;<em>De la responsabilit\u00e9 \u00e0 la responsabilisation \u00e9cologique des entreprises\u00a0: regard sur les \u00e9tudes d\u2019impact environnemental&#8221;<\/em><\/strong>, S.Borderon, rapport dir. V.Godfrin, co-dir. P.Steichen, Ecole des Mines-ParisTech, 2010, 59p.<\/p>\n<p><strong><em>&#8220;Companies strategies to decrease environmental impacts: The implementation of environmental impact assessments in French Law&#8221;<\/em><\/strong>, S.Borderon, V.Godfrin, in Companies on climate change, sous la direction de M.Cygler et C.Colard-Fabregoule, Warsaw School of Economics publisher, 2011, pp. 181-199.<\/p>\n","protected":false},"excerpt":{"rendered":"<p>Liste des publications qui aident \u00e0 comprendre et \u00e0 d\u00e9finir le contexte et les enjeux de la n\u00e9gociation \u00e9cologique Comprendre les Relations Humains-Milieux comme objet de la n\u00e9gociation \u00e9cologique : &#8220;Hommes-Milieux. Vers un croisement des savoirs pour une m\u00e9thodologie de l\u2019interdisciplinarit\u00e9&#8221;, A. Pomade (Dir.),\u00a0Pr\u00e9face St\u00e9phanie Thi\u00e9bault et Ad\u00e9lie Pomade, Presses Universitaires de Rennes, 2018. \u00ab\u00a0Hommes [&hellip;]<\/p>\n","protected":false},"author":2,"featured_media":0,"parent":31,"menu_order":4,"comment_status":"closed","ping_status":"closed","template":"","meta":[],"_links":{"self":[{"href":"https:\/\/negociation-ecologique.fr\/index.php\/wp-json\/wp\/v2\/pages\/185"}],"collection":[{"href":"https:\/\/negociation-ecologique.fr\/index.php\/wp-json\/wp\/v2\/pages"}],"about":[{"href":"https:\/\/negociation-ecologique.fr\/index.php\/wp-json\/wp\/v2\/types\/page"}],"author":[{"embeddable":true,"href":"https:\/\/negociation-ecologique.fr\/index.php\/wp-json\/wp\/v2\/users\/2"}],"replies":[{"embeddable":true,"href":"https:\/\/negociation-ecologique.fr\/index.php\/wp-json\/wp\/v2\/comments?post=185"}],"version-history":[{"count":15,"href":"https:\/\/negociation-ecologique.fr\/index.php\/wp-json\/wp\/v2\/pages\/185\/revisions"}],"predecessor-version":[{"id":1641,"href":"https:\/\/negociation-ecologique.fr\/index.php\/wp-json\/wp\/v2\/pages\/185\/revisions\/1641"}],"up":[{"embeddable":true,"href":"https:\/\/negociation-ecologique.fr\/index.php\/wp-json\/wp\/v2\/pages\/31"}],"wp:attachment":[{"href":"https:\/\/negociation-ecologique.fr\/index.php\/wp-json\/wp\/v2\/media?parent=185"}],"curies":[{"name":"wp","href":"https:\/\/api.w.org\/{rel}","templated":true}]}}