{"id":1861,"date":"2022-04-28T17:18:51","date_gmt":"2022-04-28T15:18:51","guid":{"rendered":"http:\/\/negociation-ecologique.fr\/?page_id=1861"},"modified":"2022-04-28T17:18:51","modified_gmt":"2022-04-28T15:18:51","slug":"la-negociation-ecologique","status":"publish","type":"page","link":"https:\/\/negociation-ecologique.fr\/index.php\/la-negociation-ecologique\/","title":{"rendered":"La n\u00e9gociation \u00e9cologique"},"content":{"rendered":"\n<p>Le droit de l&#8217;environnement est un droit pivot au sein duquel l&#8217;\u00eatre humain se pose la question de sa propre place au sein de la plan\u00e8te. Ce droit doit-il \u00eatre \u00e9cocentr\u00e9 (l&#8217;humain dans la nature) ou anthropocentr\u00e9 (le droit fait par et pour l&#8217;homme et l&#8217;environnement, la nature est en dehors d&#8217;elle). La trajectoire juridique du droit occidental est anthropocentrique, mais la plupart des autres cultures sont \u00e9cocentriques. Comment faire communiquer ces deux mondes oppos\u00e9s \u00e0 l&#8217;heure de One Planet, One Health ? Pour y r\u00e9pondre, le principe de n\u00e9gociation \u00e9cologique s&#8217;applique dans la prise de conscience d&#8217;un droit global, dans la prise de conscience des sp\u00e9cificit\u00e9s locales, du d\u00e9cloisonnement des pens\u00e9es juridiques dans le respect des trajectoires culturelles en jeu. Pour r\u00e9pondre au d\u00e9fi que pose notre plan\u00e8te et l&#8217;extinction massive de la vie (biodiversit\u00e9 et humanit\u00e9), la n\u00e9gociation \u00e9cologique propose un changement radical dans la mani\u00e8re de prendre des d\u00e9cisions aussi bien internationales que locales. C&#8217;est, \u00e0 notre avis, la seule fa\u00e7on de travailler s\u00e9rieusement \u00e0 l&#8217;\u00e9quilibre conscient de la plan\u00e8te. Pour cela, la prise de d\u00e9cision doit se d\u00e9rouler en 3 \u00e9tapes, d&#8217;abord 1, en appliquant un mod\u00e8le de gouvernance compos\u00e9 d&#8217;au moins 7 angles de vue alliant local et global, 2 en appliquant des outils et m\u00e9thodes de dialogue approfondi, interculturel, interdisciplinaire, international etc. et 3, en formalisant un processus de validation et de suivi des engagements fondateurs de cette n\u00e9gociation \u00e9cologique.<\/p>\n\n\n\n<p>La n\u00e9gociation \u00e9cologique interroge la place de l&#8217;Etat et redistribue le pouvoir de d\u00e9cision de la pyramide vers le r\u00e9seau, elle d\u00e9cloisonne les enjeux \u00e9cologiques locaux pour obtenir des appuis internationaux, qui offre de la visibilit\u00e9 et prot\u00e8ge les d\u00e9fenseurs de la nature souvent maltrait\u00e9s, elle permet de faire consciente d&#8217;une d\u00e9cision d\u00e9sormais prise dans une optique d&#8217;\u00e9thique, de droit, de recherche, d&#8217;\u00e9conomie, et de sagesse, cette vision int\u00e9grative est la seule \u00e0 permettre d&#8217;int\u00e9grer pleinement tous les \u00eatres (humains, non humains, pass\u00e9s et futurs) dans la prise de d\u00e9cision et de l&#8217;aborder du point de vue du lien, de la relation \u00e0 restaurer, cr\u00e9er ou co-construire, de pacification.<\/p>\n","protected":false},"excerpt":{"rendered":"<p>Le droit de l&#8217;environnement est un droit pivot au sein duquel l&#8217;\u00eatre humain se pose la question de sa propre place au sein de la plan\u00e8te. Ce droit doit-il \u00eatre \u00e9cocentr\u00e9 (l&#8217;humain dans la nature) ou anthropocentr\u00e9 (le droit fait par et pour l&#8217;homme et l&#8217;environnement, la nature est en dehors d&#8217;elle). La trajectoire juridique [&hellip;]<\/p>\n","protected":false},"author":2,"featured_media":0,"parent":0,"menu_order":0,"comment_status":"closed","ping_status":"closed","template":"","meta":[],"_links":{"self":[{"href":"https:\/\/negociation-ecologique.fr\/index.php\/wp-json\/wp\/v2\/pages\/1861"}],"collection":[{"href":"https:\/\/negociation-ecologique.fr\/index.php\/wp-json\/wp\/v2\/pages"}],"about":[{"href":"https:\/\/negociation-ecologique.fr\/index.php\/wp-json\/wp\/v2\/types\/page"}],"author":[{"embeddable":true,"href":"https:\/\/negociation-ecologique.fr\/index.php\/wp-json\/wp\/v2\/users\/2"}],"replies":[{"embeddable":true,"href":"https:\/\/negociation-ecologique.fr\/index.php\/wp-json\/wp\/v2\/comments?post=1861"}],"version-history":[{"count":1,"href":"https:\/\/negociation-ecologique.fr\/index.php\/wp-json\/wp\/v2\/pages\/1861\/revisions"}],"predecessor-version":[{"id":1862,"href":"https:\/\/negociation-ecologique.fr\/index.php\/wp-json\/wp\/v2\/pages\/1861\/revisions\/1862"}],"wp:attachment":[{"href":"https:\/\/negociation-ecologique.fr\/index.php\/wp-json\/wp\/v2\/media?parent=1861"}],"curies":[{"name":"wp","href":"https:\/\/api.w.org\/{rel}","templated":true}]}}