{"id":193,"date":"2018-12-20T16:55:11","date_gmt":"2018-12-20T15:55:11","guid":{"rendered":"http:\/\/negociation-ecologique.fr\/?page_id=193"},"modified":"2025-05-13T13:52:28","modified_gmt":"2025-05-13T11:52:28","slug":"la-charte","status":"publish","type":"page","link":"https:\/\/negociation-ecologique.fr\/index.php\/la-charte\/","title":{"rendered":"La Charte"},"content":{"rendered":"\n<figure class=\"wp-block-image aligncenter size-full is-resized\"><img loading=\"lazy\" src=\"http:\/\/negociation-ecologique.fr\/wp-content\/uploads\/2022\/10\/manuscrit.jpg\" alt=\"\" class=\"wp-image-1904\" width=\"500\" height=\"274\" srcset=\"https:\/\/negociation-ecologique.fr\/wp-content\/uploads\/2022\/10\/manuscrit.jpg 303w, https:\/\/negociation-ecologique.fr\/wp-content\/uploads\/2022\/10\/manuscrit-300x164.jpg 300w\" sizes=\"(max-width: 500px) 100vw, 500px\" \/><\/figure>\n\n\n\n<p><span style=\"color: #800080;\">La n\u00e9gociation \u00e9cologique<\/span> est une voie d&#8217;acc\u00e8s au dialogue fond\u00e9e sur l&#8217;application de valeurs universelles. Son objectif est de permettre la mise en place de r\u00e8gles favorisant la stabilit\u00e9, la paix et la relation harmonieuse des humains avec la Nature.<\/p>\n\n\n\n<p>Pour cela, les Membres de l&#8217;INN\u00c9 ont \u0153uvr\u00e9 collectivement, et s&#8217;ouvrant aux regards interculturels \u00e0 la d\u00e9finition de ces valeurs et \u00e0 leurs modalit\u00e9s op\u00e9rationnelles. L&#8217;ensemble des valeurs et des modalit\u00e9s ont donn\u00e9 naissance \u00e0 cette Charte Universelle pour la N\u00e9gociation \u00c9cologique :<\/p>\n\n\n\n<div class=\"wp-container-5 wp-elements-0cf3ab60a261f7883ba247733f3b7cca wp-block-group alignfull has-black-color has-text-color has-background has-link-color\" style=\"background:radial-gradient(rgb(255,206,236) 0%,rgb(152,150,240) 100%)\">\n<p><\/p>\n\n\n\n<div class=\"wp-container-4 wp-block-columns alignwide\">\n<div class=\"wp-container-3 wp-block-column\">\n<figure class=\"wp-container-2 wp-block-gallery-1 wp-block-gallery has-nested-images columns-2 is-cropped\">\n<figure class=\"wp-block-image size-large\"><img loading=\"lazy\" width=\"667\" height=\"762\" src=\"http:\/\/negociation-ecologique.fr\/wp-content\/uploads\/2022\/11\/Capture-decran-2022-11-07-a-12.46.13.png\" alt=\"\" class=\"wp-image-2012\" srcset=\"https:\/\/negociation-ecologique.fr\/wp-content\/uploads\/2022\/11\/Capture-decran-2022-11-07-a-12.46.13.png 667w, https:\/\/negociation-ecologique.fr\/wp-content\/uploads\/2022\/11\/Capture-decran-2022-11-07-a-12.46.13-263x300.png 263w\" sizes=\"(max-width: 667px) 100vw, 667px\" \/><\/figure>\n\n\n\n<figure class=\"wp-block-image size-large\"><img loading=\"lazy\" width=\"643\" height=\"760\" src=\"http:\/\/negociation-ecologique.fr\/wp-content\/uploads\/2022\/11\/Capture-decran-2022-11-07-a-12.46.59.png\" alt=\"\" class=\"wp-image-2015\" srcset=\"https:\/\/negociation-ecologique.fr\/wp-content\/uploads\/2022\/11\/Capture-decran-2022-11-07-a-12.46.59.png 643w, https:\/\/negociation-ecologique.fr\/wp-content\/uploads\/2022\/11\/Capture-decran-2022-11-07-a-12.46.59-254x300.png 254w\" sizes=\"(max-width: 643px) 100vw, 643px\" \/><\/figure>\n\n\n\n<figure class=\"wp-block-image size-large\"><img loading=\"lazy\" width=\"702\" height=\"758\" src=\"http:\/\/negociation-ecologique.fr\/wp-content\/uploads\/2022\/11\/Capture-decran-2022-11-07-a-12.47.15.png\" alt=\"\" class=\"wp-image-2016\" srcset=\"https:\/\/negociation-ecologique.fr\/wp-content\/uploads\/2022\/11\/Capture-decran-2022-11-07-a-12.47.15.png 702w, https:\/\/negociation-ecologique.fr\/wp-content\/uploads\/2022\/11\/Capture-decran-2022-11-07-a-12.47.15-278x300.png 278w\" sizes=\"(max-width: 702px) 100vw, 702px\" \/><\/figure>\n\n\n\n<figure class=\"wp-block-image size-large\"><img loading=\"lazy\" width=\"658\" height=\"758\" src=\"http:\/\/negociation-ecologique.fr\/wp-content\/uploads\/2022\/11\/Capture-decran-2022-11-07-a-12.47.28.png\" alt=\"\" class=\"wp-image-2017\" srcset=\"https:\/\/negociation-ecologique.fr\/wp-content\/uploads\/2022\/11\/Capture-decran-2022-11-07-a-12.47.28.png 658w, https:\/\/negociation-ecologique.fr\/wp-content\/uploads\/2022\/11\/Capture-decran-2022-11-07-a-12.47.28-260x300.png 260w\" sizes=\"(max-width: 658px) 100vw, 658px\" \/><\/figure>\n<\/figure>\n<\/div>\n<\/div>\n\n\n\n<div style=\"height:50px\" aria-hidden=\"true\" class=\"wp-block-spacer\"><\/div>\n<\/div>\n","protected":false},"excerpt":{"rendered":"<p>La n\u00e9gociation \u00e9cologique est une voie d&#8217;acc\u00e8s au dialogue fond\u00e9e sur l&#8217;application de valeurs universelles. Son objectif est de permettre la mise en place de r\u00e8gles favorisant la stabilit\u00e9, la paix et la relation harmonieuse des humains avec la Nature. Pour cela, les Membres de l&#8217;INN\u00c9 ont \u0153uvr\u00e9 collectivement, et s&#8217;ouvrant aux regards interculturels \u00e0 [&hellip;]<\/p>\n","protected":false},"author":2,"featured_media":0,"parent":0,"menu_order":0,"comment_status":"closed","ping_status":"closed","template":"","meta":[],"_links":{"self":[{"href":"https:\/\/negociation-ecologique.fr\/index.php\/wp-json\/wp\/v2\/pages\/193"}],"collection":[{"href":"https:\/\/negociation-ecologique.fr\/index.php\/wp-json\/wp\/v2\/pages"}],"about":[{"href":"https:\/\/negociation-ecologique.fr\/index.php\/wp-json\/wp\/v2\/types\/page"}],"author":[{"embeddable":true,"href":"https:\/\/negociation-ecologique.fr\/index.php\/wp-json\/wp\/v2\/users\/2"}],"replies":[{"embeddable":true,"href":"https:\/\/negociation-ecologique.fr\/index.php\/wp-json\/wp\/v2\/comments?post=193"}],"version-history":[{"count":22,"href":"https:\/\/negociation-ecologique.fr\/index.php\/wp-json\/wp\/v2\/pages\/193\/revisions"}],"predecessor-version":[{"id":2096,"href":"https:\/\/negociation-ecologique.fr\/index.php\/wp-json\/wp\/v2\/pages\/193\/revisions\/2096"}],"wp:attachment":[{"href":"https:\/\/negociation-ecologique.fr\/index.php\/wp-json\/wp\/v2\/media?parent=193"}],"curies":[{"name":"wp","href":"https:\/\/api.w.org\/{rel}","templated":true}]}}