{"id":47,"date":"2017-11-02T22:12:31","date_gmt":"2017-11-02T21:12:31","guid":{"rendered":"http:\/\/negociation-ecologique.fr\/?page_id=47"},"modified":"2020-11-03T16:33:19","modified_gmt":"2020-11-03T15:33:19","slug":"les-outils","status":"publish","type":"page","link":"https:\/\/negociation-ecologique.fr\/index.php\/les-outils\/","title":{"rendered":"Les outils innovants"},"content":{"rendered":"<p>Dans l&#8217;objectif de r\u00e9aliser un travail profond de restructuration du tissu \u00e9conomique et social en faveur d&#8217;une conversion \u00e9cologique, notre centre de recherche et nos 6 autres centres travaillent au d\u00e9veloppement d&#8217;outils in\u00e9dits de reconnexion avec la Nature et les cycles du vivant.<\/p>\n<p>Cette d\u00e9marche vise \u00e0 cr\u00e9er les conditions d&#8217;un d\u00e9passement de la d\u00e9fense d&#8217;un int\u00e9r\u00eat personnel (telle qu&#8217;apprise dans les \u00e9coles de commerce ou de plaidoirie), pour la cr\u00e9ation d&#8217;une v\u00e9ritable intelligence collective dans la prise de d\u00e9cision (entre humains et en lien avec son territoire).<\/p>\n<p>2 \u00e9tapes :<\/p>\n<p>1\u00b0) Comment d\u00e9passer l&#8217;interrelation et le rapport de force entre acteurs d&#8217;une n\u00e9gociation pour passer \u00e0 l&#8217;interconnexion de l&#8217;individu vers le collectif ?<\/p>\n<p>2\u00b0) Comment relier les humains aux besoins de leur territoire pour en ressentir et comprendre les limites et en respecter l&#8217;\u00e9volution ?<\/p>\n","protected":false},"excerpt":{"rendered":"<p>Dans l&#8217;objectif de r\u00e9aliser un travail profond de restructuration du tissu \u00e9conomique et social en faveur d&#8217;une conversion \u00e9cologique, notre centre de recherche et nos 6 autres centres travaillent au d\u00e9veloppement d&#8217;outils in\u00e9dits de reconnexion avec la Nature et les cycles du vivant. Cette d\u00e9marche vise \u00e0 cr\u00e9er les conditions d&#8217;un d\u00e9passement de la d\u00e9fense [&hellip;]<\/p>\n","protected":false},"author":2,"featured_media":0,"parent":0,"menu_order":0,"comment_status":"closed","ping_status":"closed","template":"","meta":[],"_links":{"self":[{"href":"https:\/\/negociation-ecologique.fr\/index.php\/wp-json\/wp\/v2\/pages\/47"}],"collection":[{"href":"https:\/\/negociation-ecologique.fr\/index.php\/wp-json\/wp\/v2\/pages"}],"about":[{"href":"https:\/\/negociation-ecologique.fr\/index.php\/wp-json\/wp\/v2\/types\/page"}],"author":[{"embeddable":true,"href":"https:\/\/negociation-ecologique.fr\/index.php\/wp-json\/wp\/v2\/users\/2"}],"replies":[{"embeddable":true,"href":"https:\/\/negociation-ecologique.fr\/index.php\/wp-json\/wp\/v2\/comments?post=47"}],"version-history":[{"count":9,"href":"https:\/\/negociation-ecologique.fr\/index.php\/wp-json\/wp\/v2\/pages\/47\/revisions"}],"predecessor-version":[{"id":1654,"href":"https:\/\/negociation-ecologique.fr\/index.php\/wp-json\/wp\/v2\/pages\/47\/revisions\/1654"}],"wp:attachment":[{"href":"https:\/\/negociation-ecologique.fr\/index.php\/wp-json\/wp\/v2\/media?parent=47"}],"curies":[{"name":"wp","href":"https:\/\/api.w.org\/{rel}","templated":true}]}}