{"id":48,"date":"2017-11-02T22:12:31","date_gmt":"2017-11-02T21:12:31","guid":{"rendered":"http:\/\/negociation-ecologique.fr\/?page_id=48"},"modified":"2018-12-26T22:53:20","modified_gmt":"2018-12-26T21:53:20","slug":"la-recherche","status":"publish","type":"page","link":"https:\/\/negociation-ecologique.fr\/index.php\/la-recherche\/","title":{"rendered":"La recherche"},"content":{"rendered":"<p><strong>Globale ou locale,<\/strong> la N\u00e9gociation Ecologique est au coeur des recherches et des actions que nous menons afin de co-construire une relation durable et \u00e9quilibr\u00e9e entre les humains et la nature.<\/p>\n<p>Le regroupement, le partage et la diffusion des connaissances sur les m\u00e9thodes, outils, politiques et champs d&#8217;actions li\u00e9s \u00e0 cette recherche de compl\u00e9mentarit\u00e9 durable\u00a0est l&#8217;objectif premier du groupe de travail.<\/p>\n<p>L&#8217;existence de ce groupe, du r\u00e9seau d&#8217;acteurs que nous co-construisons et des publications y aff\u00e9rentes ont un double objectif :<\/p>\n<p>1\u00b0) D\u00e9finir les m\u00e9thodes permettant d&#8217;am\u00e9liorer la prise en compte de la nature dans les n\u00e9gociations ;<\/p>\n<p>2\u00b0) Promouvoir une \u00e9volution du Droit en faveur de l&#8217;application de la &#8220;N\u00e9gociation Ecologique&#8221;.<\/p>\n<p>&nbsp;<\/p>\n<p><img loading=\"lazy\" class=\"alignnone size-medium wp-image-200 aligncenter\" src=\"http:\/\/negociation-ecologique.fr\/wp-content\/uploads\/2017\/11\/logo-300x180.png\" alt=\"\" width=\"300\" height=\"180\" srcset=\"https:\/\/negociation-ecologique.fr\/wp-content\/uploads\/2017\/11\/logo-300x180.png 300w, https:\/\/negociation-ecologique.fr\/wp-content\/uploads\/2017\/11\/logo.png 658w\" sizes=\"(max-width: 300px) 100vw, 300px\" \/><\/p>\n","protected":false},"excerpt":{"rendered":"<p>Globale ou locale, la N\u00e9gociation Ecologique est au coeur des recherches et des actions que nous menons afin de co-construire une relation durable et \u00e9quilibr\u00e9e entre les humains et la nature. Le regroupement, le partage et la diffusion des connaissances sur les m\u00e9thodes, outils, politiques et champs d&#8217;actions li\u00e9s \u00e0 cette recherche de compl\u00e9mentarit\u00e9 durable\u00a0est [&hellip;]<\/p>\n","protected":false},"author":2,"featured_media":0,"parent":0,"menu_order":0,"comment_status":"closed","ping_status":"closed","template":"","meta":[],"_links":{"self":[{"href":"https:\/\/negociation-ecologique.fr\/index.php\/wp-json\/wp\/v2\/pages\/48"}],"collection":[{"href":"https:\/\/negociation-ecologique.fr\/index.php\/wp-json\/wp\/v2\/pages"}],"about":[{"href":"https:\/\/negociation-ecologique.fr\/index.php\/wp-json\/wp\/v2\/types\/page"}],"author":[{"embeddable":true,"href":"https:\/\/negociation-ecologique.fr\/index.php\/wp-json\/wp\/v2\/users\/2"}],"replies":[{"embeddable":true,"href":"https:\/\/negociation-ecologique.fr\/index.php\/wp-json\/wp\/v2\/comments?post=48"}],"version-history":[{"count":5,"href":"https:\/\/negociation-ecologique.fr\/index.php\/wp-json\/wp\/v2\/pages\/48\/revisions"}],"predecessor-version":[{"id":258,"href":"https:\/\/negociation-ecologique.fr\/index.php\/wp-json\/wp\/v2\/pages\/48\/revisions\/258"}],"wp:attachment":[{"href":"https:\/\/negociation-ecologique.fr\/index.php\/wp-json\/wp\/v2\/media?parent=48"}],"curies":[{"name":"wp","href":"https:\/\/api.w.org\/{rel}","templated":true}]}}