{"id":67,"date":"2017-11-06T21:54:11","date_gmt":"2017-11-06T20:54:11","guid":{"rendered":"http:\/\/negociation-ecologique.fr\/?page_id=67"},"modified":"2020-01-15T18:55:45","modified_gmt":"2020-01-15T17:55:45","slug":"formations","status":"publish","type":"page","link":"https:\/\/negociation-ecologique.fr\/index.php\/formations\/","title":{"rendered":"Formations"},"content":{"rendered":"<h5 style=\"text-align: center;\"><span style=\"color: #800080;\">&#8220;Les mutations sociales imposent de nouvelles comp\u00e9tences !&#8221;<\/span><\/h5>\n<p style=\"text-align: center;\">Nous proposons \u00e0 tous les volontaires, partout dans le monde, de participer \u00e0 une nouvelle g\u00e9n\u00e9ration d&#8217;acteurs conscients de leur territoire, de ses ressources, et curieux et motiv\u00e9s pour re-dynamiser les relations humains-nature dans un cercle vertueux !<\/p>\n<p style=\"text-align: center;\">Nouveau monde \u00a0= nouveaux emplois<\/p>\n<p><a href=\"http:\/\/negociation-ecologique.fr\/index.php\/formation-individuelle-a-la-negociation-ecologique\/\">Formations individuelles<\/a><\/p>\n<p><a href=\"http:\/\/negociation-ecologique.fr\/index.php\/formation-collective-a-la-negociation-ecologique\/\">Formations collectives<\/a><\/p>\n<p style=\"text-align: center;\">FORMATIONS DISPONIBLES SUR RESERVATION<\/p>\n<p style=\"text-align: center;\">Contact : severine.borderon@negociation-ecologique.fr \u00a0\/\u00a0+ 33 6 76 52 94 63<\/p>\n<hr \/>\n","protected":false},"excerpt":{"rendered":"<p>&#8220;Les mutations sociales imposent de nouvelles comp\u00e9tences !&#8221; Nous proposons \u00e0 tous les volontaires, partout dans le monde, de participer \u00e0 une nouvelle g\u00e9n\u00e9ration d&#8217;acteurs conscients de leur territoire, de ses ressources, et curieux et motiv\u00e9s pour re-dynamiser les relations humains-nature dans un cercle vertueux ! Nouveau monde \u00a0= nouveaux emplois Formations individuelles Formations collectives [&hellip;]<\/p>\n","protected":false},"author":2,"featured_media":0,"parent":0,"menu_order":0,"comment_status":"closed","ping_status":"closed","template":"","meta":[],"_links":{"self":[{"href":"https:\/\/negociation-ecologique.fr\/index.php\/wp-json\/wp\/v2\/pages\/67"}],"collection":[{"href":"https:\/\/negociation-ecologique.fr\/index.php\/wp-json\/wp\/v2\/pages"}],"about":[{"href":"https:\/\/negociation-ecologique.fr\/index.php\/wp-json\/wp\/v2\/types\/page"}],"author":[{"embeddable":true,"href":"https:\/\/negociation-ecologique.fr\/index.php\/wp-json\/wp\/v2\/users\/2"}],"replies":[{"embeddable":true,"href":"https:\/\/negociation-ecologique.fr\/index.php\/wp-json\/wp\/v2\/comments?post=67"}],"version-history":[{"count":11,"href":"https:\/\/negociation-ecologique.fr\/index.php\/wp-json\/wp\/v2\/pages\/67\/revisions"}],"predecessor-version":[{"id":2268,"href":"https:\/\/negociation-ecologique.fr\/index.php\/wp-json\/wp\/v2\/pages\/67\/revisions\/2268"}],"wp:attachment":[{"href":"https:\/\/negociation-ecologique.fr\/index.php\/wp-json\/wp\/v2\/media?parent=67"}],"curies":[{"name":"wp","href":"https:\/\/api.w.org\/{rel}","templated":true}]}}