{"id":742,"date":"2019-06-11T17:44:20","date_gmt":"2019-06-11T15:44:20","guid":{"rendered":"http:\/\/negociation-ecologique.fr\/?page_id=742"},"modified":"2022-10-25T13:21:51","modified_gmt":"2022-10-25T11:21:51","slug":"home","status":"publish","type":"page","link":"https:\/\/negociation-ecologique.fr\/index.php\/en\/home\/","title":{"rendered":"Home"},"content":{"rendered":"\n<p>WELCOME !<\/p>\n\n\n\n<p>Ecological negotiation aims to support the&nbsp;<strong>ecological conversion<\/strong>&nbsp;through tools and methods of concrete actions to readjust the relations between actors and to reconsider their link with nature and cycle of life. <\/p>\n\n\n\n<p>The creation of an International Institute for Ecological Negotiation (INN\u00c9) responds to the complexity of the actual implementation of the conversion. The traditional rules, be their legal, economic, financial, social aspects have evolved and the evolution towards new benchmarks (Universal Values) must be accompanied in a structured and coordinated way. This is the goal of the INN\u00c9. <\/p>\n\n\n\n<div style=\"height:59px\" aria-hidden=\"true\" class=\"wp-block-spacer\"><\/div>\n\n\n\n<div class=\"wp-block-cover is-light\" style=\"min-height:161px\"><span aria-hidden=\"true\" class=\"wp-block-cover__background has-background-dim-10 has-background-dim\"><\/span><img loading=\"lazy\" width=\"1020\" height=\"698\" class=\"wp-block-cover__image-background wp-image-22\" alt=\"\" src=\"http:\/\/negociation-ecologique.fr\/wp-content\/uploads\/2017\/11\/main-anture2.jpg\" style=\"object-position:51% 44%\" data-object-fit=\"cover\" data-object-position=\"51% 44%\" srcset=\"https:\/\/negociation-ecologique.fr\/wp-content\/uploads\/2017\/11\/main-anture2.jpg 1020w, https:\/\/negociation-ecologique.fr\/wp-content\/uploads\/2017\/11\/main-anture2-300x205.jpg 300w, https:\/\/negociation-ecologique.fr\/wp-content\/uploads\/2017\/11\/main-anture2-768x526.jpg 768w\" sizes=\"(max-width: 1020px) 100vw, 1020px\" \/><div class=\"wp-block-cover__inner-container\">\n<p class=\"has-text-align-center has-large-font-size\"><mark style=\"background-color:rgba(0, 0, 0, 0)\" class=\"has-inline-color has-background-color\">NEWS<\/mark><\/p>\n<\/div><\/div>\n\n\n<ul class=\"wp-block-latest-posts__list is-grid columns-3 has-dates wp-block-latest-posts\"><li><div class=\"wp-block-latest-posts__featured-image\"><img width=\"150\" height=\"150\" src=\"https:\/\/negociation-ecologique.fr\/wp-content\/uploads\/2026\/03\/Photo-du-COPIL_mars2026-150x150.jpg\" class=\"attachment-thumbnail size-thumbnail wp-post-image\" alt=\"\" loading=\"lazy\" style=\"\" \/><\/div><a class=\"wp-block-latest-posts__post-title\" href=\"https:\/\/negociation-ecologique.fr\/index.php\/2026\/03\/20\/lappel-dangers-presente-son-copil\/\">L&#8217;Appel d&#8217;Angers pr\u00e9sente son COPIL<\/a><time datetime=\"2026-03-20T10:17:19+01:00\" class=\"wp-block-latest-posts__post-date\">20 March 2026<\/time><div class=\"wp-block-latest-posts__post-excerpt\">L&#8217;Appel d&#8217;Angers a \u00e9t\u00e9 lanc\u00e9 le 14 mars 2025 aupr\u00e8s de la communaut\u00e9 des m\u00e9diatrices et des m\u00e9diateurs du monde, afin d&#8217;\u00e9crire ensemble les Principes \u00c9thiques de toutes les m\u00e9diations, [&hellip;]<\/div><\/li>\n<li><div class=\"wp-block-latest-posts__featured-image\"><img width=\"150\" height=\"150\" src=\"https:\/\/negociation-ecologique.fr\/wp-content\/uploads\/2025\/07\/bandeau-semaine-de-la-mediation--150x150.png\" class=\"attachment-thumbnail size-thumbnail wp-post-image\" alt=\"\" loading=\"lazy\" style=\"\" \/><\/div><a class=\"wp-block-latest-posts__post-title\" href=\"https:\/\/negociation-ecologique.fr\/index.php\/2025\/07\/07\/la-semaine-de-la-mediation\/\">La semaine de la m\u00e9diation<\/a><time datetime=\"2025-07-07T10:52:10+02:00\" class=\"wp-block-latest-posts__post-date\">7 July 2025<\/time><div class=\"wp-block-latest-posts__post-excerpt\">Du 10 au 18 octobre 2025 Pour la premi\u00e8re ann\u00e9e, L&#8217;INNE participe \u00e0 la semaine de la m\u00e9diation ! C&#8217;est un temps fort pour vous permettre de mieux comprendre ce [&hellip;]<\/div><\/li>\n<li><div class=\"wp-block-latest-posts__featured-image\"><img width=\"150\" height=\"150\" src=\"https:\/\/negociation-ecologique.fr\/wp-content\/uploads\/2025\/03\/photo-congres-angers-2025-3-groupe-150x150.jpg\" class=\"attachment-thumbnail size-thumbnail wp-post-image\" alt=\"\" loading=\"lazy\" style=\"\" \/><\/div><a class=\"wp-block-latest-posts__post-title\" href=\"https:\/\/negociation-ecologique.fr\/index.php\/en\/2025\/03\/18\/the-angers-call\/\">The Angers Call<\/a><time datetime=\"2025-03-18T11:47:18+01:00\" class=\"wp-block-latest-posts__post-date\">18 March 2025<\/time><div class=\"wp-block-latest-posts__post-excerpt\">During the Congress of all mediations (Angers 2025), at the initiative of the International Institute for Ecological Negotiation (INNE), S\u00e9verine Carrez, President of INNE, and Isma\u00ebl Rins, Ombudsman in Argentina [&hellip;]<\/div><\/li>\n<li><div class=\"wp-block-latest-posts__featured-image\"><img width=\"150\" height=\"150\" src=\"https:\/\/negociation-ecologique.fr\/wp-content\/uploads\/2025\/03\/photo-congres-angers-2025-3-groupe-150x150.jpg\" class=\"attachment-thumbnail size-thumbnail wp-post-image\" alt=\"\" loading=\"lazy\" style=\"\" \/><\/div><a class=\"wp-block-latest-posts__post-title\" href=\"https:\/\/negociation-ecologique.fr\/index.php\/es\/2025\/03\/18\/la-llamada-de-angers\/\">La Llamada de Angers<\/a><time datetime=\"2025-03-18T11:32:09+01:00\" class=\"wp-block-latest-posts__post-date\">18 March 2025<\/time><div class=\"wp-block-latest-posts__post-excerpt\">Por una carta \u00e9tica global para todas las mediaciones que respete los Derechos Humanos y la voce de la Naturaleza La Llamada de Angers forma parte de un movimiento internacional [&hellip;]<\/div><\/li>\n<li><div class=\"wp-block-latest-posts__featured-image\"><img width=\"150\" height=\"150\" src=\"https:\/\/negociation-ecologique.fr\/wp-content\/uploads\/2025\/03\/Capture-decran-236-150x150.png\" class=\"attachment-thumbnail size-thumbnail wp-post-image\" alt=\"\" loading=\"lazy\" style=\"\" \/><\/div><a class=\"wp-block-latest-posts__post-title\" href=\"https:\/\/negociation-ecologique.fr\/index.php\/2025\/03\/14\/discours-de-lappel-dangers\/\">Discours de l&#8217;Appel d&#8217;Angers<\/a><time datetime=\"2025-03-14T23:08:22+01:00\" class=\"wp-block-latest-posts__post-date\">14 March 2025<\/time><div class=\"wp-block-latest-posts__post-excerpt\">DISCOURS formul\u00e9 \u00e0 l\u2019initiative de l\u2019INNE (Institut International pour la N\u00e9gociation \u00e9cologique). Prononc\u00e9 le 14 mars 2025, \u00e0 l&#8217;occasion de la c\u00e9r\u00e9monie de cl\u00f4ture du 3\u00e8me Congr\u00e8s mondial de toutes [&hellip;]<\/div><\/li>\n<li><div class=\"wp-block-latest-posts__featured-image\"><img width=\"150\" height=\"150\" src=\"https:\/\/negociation-ecologique.fr\/wp-content\/uploads\/2026\/03\/Capture-decran-712-150x150.png\" class=\"attachment-thumbnail size-thumbnail wp-post-image\" alt=\"\" loading=\"lazy\" style=\"\" \/><\/div><a class=\"wp-block-latest-posts__post-title\" href=\"https:\/\/negociation-ecologique.fr\/index.php\/2025\/03\/14\/l-appel-d-angers\/\">L&#8217;Appel d&#8217;Angers<\/a><time datetime=\"2025-03-14T22:47:49+01:00\" class=\"wp-block-latest-posts__post-date\">14 March 2025<\/time><div class=\"wp-block-latest-posts__post-excerpt\">Pour une charte \u00e9thique mondiale de toutes les m\u00e9diations respectueuse des Droits Humains et des Droits de la Nature L\u2019Appel d\u2019Angers&nbsp;s\u2019inscrit dans une dynamique internationale visant \u00e0 promouvoir une m\u00e9diation [&hellip;]<\/div><\/li>\n<li><div class=\"wp-block-latest-posts__featured-image\"><img width=\"150\" height=\"150\" src=\"https:\/\/negociation-ecologique.fr\/wp-content\/uploads\/2022\/11\/Himalayas-150x150.jpg\" class=\"attachment-thumbnail size-thumbnail wp-post-image\" alt=\"\" loading=\"lazy\" style=\"\" \/><\/div><a class=\"wp-block-latest-posts__post-title\" href=\"https:\/\/negociation-ecologique.fr\/index.php\/2022\/11\/21\/contemplation-of-nature\/\">Contemplation of Nature<\/a><time datetime=\"2022-11-21T15:17:07+01:00\" class=\"wp-block-latest-posts__post-date\">21 November 2022<\/time><div class=\"wp-block-latest-posts__post-excerpt\">A present of a few minutes meditation by Ajay Rastogi Please, let yourself enjoy a 6 minutes meditation to progressively enter into a deeper relationship with nature..<\/div><\/li>\n<li><div class=\"wp-block-latest-posts__featured-image\"><img width=\"150\" height=\"150\" src=\"https:\/\/negociation-ecologique.fr\/wp-content\/uploads\/2022\/09\/Capture-d\u2019\u00e9cran-2022-09-30-\u00e0-11.39.15-150x150.png\" class=\"attachment-thumbnail size-thumbnail wp-post-image\" alt=\"\" loading=\"lazy\" style=\"\" srcset=\"https:\/\/negociation-ecologique.fr\/wp-content\/uploads\/2022\/09\/Capture-d\u2019\u00e9cran-2022-09-30-\u00e0-11.39.15-150x150.png 150w, https:\/\/negociation-ecologique.fr\/wp-content\/uploads\/2022\/09\/Capture-d\u2019\u00e9cran-2022-09-30-\u00e0-11.39.15-100x100.png 100w\" sizes=\"(max-width: 150px) 100vw, 150px\" \/><\/div><a class=\"wp-block-latest-posts__post-title\" href=\"https:\/\/negociation-ecologique.fr\/index.php\/2022\/09\/30\/oslo-2022-iucn-world-congress\/\">Oslo 2022 IUCN World Congress<\/a><time datetime=\"2022-09-30T16:15:17+02:00\" class=\"wp-block-latest-posts__post-date\">30 September 2022<\/time><div class=\"wp-block-latest-posts__post-excerpt\">\u201cThe principle of ecological negotiation : a peaceful response to meet the planetary ecological challenge(s)\u201d The INN\u00c9 will present its strategy to promote a peaceful ecological transition at a glocal [&hellip;]<\/div><\/li>\n<li><div class=\"wp-block-latest-posts__featured-image\"><img width=\"150\" height=\"150\" src=\"https:\/\/negociation-ecologique.fr\/wp-content\/uploads\/2022\/03\/Capture-d\u2019\u00e9cran-2022-02-28-\u00e0-16.01.25-150x150.png\" class=\"attachment-thumbnail size-thumbnail wp-post-image\" alt=\"\" loading=\"lazy\" style=\"\" srcset=\"https:\/\/negociation-ecologique.fr\/wp-content\/uploads\/2022\/03\/Capture-d\u2019\u00e9cran-2022-02-28-\u00e0-16.01.25-150x150.png 150w, https:\/\/negociation-ecologique.fr\/wp-content\/uploads\/2022\/03\/Capture-d\u2019\u00e9cran-2022-02-28-\u00e0-16.01.25-100x100.png 100w\" sizes=\"(max-width: 150px) 100vw, 150px\" \/><\/div><a class=\"wp-block-latest-posts__post-title\" href=\"https:\/\/negociation-ecologique.fr\/index.php\/2022\/03\/14\/programme-lex-climatica-de-lafrican-academy-of-international-law-practice\/\">Programme LEX CLIMATICA de l&#8217;African Academy of International Law Practice<\/a><time datetime=\"2022-03-14T11:21:17+01:00\" class=\"wp-block-latest-posts__post-date\">14 March 2022<\/time><div class=\"wp-block-latest-posts__post-excerpt\">S\u00e8ve Carrez, Pr\u00e9sidente de l&#8217;INN\u00c9, est intervenue le 28 f\u00e9vrier 2022 pour le Programme LEX CLIMATICA de l&#8217;African Academy of International Law Practice avec\u00a0Jean Baptiste Harelimana, Emna SOHLOBJI\u00a0et plus d&#8217;une [&hellip;]<\/div><\/li>\n<li><div class=\"wp-block-latest-posts__featured-image\"><img width=\"150\" height=\"150\" src=\"https:\/\/negociation-ecologique.fr\/wp-content\/uploads\/2021\/12\/Capture-d\u2019\u00e9cran-2021-12-02-\u00e0-08.17.08-150x150.png\" class=\"attachment-thumbnail size-thumbnail wp-post-image\" alt=\"\" loading=\"lazy\" style=\"\" srcset=\"https:\/\/negociation-ecologique.fr\/wp-content\/uploads\/2021\/12\/Capture-d\u2019\u00e9cran-2021-12-02-\u00e0-08.17.08-150x150.png 150w, https:\/\/negociation-ecologique.fr\/wp-content\/uploads\/2021\/12\/Capture-d\u2019\u00e9cran-2021-12-02-\u00e0-08.17.08-100x100.png 100w\" sizes=\"(max-width: 150px) 100vw, 150px\" \/><\/div><a class=\"wp-block-latest-posts__post-title\" href=\"https:\/\/negociation-ecologique.fr\/index.php\/2021\/12\/02\/diplomatie-environnementale-et-negociation-ecologique\/\">Diplomatie environnementale et n\u00e9gociation \u00e9cologique<\/a><time datetime=\"2021-12-02T08:21:13+01:00\" class=\"wp-block-latest-posts__post-date\">2 December 2021<\/time><div class=\"wp-block-latest-posts__post-excerpt\">Diplomatie et para-diplomatie environnementale ! L&#8217;INN\u00c9 est intervenu jeudi au 3\u00e8me Congr\u00e8s international sur la diplomatie de la durabilit\u00e9 et au 2\u00e8me Congr\u00e8s sur la paradiplomatie de la durabilit\u00e9 au [&hellip;]<\/div><\/li>\n<li><div class=\"wp-block-latest-posts__featured-image\"><img width=\"150\" height=\"150\" src=\"https:\/\/negociation-ecologique.fr\/wp-content\/uploads\/2021\/12\/Capture-d\u2019\u00e9cran-2021-12-02-\u00e0-08.11.16-150x150.png\" class=\"attachment-thumbnail size-thumbnail wp-post-image\" alt=\"\" loading=\"lazy\" style=\"\" srcset=\"https:\/\/negociation-ecologique.fr\/wp-content\/uploads\/2021\/12\/Capture-d\u2019\u00e9cran-2021-12-02-\u00e0-08.11.16-150x150.png 150w, https:\/\/negociation-ecologique.fr\/wp-content\/uploads\/2021\/12\/Capture-d\u2019\u00e9cran-2021-12-02-\u00e0-08.11.16-100x100.png 100w\" sizes=\"(max-width: 150px) 100vw, 150px\" \/><\/div><a class=\"wp-block-latest-posts__post-title\" href=\"https:\/\/negociation-ecologique.fr\/index.php\/2021\/12\/02\/la-negociation-ecologique-presentee-au-colloque-annuel-de-la-sfde-a-travers-un-article-collectif-olivier-barriere-adelie-pomade-seve-carrez\/\">La n\u00e9gociation \u00e9cologique pr\u00e9sent\u00e9e au colloque annuel de la SFDE \u00e0 travers un article collectif Olivier Barri\u00e8re, Ad\u00e9lie Pomade, S\u00e8ve Carrez.<\/a><time datetime=\"2021-12-02T08:12:57+01:00\" class=\"wp-block-latest-posts__post-date\">2 December 2021<\/time><div class=\"wp-block-latest-posts__post-excerpt\">Du 27 au 29 octobre 2021 \u00e0 Bordeaux, le colloque annuel de la Soci\u00e9t\u00e9 Fran\u00e7aise de Droit de l\u2019Environnement (SFDE) \u00e9tait organis\u00e9 sur deux jours afin d\u2019y traiter cette ann\u00e9e [&hellip;]<\/div><\/li>\n<li><div class=\"wp-block-latest-posts__featured-image\"><img width=\"150\" height=\"150\" src=\"https:\/\/negociation-ecologique.fr\/wp-content\/uploads\/2021\/08\/Capture-d\u2019\u00e9cran-2021-08-16-\u00e0-21.26.56-150x150.png\" class=\"attachment-thumbnail size-thumbnail wp-post-image\" alt=\"\" loading=\"lazy\" style=\"\" srcset=\"https:\/\/negociation-ecologique.fr\/wp-content\/uploads\/2021\/08\/Capture-d\u2019\u00e9cran-2021-08-16-\u00e0-21.26.56-150x150.png 150w, https:\/\/negociation-ecologique.fr\/wp-content\/uploads\/2021\/08\/Capture-d\u2019\u00e9cran-2021-08-16-\u00e0-21.26.56-100x100.png 100w\" sizes=\"(max-width: 150px) 100vw, 150px\" \/><\/div><a class=\"wp-block-latest-posts__post-title\" href=\"https:\/\/negociation-ecologique.fr\/index.php\/2021\/08\/16\/reintegrer-les-droits-de-la-nature-dans-la-convention-des-nations-unies-sur-la-diversite-biologique-cdb\/\">R\u00e9int\u00e9grer les droits de la Nature dans la Convention des Nations Unies sur la diversit\u00e9 biologique (CDB)<\/a><time datetime=\"2021-08-16T21:27:34+02:00\" class=\"wp-block-latest-posts__post-date\">16 August 2021<\/time><div class=\"wp-block-latest-posts__post-excerpt\">Depuis novembre 2020, l&#8217;INN\u00c9 s&#8217;est associ\u00e9 \u00e0 la d\u00e9marche visant \u00e0 int\u00e9grer les DROITS DE LA NATURE dans la Convention des Nations-Unis pour la biodiversit\u00e9 : https:\/\/rightsofnaturecbd.earth Le 12 juillet, [&hellip;]<\/div><\/li>\n<li><div class=\"wp-block-latest-posts__featured-image\"><img width=\"150\" height=\"150\" src=\"https:\/\/negociation-ecologique.fr\/wp-content\/uploads\/2021\/08\/Capture-d\u2019\u00e9cran-2021-08-16-\u00e0-18.59.12-150x150.png\" class=\"attachment-thumbnail size-thumbnail wp-post-image\" alt=\"\" loading=\"lazy\" style=\"\" srcset=\"https:\/\/negociation-ecologique.fr\/wp-content\/uploads\/2021\/08\/Capture-d\u2019\u00e9cran-2021-08-16-\u00e0-18.59.12-150x150.png 150w, https:\/\/negociation-ecologique.fr\/wp-content\/uploads\/2021\/08\/Capture-d\u2019\u00e9cran-2021-08-16-\u00e0-18.59.12-100x100.png 100w\" sizes=\"(max-width: 150px) 100vw, 150px\" \/><\/div><a class=\"wp-block-latest-posts__post-title\" href=\"https:\/\/negociation-ecologique.fr\/index.php\/2021\/08\/16\/lavenir-du-vivant-nos-valeurs-pour-laction\/\">L&#8217;Avenir du Vivant : Nos valeurs pour l&#8217;Action<\/a><time datetime=\"2021-08-16T21:24:36+02:00\" class=\"wp-block-latest-posts__post-date\">16 August 2021<\/time><div class=\"wp-block-latest-posts__post-excerpt\">\u00c9thique de la Nature au Congr\u00e8s Mondial de l&#8217;IUCN du 3 au 11 septembre 2021 Apr\u00e8s plusieurs ann\u00e9es de travail collectif sur le texte, une validation officielle, nous passons maintenant [&hellip;]<\/div><\/li>\n<li><div class=\"wp-block-latest-posts__featured-image\"><img width=\"150\" height=\"150\" src=\"https:\/\/negociation-ecologique.fr\/wp-content\/uploads\/2021\/06\/Capture-d\u2019\u00e9cran-2021-06-21-\u00e0-11.35.30-150x150.png\" class=\"attachment-thumbnail size-thumbnail wp-post-image\" alt=\"\" loading=\"lazy\" style=\"\" srcset=\"https:\/\/negociation-ecologique.fr\/wp-content\/uploads\/2021\/06\/Capture-d\u2019\u00e9cran-2021-06-21-\u00e0-11.35.30-150x150.png 150w, https:\/\/negociation-ecologique.fr\/wp-content\/uploads\/2021\/06\/Capture-d\u2019\u00e9cran-2021-06-21-\u00e0-11.35.30-100x100.png 100w\" sizes=\"(max-width: 150px) 100vw, 150px\" \/><\/div><a class=\"wp-block-latest-posts__post-title\" href=\"https:\/\/negociation-ecologique.fr\/index.php\/2021\/06\/21\/resilient-leadership-in-himalayas\/\">Resilient Leadership in Himalayas<\/a><time datetime=\"2021-06-21T11:41:40+02:00\" class=\"wp-block-latest-posts__post-date\">21 June 2021<\/time><div class=\"wp-block-latest-posts__post-excerpt\">PL ACE- BASED LEARNING FOR SUSTAINABLE TRANSFORMATION.&nbsp;THE FOUNDATION FOR THE CONTEMPL ATION OF NATURE, INDIA. JANUARY 2019 www.foundnature.org<\/div><\/li>\n<li><div class=\"wp-block-latest-posts__featured-image\"><img width=\"150\" height=\"150\" src=\"https:\/\/negociation-ecologique.fr\/wp-content\/uploads\/2021\/06\/Capture-d\u2019\u00e9cran-2021-06-21-\u00e0-10.48.03-150x150.png\" class=\"attachment-thumbnail size-thumbnail wp-post-image\" alt=\"\" loading=\"lazy\" style=\"\" srcset=\"https:\/\/negociation-ecologique.fr\/wp-content\/uploads\/2021\/06\/Capture-d\u2019\u00e9cran-2021-06-21-\u00e0-10.48.03-150x150.png 150w, https:\/\/negociation-ecologique.fr\/wp-content\/uploads\/2021\/06\/Capture-d\u2019\u00e9cran-2021-06-21-\u00e0-10.48.03-100x100.png 100w\" sizes=\"(max-width: 150px) 100vw, 150px\" \/><\/div><a class=\"wp-block-latest-posts__post-title\" href=\"https:\/\/negociation-ecologique.fr\/index.php\/2021\/06\/21\/la-sagesse-de-la-connaissance-confessions-a-loccasion-de-la-journee-mondiale-de-lenvironnement-2021\/\">La sagesse de la connaissance : Confessions \u00e0 l&#8217;occasion de la Journ\u00e9e mondiale de l&#8217;environnement, 2021<\/a><time datetime=\"2021-06-21T11:01:10+02:00\" class=\"wp-block-latest-posts__post-date\">21 June 2021<\/time><div class=\"wp-block-latest-posts__post-excerpt\">Ajay RastogiVillage Majkhali, Uttarakhand, India Clad in white Khadi Kurta Pajama a distinguished man with long flowing beard was sitting on an indefinite fast on the bank of Bhagirathi in [&hellip;]<\/div><\/li>\n<\/ul>","protected":false},"excerpt":{"rendered":"<p>WELCOME ! Ecological negotiation aims to support the&nbsp;ecological conversion&nbsp;through tools and methods of concrete actions to readjust the relations between actors and to reconsider their link with nature and cycle of life. The creation of an International Institute for Ecological Negotiation (INN\u00c9) responds to the complexity of the actual implementation of the conversion. The traditional [&hellip;]<\/p>\n","protected":false},"author":3,"featured_media":0,"parent":0,"menu_order":0,"comment_status":"closed","ping_status":"closed","template":"","meta":[],"_links":{"self":[{"href":"https:\/\/negociation-ecologique.fr\/index.php\/wp-json\/wp\/v2\/pages\/742"}],"collection":[{"href":"https:\/\/negociation-ecologique.fr\/index.php\/wp-json\/wp\/v2\/pages"}],"about":[{"href":"https:\/\/negociation-ecologique.fr\/index.php\/wp-json\/wp\/v2\/types\/page"}],"author":[{"embeddable":true,"href":"https:\/\/negociation-ecologique.fr\/index.php\/wp-json\/wp\/v2\/users\/3"}],"replies":[{"embeddable":true,"href":"https:\/\/negociation-ecologique.fr\/index.php\/wp-json\/wp\/v2\/comments?post=742"}],"version-history":[{"count":24,"href":"https:\/\/negociation-ecologique.fr\/index.php\/wp-json\/wp\/v2\/pages\/742\/revisions"}],"predecessor-version":[{"id":1989,"href":"https:\/\/negociation-ecologique.fr\/index.php\/wp-json\/wp\/v2\/pages\/742\/revisions\/1989"}],"wp:attachment":[{"href":"https:\/\/negociation-ecologique.fr\/index.php\/wp-json\/wp\/v2\/media?parent=742"}],"curies":[{"name":"wp","href":"https:\/\/api.w.org\/{rel}","templated":true}]}}