{"id":837,"date":"2019-06-12T00:20:17","date_gmt":"2019-06-11T22:20:17","guid":{"rendered":"http:\/\/negociation-ecologique.fr\/?page_id=837"},"modified":"2019-06-12T00:28:27","modified_gmt":"2019-06-11T22:28:27","slug":"837-2","status":"publish","type":"page","link":"https:\/\/negociation-ecologique.fr\/index.php\/es\/837-2\/","title":{"rendered":"El Gruppo de Trabajo"},"content":{"rendered":"\n<div class=\"wp-block-image\"><figure class=\"aligncenter\"><img loading=\"lazy\" width=\"300\" height=\"180\" src=\"http:\/\/negociation-ecologique.fr\/wp-content\/uploads\/2017\/11\/logo-300x180.png\" alt=\"\" class=\"wp-image-200\" srcset=\"https:\/\/negociation-ecologique.fr\/wp-content\/uploads\/2017\/11\/logo-300x180.png 300w, https:\/\/negociation-ecologique.fr\/wp-content\/uploads\/2017\/11\/logo.png 658w\" sizes=\"(max-width: 300px) 100vw, 300px\" \/><\/figure><\/div>\n\n\n\n<p><strong>El Grupo de Trabajo de Negociaci\u00f3n Ecol\u00f3gica<\/strong> est\u00e1 compuesto por 15 miembros. Es multidisciplinario e internacional y todos los perfiles cumplen con una o m\u00e1s facetas de la negociaci\u00f3n ecol\u00f3gica.<\/p>\n\n\n\n<p><strong>La inteligencia colectiva<\/strong> es una herramienta esencial para definir, establecer y hacer efectiva la cadena de valor de la negociaci\u00f3n ecol\u00f3gica porque el campo de aplicaci\u00f3n es complejo, implica un trabajo que es multidisciplinario e internacional, global y local.<\/p>\n\n\n\n<p><strong>La<\/strong> <strong>internacionalizaci\u00f3n<\/strong> de los perfiles est\u00e1 en el coraz\u00f3n de nuestra metodolog\u00eda. Nuestros miembros reflejan la diversidad de temas en los pa\u00edses desarrollados y en desarrollo. Vienen de Francia, M\u00e9xico, Canad\u00e1, Brasil, Madagascar, T\u00fanez, Argelia, Bangladesh, L\u00edbano \u2026<\/p>\n\n\n\n<p><strong>La multidisciplinariedad<\/strong> tambi\u00e9n es esencial para cubrir los problemas locales y globales que se tratan aqu\u00ed, por lo que el Grupo est\u00e1 compuesto por actores de instituciones globales como el PNUD o la UICN, investigadores de Universidades o centros de investigaci\u00f3n, o empresas privadas y actores locales, asociaciones, etc. Son abogados, ling\u00fcistas, cart\u00f3grafos, ec\u00f3logos, economistas, agricultores, artistas, etc.<\/p>\n\n\n\n<p><strong>La metodolog\u00eda de trabajo<\/strong> no se basa en el ejemplo de una disciplina particular, sino que apunta a lograr objetivos complejos y simult\u00e1neos. Para esto, todos los Miembros tienen habilidades relacionadas con los objetivos asignados a ellos. El objetivo principal es definir los valores y las modalidades operativas de la negociaci\u00f3n ecol\u00f3gica (Carta sobre la aplicaci\u00f3n de la negociaci\u00f3n ecol\u00f3gica en el marco del derecho global). Cada miembro participa en la medida de su disponibilidad. La <strong>co-construcci\u00f3n<\/strong> es central. <strong>La complementariedad<\/strong> de los perfiles significa que cada tema abordado para cumplir con el objetivo principal est\u00e1 cubierto por varios perfiles simult\u00e1neamente, lo que permite que cada tema se controle continuamente y que cada miembro tenga flexibilidad en t\u00e9rminos de intensidad. de su participaci\u00f3n.<\/p>\n\n\n\n<p>Presentaci\u00f3n de los <a href=\"http:\/\/negociation-ecologique.fr\/index.php\/nego-eco\/\">Miembros del Grupo de Trabajo<\/a>.<\/p>\n\n\n\n<p>Presentaci\u00f3n de la <a href=\"http:\/\/negociation-ecologique.fr\/index.php\/presentation\/nos-chercheurs-et-partenaires\/\">lista de temas de aplicaci\u00f3n<\/a>.<br> &nbsp;<\/p>\n\n\n\n<div class=\"wp-block-image\"><figure class=\"aligncenter\"><img loading=\"lazy\" width=\"300\" height=\"300\" src=\"http:\/\/negociation-ecologique.fr\/wp-content\/uploads\/2017\/11\/globe_or_600px-300x300.png\" alt=\"\" class=\"wp-image-238\" srcset=\"https:\/\/negociation-ecologique.fr\/wp-content\/uploads\/2017\/11\/globe_or_600px-300x300.png 300w, https:\/\/negociation-ecologique.fr\/wp-content\/uploads\/2017\/11\/globe_or_600px-150x150.png 150w, https:\/\/negociation-ecologique.fr\/wp-content\/uploads\/2017\/11\/globe_or_600px-100x100.png 100w, https:\/\/negociation-ecologique.fr\/wp-content\/uploads\/2017\/11\/globe_or_600px.png 600w\" sizes=\"(max-width: 300px) 100vw, 300px\" \/><\/figure><\/div>\n","protected":false},"excerpt":{"rendered":"<p>El Grupo de Trabajo de Negociaci\u00f3n Ecol\u00f3gica est\u00e1 compuesto por 15 miembros. Es multidisciplinario e internacional y todos los perfiles cumplen con una o m\u00e1s facetas de la negociaci\u00f3n ecol\u00f3gica. La inteligencia colectiva es una herramienta esencial para definir, establecer y hacer efectiva la cadena de valor de la negociaci\u00f3n ecol\u00f3gica porque el campo de [&hellip;]<\/p>\n","protected":false},"author":2,"featured_media":0,"parent":0,"menu_order":0,"comment_status":"closed","ping_status":"closed","template":"","meta":[],"_links":{"self":[{"href":"https:\/\/negociation-ecologique.fr\/index.php\/wp-json\/wp\/v2\/pages\/837"}],"collection":[{"href":"https:\/\/negociation-ecologique.fr\/index.php\/wp-json\/wp\/v2\/pages"}],"about":[{"href":"https:\/\/negociation-ecologique.fr\/index.php\/wp-json\/wp\/v2\/types\/page"}],"author":[{"embeddable":true,"href":"https:\/\/negociation-ecologique.fr\/index.php\/wp-json\/wp\/v2\/users\/2"}],"replies":[{"embeddable":true,"href":"https:\/\/negociation-ecologique.fr\/index.php\/wp-json\/wp\/v2\/comments?post=837"}],"version-history":[{"count":7,"href":"https:\/\/negociation-ecologique.fr\/index.php\/wp-json\/wp\/v2\/pages\/837\/revisions"}],"predecessor-version":[{"id":850,"href":"https:\/\/negociation-ecologique.fr\/index.php\/wp-json\/wp\/v2\/pages\/837\/revisions\/850"}],"wp:attachment":[{"href":"https:\/\/negociation-ecologique.fr\/index.php\/wp-json\/wp\/v2\/media?parent=837"}],"curies":[{"name":"wp","href":"https:\/\/api.w.org\/{rel}","templated":true}]}}