{"id":839,"date":"2019-06-12T00:20:43","date_gmt":"2019-06-11T22:20:43","guid":{"rendered":"http:\/\/negociation-ecologique.fr\/?page_id=839"},"modified":"2019-06-12T00:34:07","modified_gmt":"2019-06-11T22:34:07","slug":"839-2","status":"publish","type":"page","link":"https:\/\/negociation-ecologique.fr\/index.php\/it\/839-2\/","title":{"rendered":"Il Gruppo di Lavoro"},"content":{"rendered":"\n<div class=\"wp-block-image\"><figure class=\"aligncenter\"><img loading=\"lazy\" width=\"300\" height=\"180\" src=\"http:\/\/negociation-ecologique.fr\/wp-content\/uploads\/2017\/11\/logo-300x180.png\" alt=\"\" class=\"wp-image-200\" srcset=\"https:\/\/negociation-ecologique.fr\/wp-content\/uploads\/2017\/11\/logo-300x180.png 300w, https:\/\/negociation-ecologique.fr\/wp-content\/uploads\/2017\/11\/logo.png 658w\" sizes=\"(max-width: 300px) 100vw, 300px\" \/><\/figure><\/div>\n\n\n\n<p><strong>Il Gruppo di Lavoro sulla Negoziazione Ecologica<\/strong> \u00e8 composto da 15 membri. \u00c8 multidisciplinare e internazionale e tutti i profili soddisfano uno o pi\u00f9 aspetti della negoziazione ecologica.<\/p>\n\n\n\n<p><strong>L&#8217;intelligenza collettiva<\/strong> \u00e8 uno strumento essenziale per definire, creare e rendere efficace la catena del valore della negoziazione ecologica perch\u00e9 il campo di applicazione \u00e8 complesso, implica un lavoro sia multidisciplinare che internazionale, globale e locale.<\/p>\n\n\n\n<p><strong>L&#8217;internazionalizzazione<\/strong> dei profili \u00e8 al centro della nostra metodologia. I nostri membri riflettono la diversit\u00e0 delle questioni nei paesi sviluppati e in via di sviluppo. Vengono dalla Francia, dal Messico, dal Canada, dal Brasile, dal Madagascar, dalla Tunisia, dall&#8217;Algeria, dal Bangladesh, dal Libano \u2026<\/p>\n\n\n\n<p><strong>La multidisciplinarit\u00e0<\/strong> \u00e8 anche essenziale per affrontare le questioni locali e globali trattate qui, quindi il Gruppo \u00e8 composto da attori di istituzioni globali come UNDP o IUCN, ricercatori di Universit\u00e0 o centri di ricerca, aziende private e attori locali, associazioni, ecc. Sono avvocati, linguisti, cartografi, ecologisti, economisti, agricoltori, artisti ecc \u2026<\/p>\n\n\n\n<p><strong>La metodologia di lavoro<\/strong> non si basa sull&#8217;esempio di una particolare disciplina, ma mira a raggiungere obiettivi complessi e simultanei. Per questo, tutti i membri hanno competenze relative agli obiettivi loro assegnati. L&#8217;obiettivo principale \u00e8 definire i valori e le modalit\u00e0 operative del negoziato ecologico (Carta sull&#8217;applicazione della negoziazione ecologica nel quadro del diritto globale). Ogni membro partecipa all&#8217;ampiezza della sua disponibilit\u00e0. La <strong>co-costruzione<\/strong> \u00e8 centrale. La<strong> complementariet\u00e0<\/strong> dei profili significa che ogni tema indirizzato al raggiungimento dell&#8217;obiettivo principale \u00e8 coperto da pi\u00f9 profili simultaneamente, il che consente di monitorare costantemente ogni tema e che ogni membro ha flessibilit\u00e0 in termini di intensit\u00e0. della sua partecipazione.<\/p>\n\n\n\n<p>Presentazione dei <a href=\"http:\/\/negociation-ecologique.fr\/index.php\/nego-eco\/\">Membri del Gruppo di Lavoro<\/a><\/p>\n\n\n\n<p>Presentazione dell&#8217;<a href=\"http:\/\/negociation-ecologique.fr\/index.php\/presentation\/nos-chercheurs-et-partenaires\/\">elenco di temi dell&#8217;applicazione<\/a><\/p>\n\n\n\n<p><\/p>\n\n\n\n<div class=\"wp-block-image\"><figure class=\"aligncenter\"><img loading=\"lazy\" width=\"300\" height=\"300\" src=\"http:\/\/negociation-ecologique.fr\/wp-content\/uploads\/2017\/11\/globe_or_600px-300x300.png\" alt=\"\" class=\"wp-image-238\" srcset=\"https:\/\/negociation-ecologique.fr\/wp-content\/uploads\/2017\/11\/globe_or_600px-300x300.png 300w, https:\/\/negociation-ecologique.fr\/wp-content\/uploads\/2017\/11\/globe_or_600px-150x150.png 150w, https:\/\/negociation-ecologique.fr\/wp-content\/uploads\/2017\/11\/globe_or_600px-100x100.png 100w, https:\/\/negociation-ecologique.fr\/wp-content\/uploads\/2017\/11\/globe_or_600px.png 600w\" sizes=\"(max-width: 300px) 100vw, 300px\" \/><\/figure><\/div>\n","protected":false},"excerpt":{"rendered":"<p>Il Gruppo di Lavoro sulla Negoziazione Ecologica \u00e8 composto da 15 membri. \u00c8 multidisciplinare e internazionale e tutti i profili soddisfano uno o pi\u00f9 aspetti della negoziazione ecologica. L&#8217;intelligenza collettiva \u00e8 uno strumento essenziale per definire, creare e rendere efficace la catena del valore della negoziazione ecologica perch\u00e9 il campo di applicazione \u00e8 complesso, implica [&hellip;]<\/p>\n","protected":false},"author":2,"featured_media":0,"parent":0,"menu_order":0,"comment_status":"closed","ping_status":"closed","template":"","meta":[],"_links":{"self":[{"href":"https:\/\/negociation-ecologique.fr\/index.php\/wp-json\/wp\/v2\/pages\/839"}],"collection":[{"href":"https:\/\/negociation-ecologique.fr\/index.php\/wp-json\/wp\/v2\/pages"}],"about":[{"href":"https:\/\/negociation-ecologique.fr\/index.php\/wp-json\/wp\/v2\/types\/page"}],"author":[{"embeddable":true,"href":"https:\/\/negociation-ecologique.fr\/index.php\/wp-json\/wp\/v2\/users\/2"}],"replies":[{"embeddable":true,"href":"https:\/\/negociation-ecologique.fr\/index.php\/wp-json\/wp\/v2\/comments?post=839"}],"version-history":[{"count":8,"href":"https:\/\/negociation-ecologique.fr\/index.php\/wp-json\/wp\/v2\/pages\/839\/revisions"}],"predecessor-version":[{"id":857,"href":"https:\/\/negociation-ecologique.fr\/index.php\/wp-json\/wp\/v2\/pages\/839\/revisions\/857"}],"wp:attachment":[{"href":"https:\/\/negociation-ecologique.fr\/index.php\/wp-json\/wp\/v2\/media?parent=839"}],"curies":[{"name":"wp","href":"https:\/\/api.w.org\/{rel}","templated":true}]}}