{"id":890,"date":"2019-06-12T14:27:25","date_gmt":"2019-06-12T12:27:25","guid":{"rendered":"http:\/\/negociation-ecologique.fr\/?page_id=890"},"modified":"2025-03-18T14:33:29","modified_gmt":"2025-03-18T13:33:29","slug":"890-2","status":"publish","type":"page","link":"https:\/\/negociation-ecologique.fr\/index.php\/es\/890-2\/","title":{"rendered":"La Carta"},"content":{"rendered":"\n<figure class=\"wp-block-image aligncenter is-resized\"><img loading=\"lazy\" src=\"http:\/\/negociation-ecologique.fr\/wp-content\/uploads\/2019\/06\/manuscrit.jpg\" alt=\"\" class=\"wp-image-1265\" width=\"345\" height=\"189\" srcset=\"https:\/\/negociation-ecologique.fr\/wp-content\/uploads\/2019\/06\/manuscrit.jpg 303w, https:\/\/negociation-ecologique.fr\/wp-content\/uploads\/2019\/06\/manuscrit-300x164.jpg 300w\" sizes=\"(max-width: 345px) 100vw, 345px\" \/><\/figure>\n\n\n\n<p><strong>La negociaci\u00f3n ecol\u00f3gica<\/strong> es un m\u00e9todo de negociaci\u00f3n que impone la aplicaci\u00f3n de valores universales. Su objetivo es permitir el establecimiento de reglas que favorezcan la estabilidad, la paz y el uso armonioso de los recursos naturales y humanos de los territorios.<\/p>\n\n\n\n<p>Para este prop\u00f3sito, los Miembros del Grupo trabajan inicialmente para definir estos valores y sus modalidades operativas. El conjunto de valores y modalidades dar\u00e1 lugar a <strong>la Carta sobre la aplicaci\u00f3n de la negociaci\u00f3n ecol\u00f3gica en un contexto de ley global<\/strong>.<\/p>\n\n\n\n<figure class=\"wp-block-image size-large\"><img loading=\"lazy\" width=\"1024\" height=\"568\" src=\"https:\/\/negociation-ecologique.fr\/wp-content\/uploads\/2025\/03\/Capture-decran-241-1024x568.png\" alt=\"\" class=\"wp-image-2082\" srcset=\"https:\/\/negociation-ecologique.fr\/wp-content\/uploads\/2025\/03\/Capture-decran-241-1024x568.png 1024w, https:\/\/negociation-ecologique.fr\/wp-content\/uploads\/2025\/03\/Capture-decran-241-300x166.png 300w, https:\/\/negociation-ecologique.fr\/wp-content\/uploads\/2025\/03\/Capture-decran-241-768x426.png 768w, https:\/\/negociation-ecologique.fr\/wp-content\/uploads\/2025\/03\/Capture-decran-241.png 1348w\" sizes=\"(max-width: 1024px) 100vw, 1024px\" \/><\/figure>\n","protected":false},"excerpt":{"rendered":"<p>La negociaci\u00f3n ecol\u00f3gica es un m\u00e9todo de negociaci\u00f3n que impone la aplicaci\u00f3n de valores universales. Su objetivo es permitir el establecimiento de reglas que favorezcan la estabilidad, la paz y el uso armonioso de los recursos naturales y humanos de los territorios. Para este prop\u00f3sito, los Miembros del Grupo trabajan inicialmente para definir estos valores [&hellip;]<\/p>\n","protected":false},"author":2,"featured_media":0,"parent":0,"menu_order":0,"comment_status":"closed","ping_status":"closed","template":"","meta":[],"_links":{"self":[{"href":"https:\/\/negociation-ecologique.fr\/index.php\/wp-json\/wp\/v2\/pages\/890"}],"collection":[{"href":"https:\/\/negociation-ecologique.fr\/index.php\/wp-json\/wp\/v2\/pages"}],"about":[{"href":"https:\/\/negociation-ecologique.fr\/index.php\/wp-json\/wp\/v2\/types\/page"}],"author":[{"embeddable":true,"href":"https:\/\/negociation-ecologique.fr\/index.php\/wp-json\/wp\/v2\/users\/2"}],"replies":[{"embeddable":true,"href":"https:\/\/negociation-ecologique.fr\/index.php\/wp-json\/wp\/v2\/comments?post=890"}],"version-history":[{"count":7,"href":"https:\/\/negociation-ecologique.fr\/index.php\/wp-json\/wp\/v2\/pages\/890\/revisions"}],"predecessor-version":[{"id":2083,"href":"https:\/\/negociation-ecologique.fr\/index.php\/wp-json\/wp\/v2\/pages\/890\/revisions\/2083"}],"wp:attachment":[{"href":"https:\/\/negociation-ecologique.fr\/index.php\/wp-json\/wp\/v2\/media?parent=890"}],"curies":[{"name":"wp","href":"https:\/\/api.w.org\/{rel}","templated":true}]}}