{"id":894,"date":"2019-06-12T14:30:51","date_gmt":"2019-06-12T12:30:51","guid":{"rendered":"http:\/\/negociation-ecologique.fr\/?page_id=894"},"modified":"2019-06-22T08:49:35","modified_gmt":"2019-06-22T06:49:35","slug":"la-carta","status":"publish","type":"page","link":"https:\/\/negociation-ecologique.fr\/index.php\/it\/la-carta\/","title":{"rendered":"La Carta"},"content":{"rendered":"\n<div class=\"wp-block-image\"><figure class=\"aligncenter is-resized\"><img loading=\"lazy\" src=\"http:\/\/negociation-ecologique.fr\/wp-content\/uploads\/2019\/06\/manuscrit.jpg\" alt=\"\" class=\"wp-image-1265\" width=\"381\" height=\"209\" srcset=\"https:\/\/negociation-ecologique.fr\/wp-content\/uploads\/2019\/06\/manuscrit.jpg 303w, https:\/\/negociation-ecologique.fr\/wp-content\/uploads\/2019\/06\/manuscrit-300x164.jpg 300w\" sizes=\"(max-width: 381px) 100vw, 381px\" \/><\/figure><\/div>\n\n\n\n<p><strong>La negoziazione ecologica<\/strong> \u00e8 un metodo di negoziazione che impone l&#8217;applicazione di valori universali. Il suo obiettivo \u00e8 quello di consentire l&#8217;istituzione di regole che favoriscano la stabilit\u00e0, la pace e l&#8217;uso armonioso delle risorse naturali e umane dei territori.<\/p>\n\n\n\n<p>A tale scopo, i membri del gruppo lavorano inizialmente per definire questi valori e le loro modalit\u00e0 operative. L&#8217;insieme di valori e modalit\u00e0 dar\u00e0 quindi origine alla <strong>Carta sull&#8217;applicazione della negoziazione ecologica in un contesto di diritto globale<\/strong>.<\/p>\n","protected":false},"excerpt":{"rendered":"<p>La negoziazione ecologica \u00e8 un metodo di negoziazione che impone l&#8217;applicazione di valori universali. Il suo obiettivo \u00e8 quello di consentire l&#8217;istituzione di regole che favoriscano la stabilit\u00e0, la pace e l&#8217;uso armonioso delle risorse naturali e umane dei territori. A tale scopo, i membri del gruppo lavorano inizialmente per definire questi valori e le [&hellip;]<\/p>\n","protected":false},"author":2,"featured_media":0,"parent":0,"menu_order":0,"comment_status":"closed","ping_status":"closed","template":"","meta":[],"_links":{"self":[{"href":"https:\/\/negociation-ecologique.fr\/index.php\/wp-json\/wp\/v2\/pages\/894"}],"collection":[{"href":"https:\/\/negociation-ecologique.fr\/index.php\/wp-json\/wp\/v2\/pages"}],"about":[{"href":"https:\/\/negociation-ecologique.fr\/index.php\/wp-json\/wp\/v2\/types\/page"}],"author":[{"embeddable":true,"href":"https:\/\/negociation-ecologique.fr\/index.php\/wp-json\/wp\/v2\/users\/2"}],"replies":[{"embeddable":true,"href":"https:\/\/negociation-ecologique.fr\/index.php\/wp-json\/wp\/v2\/comments?post=894"}],"version-history":[{"count":6,"href":"https:\/\/negociation-ecologique.fr\/index.php\/wp-json\/wp\/v2\/pages\/894\/revisions"}],"predecessor-version":[{"id":1279,"href":"https:\/\/negociation-ecologique.fr\/index.php\/wp-json\/wp\/v2\/pages\/894\/revisions\/1279"}],"wp:attachment":[{"href":"https:\/\/negociation-ecologique.fr\/index.php\/wp-json\/wp\/v2\/media?parent=894"}],"curies":[{"name":"wp","href":"https:\/\/api.w.org\/{rel}","templated":true}]}}