{"id":899,"date":"2019-06-12T14:35:26","date_gmt":"2019-06-12T12:35:26","guid":{"rendered":"http:\/\/negociation-ecologique.fr\/?page_id=899"},"modified":"2019-06-12T14:37:10","modified_gmt":"2019-06-12T12:37:10","slug":"la-investigacion","status":"publish","type":"page","link":"https:\/\/negociation-ecologique.fr\/index.php\/es\/la-investigacion\/","title":{"rendered":"La Investigacion"},"content":{"rendered":"\n<p><strong>Global o local<\/strong>, la negociaci\u00f3n ecol\u00f3gica est\u00e1 en el centro de la investigaci\u00f3n y las acciones que estamos realizando para co-construir una relaci\u00f3n sostenible y equilibrada entre los seres humanos y la naturaleza.<\/p>\n\n\n\n<p>El objetivo principal del grupo de trabajo es agrupar, compartir y difundir el conocimiento sobre los m\u00e9todos, herramientas, pol\u00edticas y campos de acci\u00f3n relacionados con esta b\u00fasqueda de complementariedad sostenible.<\/p>\n\n\n\n<p>La existencia de este grupo, la red de actores que co-construimos y las publicaciones relacionadas tienen dos prop\u00f3sitos:<\/p>\n\n\n\n<p>1 \u00b0) Definir m\u00e9todos para mejorar la consideraci\u00f3n de la naturaleza en las negociaciones;<\/p>\n\n\n\n<p>2 \u00b0) Promover una evoluci\u00f3n de la Ley a favor de la aplicaci\u00f3n de la &#8220;Negociaci\u00f3n Ecol\u00f3gica&#8221;.<\/p>\n\n\n\n<div class=\"wp-block-image\"><figure class=\"aligncenter\"><img loading=\"lazy\" width=\"300\" height=\"180\" src=\"http:\/\/negociation-ecologique.fr\/wp-content\/uploads\/2017\/11\/logo-300x180.png\" alt=\"\" class=\"wp-image-200\" srcset=\"https:\/\/negociation-ecologique.fr\/wp-content\/uploads\/2017\/11\/logo-300x180.png 300w, https:\/\/negociation-ecologique.fr\/wp-content\/uploads\/2017\/11\/logo.png 658w\" sizes=\"(max-width: 300px) 100vw, 300px\" \/><\/figure><\/div>\n","protected":false},"excerpt":{"rendered":"<p>Global o local, la negociaci\u00f3n ecol\u00f3gica est\u00e1 en el centro de la investigaci\u00f3n y las acciones que estamos realizando para co-construir una relaci\u00f3n sostenible y equilibrada entre los seres humanos y la naturaleza. El objetivo principal del grupo de trabajo es agrupar, compartir y difundir el conocimiento sobre los m\u00e9todos, herramientas, pol\u00edticas y campos de [&hellip;]<\/p>\n","protected":false},"author":2,"featured_media":0,"parent":0,"menu_order":0,"comment_status":"closed","ping_status":"closed","template":"","meta":[],"_links":{"self":[{"href":"https:\/\/negociation-ecologique.fr\/index.php\/wp-json\/wp\/v2\/pages\/899"}],"collection":[{"href":"https:\/\/negociation-ecologique.fr\/index.php\/wp-json\/wp\/v2\/pages"}],"about":[{"href":"https:\/\/negociation-ecologique.fr\/index.php\/wp-json\/wp\/v2\/types\/page"}],"author":[{"embeddable":true,"href":"https:\/\/negociation-ecologique.fr\/index.php\/wp-json\/wp\/v2\/users\/2"}],"replies":[{"embeddable":true,"href":"https:\/\/negociation-ecologique.fr\/index.php\/wp-json\/wp\/v2\/comments?post=899"}],"version-history":[{"count":2,"href":"https:\/\/negociation-ecologique.fr\/index.php\/wp-json\/wp\/v2\/pages\/899\/revisions"}],"predecessor-version":[{"id":905,"href":"https:\/\/negociation-ecologique.fr\/index.php\/wp-json\/wp\/v2\/pages\/899\/revisions\/905"}],"wp:attachment":[{"href":"https:\/\/negociation-ecologique.fr\/index.php\/wp-json\/wp\/v2\/media?parent=899"}],"curies":[{"name":"wp","href":"https:\/\/api.w.org\/{rel}","templated":true}]}}