{"id":916,"date":"2019-06-12T14:52:22","date_gmt":"2019-06-12T12:52:22","guid":{"rendered":"http:\/\/negociation-ecologique.fr\/?page_id=916"},"modified":"2019-06-20T20:06:17","modified_gmt":"2019-06-20T18:06:17","slug":"los-temas-de-aplicacion-de-la-negociacion-ecologica","status":"publish","type":"page","link":"https:\/\/negociation-ecologique.fr\/index.php\/es\/los-temas-de-aplicacion-de-la-negociacion-ecologica\/","title":{"rendered":"Los temas de aplicaci\u00f3n de la negociaci\u00f3n ecol\u00f3gica"},"content":{"rendered":"\n<p>La aplicaci\u00f3n de la negociaci\u00f3n ecol\u00f3gica utiliza las siguientes \u00e1reas:<\/p>\n\n\n\n<table class=\"wp-block-table\"><tbody><tr><td>&#8211; Design thinking<\/td><\/tr><tr><td>&#8211; La participaci\u00f3n p\u00fablica<\/td><\/tr><tr><td>&#8211;&nbsp;Las herramientas de negociaci\u00f3n ecol\u00f3gica \/ consulta \/ comunicaci\u00f3n \/ CNV \/ ling\u00fc\u00edstica<\/td><\/tr><tr><td>&#8211; Global Law \/ Global Compact for the Environment<\/td><\/tr><tr><td>&#8211; Clima \/ Justicia intergeneracional <\/td><\/tr><tr><td>&#8211; Ecolog\u00eda \/ protecci\u00f3n integrada de la biodiversidad \/ evaluaci\u00f3n de impacto <\/td><\/tr><tr><td>&#8211; Geograf\u00eda \/ Cartograf\u00eda \/ GIS <\/td><\/tr><tr><td>&#8211; La metodolog\u00eda de las relaciones Humano-Naturaleza <\/td><\/tr><tr><td>&#8211; Los pueblos ind\u00edgenas \/ la protecci\u00f3n de los conocimientos tradicionales \/ Spiritualidad <\/td><\/tr><tr><td>&#8211; Estudios de impacto social \/ din\u00e1mica de empleo<\/td><\/tr><tr><td>&#8211; Financiamiento clim\u00e1tico \/ innovaci\u00f3n financiera \/ blockchain \/ monedas alternativas \/ crowdfunding<\/td><\/tr><tr><td>&#8211; Permacultura \/ agricultura \/ agroenerg\u00eda \/ agricultura de precisi\u00f3n<\/td><\/tr><tr><td>&#8211; Adaptaci\u00f3n \/ planificaci\u00f3n urbana negociada<\/td><\/tr><tr><td>&#8211; La cooperaci\u00f3n internacional<\/td><\/tr><tr><td>&#8211; El proyecto \/ planificaci\u00f3n de anidaci\u00f3n<\/td><\/tr><tr><td>&#8211; El g\u00e9nero<\/td><\/tr><tr><td>&#8211; El arte y los actores del territorio<\/td><\/tr><tr><td>&#8211; La econom\u00eda circular<\/td><\/tr><\/tbody><\/table>\n","protected":false},"excerpt":{"rendered":"<p>La aplicaci\u00f3n de la negociaci\u00f3n ecol\u00f3gica utiliza las siguientes \u00e1reas: &#8211; Design thinking &#8211; La participaci\u00f3n p\u00fablica &#8211;&nbsp;Las herramientas de negociaci\u00f3n ecol\u00f3gica \/ consulta \/ comunicaci\u00f3n \/ CNV \/ ling\u00fc\u00edstica &#8211; Global Law \/ Global Compact for the Environment &#8211; Clima \/ Justicia intergeneracional &#8211; Ecolog\u00eda \/ protecci\u00f3n integrada de la biodiversidad \/ evaluaci\u00f3n de [&hellip;]<\/p>\n","protected":false},"author":2,"featured_media":0,"parent":0,"menu_order":0,"comment_status":"closed","ping_status":"closed","template":"","meta":[],"_links":{"self":[{"href":"https:\/\/negociation-ecologique.fr\/index.php\/wp-json\/wp\/v2\/pages\/916"}],"collection":[{"href":"https:\/\/negociation-ecologique.fr\/index.php\/wp-json\/wp\/v2\/pages"}],"about":[{"href":"https:\/\/negociation-ecologique.fr\/index.php\/wp-json\/wp\/v2\/types\/page"}],"author":[{"embeddable":true,"href":"https:\/\/negociation-ecologique.fr\/index.php\/wp-json\/wp\/v2\/users\/2"}],"replies":[{"embeddable":true,"href":"https:\/\/negociation-ecologique.fr\/index.php\/wp-json\/wp\/v2\/comments?post=916"}],"version-history":[{"count":14,"href":"https:\/\/negociation-ecologique.fr\/index.php\/wp-json\/wp\/v2\/pages\/916\/revisions"}],"predecessor-version":[{"id":1224,"href":"https:\/\/negociation-ecologique.fr\/index.php\/wp-json\/wp\/v2\/pages\/916\/revisions\/1224"}],"wp:attachment":[{"href":"https:\/\/negociation-ecologique.fr\/index.php\/wp-json\/wp\/v2\/media?parent=916"}],"curies":[{"name":"wp","href":"https:\/\/api.w.org\/{rel}","templated":true}]}}