{"id":961,"date":"2019-06-12T17:36:10","date_gmt":"2019-06-12T15:36:10","guid":{"rendered":"http:\/\/negociation-ecologique.fr\/?page_id=961"},"modified":"2019-06-13T14:42:14","modified_gmt":"2019-06-13T12:42:14","slug":"bibliografia","status":"publish","type":"page","link":"https:\/\/negociation-ecologique.fr\/index.php\/es\/837-2\/bibliografia\/","title":{"rendered":"Bibliograf\u00eda"},"content":{"rendered":"\n<p class=\"has-text-color has-luminous-vivid-amber-color\"><strong>Lista de publicaciones que tiene como objetivo comprender y definir el contexto y los problemas de la negociaci\u00f3n ecol\u00f3gica<\/strong><\/p>\n\n\n\n<p style=\"color:#4bc333\" class=\"has-text-color\"><strong>Entendiendo las Relaciones Humano-Ambientales como objeto de negociaci\u00f3n ecol\u00f3gica:<\/strong><\/p>\n\n\n\n<p><em><strong>&#8220;Hommes-Milieux. Vers un croisement des savoirs pour une m\u00e9thodologie de l\u2019interdisciplinarit\u00e9&#8221;<\/strong><\/em>, A. Pomade (Dir.),&nbsp;Pr\u00e9face St\u00e9phanie Thi\u00e9bault et Ad\u00e9lie Pomade, Presses Universitaires de Rennes, 2018.<\/p>\n\n\n\n<p><em>\u00ab&nbsp;<strong>Hommes Milieux&nbsp;: analyse m\u00e9thodologique<\/strong>&nbsp;\u00bb<\/em>, In A. Pomade (Dir.),&nbsp; Hommes-Milieux. Vers un croisement des savoirs pour une m\u00e9thodologie de l\u2019interdisciplinarit\u00e9, Pr\u00e9face St\u00e9phanie Thi\u00e9bault, Presses Universitaires de Rennes, 2018.<\/p>\n\n\n\n<p><em>\u00ab&nbsp;<strong>Gradient de juridicit\u00e9 et att\u00e9nuation de l\u2019impact des pratiques de p\u00eache sur les \u00e9cosyst\u00e8mes<\/strong>&nbsp;\u00bb, Revue Interdisciplinaire de l\u2019environnement Vertigo, n\u00b0 sp\u00e9cial (\u00e0 para\u00eetre en 2019).<\/em><\/p>\n\n\n\n<p><strong>Les paiements pour services environnementaux contribuent-ils \u00e0 l\u2019\u00e9mergence d\u2019un \u00ab&nbsp;gradient de juridicit\u00e9&nbsp;\u00bb&nbsp;?<\/strong>,&nbsp;<em>Revue Vertigo<\/em>, 2016,&nbsp;<a href=\"https:\/\/vertigo.revues.org\/17084\" target=\"_blank\" rel=\"noreferrer noopener\">https:\/\/vertigo.revues.org\/17084<\/a><\/p>\n\n\n\n<p><strong><em>\u00ab\u00a0Le &#8220;terme d\u2019ajustement des conduites&#8221;\u00a0: outil de dialogue et de justice environnementale pour les acteurs du changement climatique\u00a0<\/em>\u00bb<\/strong>,\u00a0<em>In<\/em>\u00a0Quel droit pour les changements climatiques? Repenser le droit, M. Torre-Schaub, C. Cournil, S. Lavorel, M. Moliner-Dubost (dir), Mare Martin, 2018, p. 319. et s.<\/p>\n\n\n\n<p style=\"color:#4bc333\" class=\"has-text-color\"><strong>Revitalizar las relaciones Humano-Medio ambiente gracias a la biodiversidad local:<\/strong><\/p>\n\n\n\n<p><em><strong>&#8220;La relance de la culture du bl\u00e9 en Corse&#8221;<\/strong><\/em>, Edwige Koziello, Revue d&#8217;Administration territoriale de l&#8217;Etat, Recherche, Innovation et Territoire, n\u00b0251, 2016, pp.137-139.<\/p>\n\n\n\n<p style=\"color:#4bc333\" class=\"has-text-color\"><strong>Definir el marco de la negociaci\u00f3n ecol\u00f3gica:<\/strong><\/p>\n\n\n\n<p><em><strong>&#8220;La n\u00e9gociation \u00e9cologique dans l\u2019\u00e9mergence du droit global&#8221;<\/strong>, <\/em>S.Borderon-Carrez<em>,&nbsp;<\/em> Civitas Europa, vol. 40, no. 1, 2018, pp. 219-236.<\/p>\n\n\n\n<p><strong><em>&#8220;La n\u00e9gociation \u00e9cologique en droit des \u00e9tudes d\u2019impact environnemental&#8221;<\/em><\/strong>, par S.Borderon-Carrez, th\u00e8se dirig\u00e9e par P.Steichen, soutenue le 6 avril 2017, Universit\u00e9 C\u00f4te d\u2019Azur, pp.451. <a href=\"http:\/\/www.theses.fr\/2017AZUR0003\">http:\/\/www.theses.fr\/2017AZUR0003<\/a><\/p>\n\n\n\n<p><strong><em>&#8220;Les n\u00e9gociations \u00e9cologiques globales : enjeux Nord-Sud&#8221;<\/em><\/strong>, A. Lipietz, In:&nbsp;<em>Tiers-Monde<\/em>, tome 35, n\u00b0137, 1994. Apr\u00e8s le Sommet de la Terre : D\u00e9bats sur le d\u00e9veloppement durable, sous la direction de Jean Masini. pp. 31-51. DOI:&nbsp;<a href=\"https:\/\/doi.org\/10.3406\/tiers.1994.4847\">https:\/\/doi.org\/10.3406\/tiers.1994.4847<\/a><\/p>\n\n\n\n<p style=\"color:#4bc333\" class=\"has-text-color\"><strong>Entendiendo las relaciones ecol\u00f3gicas entre pa\u00edses desarrollados y en desarrollo:<\/strong><\/p>\n\n\n\n<p><strong>&#8220;<\/strong><em><strong>Comparing the resources management law between developed and developing countries&#8221;<\/strong>, <\/em>S.Borderondirected by Ken Palmer, University of Auckland, 2008, 58p.<\/p>\n\n\n\n<p><strong>&#8220;<em>The Differentiation between Industrial and Developing Countries within the WTO Rules and Environmental Law&#8221;<\/em>,<\/strong>&nbsp;S.Borderon, directed by Jutta Brunnee, Unversity of Auckland, 2008, 54p.<\/p>\n\n\n\n<p><em><strong>&#8220;Protecting Developing countries\u2019 biodiversity with Intellectual Proprety Rights: Confronting TRIPs and the CBD&#8221;<\/strong>,<\/em>&nbsp;S.Borderon, directed by Dorothee Donahue, University of Auckland, 2007, 50p.<\/p>\n\n\n\n<p><strong>&#8220;<em>Le traitement sp\u00e9cial et diff\u00e9renci\u00e9 des Pays En D\u00e9veloppement dans le cadre de l\u2019OMC&#8221;<\/em><\/strong>, S.Borderon, M\u00e9moire de M2 dirig\u00e9 par Ana Pero Llopis, 2006, 104p.<\/p>\n\n\n\n<p style=\"color:#4bc333\" class=\"has-text-color\"><strong>Analizar el lugar de la financiaci\u00f3n clim\u00e1tica en el desarrollo de la negociaci\u00f3n ecol\u00f3gica:<\/strong><\/p>\n\n\n\n<p><em><strong>&#8220;Structural analogy in development and climate aid: the case of Bangladesh&#8221;<\/strong><\/em>,&nbsp;Rahman SM. (Forthcoming).,Journal of Development Policy and Practice, Forthcoming (SAGE)<\/p>\n\n\n\n<p><em><strong>&#8220;From strategy to execution: the case of local climate fund in Bangladesh&#8221;<\/strong><\/em>, Rahman SM, Ahmad MM &amp; Alam MS. (2016), Journal of Environmental Policy and Decision Making, 2(10),1-18. DOI: 10.1504\/IJEPDM.2016.080476 (Inderscience)<\/p>\n\n\n\n<p><em><strong>&#8220;Climate finance towards vulnerable countries: evidence from the Global Environment Facility (GEF)&#8221;<\/strong><\/em>, Rahman SM &amp; Ahmad MM. (2015), International Journal of Green Economics 9(2): 199-214. DOI: 10.1504\/IJGE.2015.075137 (Inderscience)<\/p>\n\n\n\n<p><em><strong>&#8220;Climate finance in the Greater Mekong Sub region (GMS). Development in Practice&#8221;<\/strong><\/em>,&nbsp;Rahman SM &amp; Ahmad MM. (2014). 24(8): 960-974. DOI: 10.1080\/09614524.2014.965131<\/p>\n\n\n\n<p style=\"color:#4bc333\" class=\"has-text-color\"><strong>Corregir los desequilibrios para establecer la negociaci\u00f3n ecol\u00f3gica:<\/strong><\/p>\n\n\n\n<p><em><strong>&#8220;The size of national delegation and the need for attendance regulation at climate conferences&#8221;,<\/strong><\/em>&nbsp;Rahman SM &amp; Ahmad MM. (2016), \u00d6kologisches Wirtschaften (Ecological Economics) 31(1): 12-13. DOI: 10.14512\/OEW310112 (Oekom Verlag, Germany)<\/p>\n\n\n\n<p><em><strong>&#8220;Perception of local experts about accessibility to international climate funds: case of Bangladesh&#8221;<\/strong><\/em>,&nbsp;Rahman SM &amp; Ahmad MM. (2016), Journal of Developing Areas 50(3): 53-67. DOI: 10.1353\/jda.2016.0110 (Johns Hopkins University Press)<\/p>\n\n\n\n<p style=\"color:#4bc333\" class=\"has-text-color\"><strong>Para entender el papel de la negociaci\u00f3n ecol\u00f3gica en tiempos de conflicto:<\/strong><\/p>\n\n\n\n<p><em>\u00ab&nbsp;<\/em><em><strong>S\u00e9curit\u00e9s humaine, animale et v\u00e9g\u00e9tale : la bios\u00e9curit\u00e9 en for\u00eat amazonienne<\/strong><\/em><em>&nbsp;\u00bb, In S\u00e9curit\u00e9 et environnement, C.Cournil, C. Fabregoule et N. Clinchamps (dir.), Larcier-Bruylant, Collection d\u00e9veloppement durable, 2016.<\/em><\/p>\n\n\n\n<p><strong>&#8220;<em>La protection de l&#8217;environnement en temps de conflits arm\u00e9s&#8221;<\/em>,<\/strong>&nbsp;S.Borderon, V.Linder<em>, <\/em> in Les menaces contre la paix et la s\u00e9curit\u00e9&nbsp; internationales : nouveaux d\u00e9fis et nouveaux enjeux, IREDIES n\u00b01, Paris, 2010, pp.185 &#8211; 204. URL&nbsp;: <a href=\"https:\/\/www.univ-paris1.fr\/fileadmin\/IREDIES\/Projet_MARS\/MARS_Livre_blanc.pdf\">https:\/\/www.univ-paris1.fr\/fileadmin\/IREDIES\/Projet_MARS\/MARS_Livre_blanc.pdf<\/a><\/p>\n\n\n\n<p><strong>&#8220;<em>The Protection of the Environment in Time of Armed Conflicts: Its Implications in International Criminal Law&#8221;<\/em><\/strong>, S.Borderon, directed by Kevin J. Heller, University of Auckland, 2007, 56p.<\/p>\n\n\n\n<p style=\"color:#4bc333\" class=\"has-text-color\"><strong>Involucrar a las empresas y al sector privado en la negociaci\u00f3n ambiental:<\/strong><\/p>\n\n\n\n<p>\u00ab&nbsp;<strong><em>Droits de l\u2019homme et responsabilit\u00e9 judiciaire des entreprises&nbsp;: y a-t-il du nouveau&nbsp;? Approche comparative de part et d\u2019autre de l\u2019Atlantique&nbsp;?<\/em><\/strong>&nbsp;\u00bb, L.Mavoungou, Colloque international<strong>, <\/strong>L\u2019entreprise socialement responsable&nbsp;: Face \u00e0 la multiplication des zones fronti\u00e8res, organis\u00e9 par le Centre d\u2019\u00c9tudes en Droit \u00c9conomique et le Laboratoire interdisciplinaire de la responsabilit\u00e9 sociale des entreprises, Universit\u00e9 Laval, Qu\u00e9bec-Canada (2018).<\/p>\n\n\n\n<p>\u00ab&nbsp;<strong><em>Les pouvoirs priv\u00e9s \u00e9conomiques \u00e0 l\u2019\u00e9preuve de la loi fran\u00e7aise sur le devoir de vigilance<\/em><\/strong>&nbsp;\u00bb, L.Mavoungou, Journ\u00e9es de droit \u00e9conomique, Colloque&nbsp;: Les pouvoirs priv\u00e9s \u00e9conomiques et l\u2019ordre public \u00e9conomique, organis\u00e9 par le Groupe de Recherche en Droit, Economie et Gestion (GREDEG), Universit\u00e9 C\u00f4te d\u2019azur, Nice (2018).<\/p>\n\n\n\n<p>\u00ab&nbsp;<strong><em>L\u2019encadrement du risque environnemental par le droit<\/em><\/strong>&nbsp;\u00bb, L.Mavoungou, Colloque le Droit \u00e0 la poursuite du risque, organis\u00e9 par les doctorants du GREDEG, Universit\u00e9 C\u00f4te d\u2019azur, Nice (2016).<\/p>\n\n\n\n<p><em><strong>&#8220;Factors affecting environmental performance: evidence from banking sector in Bangladesh&#8221;,<\/strong><\/em> Miah MD, Rahman SM &amp; Haque M. (2018). , International Journal of Financial Services Management, 9(1), 22-38. DOI: 10.1504\/IJFSM.2018.10011001 (Inderscience)<\/p>\n\n\n\n<p><em><strong>&#8220;Financing small and medium-sized enterprises (SMEs) in the context of climate change: review of global practices and lessons for Oman&#8221;,<\/strong><\/em>&nbsp; Rahman SM &amp; Begum MA. (2014), Journal of Management and Social Sciences 2(2); 102-113. (Redeemers University)<\/p>\n\n\n\n<p><strong>&#8220;<em>Le dispositif pr\u00e9ventif mis en place par la r\u00e9glementation applicable aux \u00e9tudes d&#8217;impact et l&#8217;\u00e9mergence d&#8217;une n\u00e9gociation \u00e9cologique&#8221;<\/em><\/strong>, S.Borderon, rapport dir. V.Godfrin, co-dir. P.Steichen,&nbsp; Ecole des Mines ParisTech, 2011, 48p.<\/p>\n\n\n\n<p><strong>&#8220;<em>De la responsabilit\u00e9 \u00e0 la responsabilisation \u00e9cologique des entreprises&nbsp;: regard sur les \u00e9tudes d\u2019impact environnemental&#8221;<\/em><\/strong>, S.Borderon, rapport dir. V.Godfrin, co-dir. P.Steichen, Ecole des Mines-ParisTech, 2010, 59p.<\/p>\n\n\n\n<p><strong><em>&#8220;Companies strategies to decrease environmental impacts: The implementation of environmental impact assessments in French Law&#8221;<\/em><\/strong>, S.Borderon, V.Godfrin, in Companies on climate change, sous la direction de M.Cygler et C.Colard-Fabregoule, Warsaw School of Economics publisher, 2011, pp. 181-199.<\/p>\n","protected":false},"excerpt":{"rendered":"<p>Lista de publicaciones que tiene como objetivo comprender y definir el contexto y los problemas de la negociaci\u00f3n ecol\u00f3gica Entendiendo las Relaciones Humano-Ambientales como objeto de negociaci\u00f3n ecol\u00f3gica: &#8220;Hommes-Milieux. Vers un croisement des savoirs pour une m\u00e9thodologie de l\u2019interdisciplinarit\u00e9&#8221;, A. Pomade (Dir.),&nbsp;Pr\u00e9face St\u00e9phanie Thi\u00e9bault et Ad\u00e9lie Pomade, Presses Universitaires de Rennes, 2018. \u00ab&nbsp;Hommes Milieux&nbsp;: analyse [&hellip;]<\/p>\n","protected":false},"author":3,"featured_media":0,"parent":837,"menu_order":4,"comment_status":"closed","ping_status":"closed","template":"","meta":[],"_links":{"self":[{"href":"https:\/\/negociation-ecologique.fr\/index.php\/wp-json\/wp\/v2\/pages\/961"}],"collection":[{"href":"https:\/\/negociation-ecologique.fr\/index.php\/wp-json\/wp\/v2\/pages"}],"about":[{"href":"https:\/\/negociation-ecologique.fr\/index.php\/wp-json\/wp\/v2\/types\/page"}],"author":[{"embeddable":true,"href":"https:\/\/negociation-ecologique.fr\/index.php\/wp-json\/wp\/v2\/users\/3"}],"replies":[{"embeddable":true,"href":"https:\/\/negociation-ecologique.fr\/index.php\/wp-json\/wp\/v2\/comments?post=961"}],"version-history":[{"count":9,"href":"https:\/\/negociation-ecologique.fr\/index.php\/wp-json\/wp\/v2\/pages\/961\/revisions"}],"predecessor-version":[{"id":1048,"href":"https:\/\/negociation-ecologique.fr\/index.php\/wp-json\/wp\/v2\/pages\/961\/revisions\/1048"}],"up":[{"embeddable":true,"href":"https:\/\/negociation-ecologique.fr\/index.php\/wp-json\/wp\/v2\/pages\/837"}],"wp:attachment":[{"href":"https:\/\/negociation-ecologique.fr\/index.php\/wp-json\/wp\/v2\/media?parent=961"}],"curies":[{"name":"wp","href":"https:\/\/api.w.org\/{rel}","templated":true}]}}