{"id":970,"date":"2019-06-12T18:55:42","date_gmt":"2019-06-12T16:55:42","guid":{"rendered":"http:\/\/negociation-ecologique.fr\/?page_id=970"},"modified":"2019-06-12T19:05:35","modified_gmt":"2019-06-12T17:05:35","slug":"970-2","status":"publish","type":"page","link":"https:\/\/negociation-ecologique.fr\/index.php\/es\/970-2\/","title":{"rendered":"Herramientas innovadoras"},"content":{"rendered":"\n<p>Encuentre aqu\u00ed las <strong>herramientas para ayudar a la negociaci\u00f3n ecol\u00f3gica<\/strong> a comprender mejor la naturaleza y su evoluci\u00f3n en las decisiones relacionadas con su futuro.<\/p>\n\n\n\n<p>Las herramientas :<\/p>\n\n\n\n<ul><li>Mejor entender la naturaleza<\/li><li>Mejor observar la naturaleza<\/li><li>Mejor compartir datos naturalistas<\/li><li>Mejor predicci\u00f3n de la evoluci\u00f3n de la naturaleza<\/li><\/ul>\n","protected":false},"excerpt":{"rendered":"<p>Encuentre aqu\u00ed las herramientas para ayudar a la negociaci\u00f3n ecol\u00f3gica a comprender mejor la naturaleza y su evoluci\u00f3n en las decisiones relacionadas con su futuro. Las herramientas : Mejor entender la naturaleza Mejor observar la naturaleza Mejor compartir datos naturalistas Mejor predicci\u00f3n de la evoluci\u00f3n de la naturaleza<\/p>\n","protected":false},"author":2,"featured_media":0,"parent":0,"menu_order":0,"comment_status":"closed","ping_status":"closed","template":"","meta":[],"_links":{"self":[{"href":"https:\/\/negociation-ecologique.fr\/index.php\/wp-json\/wp\/v2\/pages\/970"}],"collection":[{"href":"https:\/\/negociation-ecologique.fr\/index.php\/wp-json\/wp\/v2\/pages"}],"about":[{"href":"https:\/\/negociation-ecologique.fr\/index.php\/wp-json\/wp\/v2\/types\/page"}],"author":[{"embeddable":true,"href":"https:\/\/negociation-ecologique.fr\/index.php\/wp-json\/wp\/v2\/users\/2"}],"replies":[{"embeddable":true,"href":"https:\/\/negociation-ecologique.fr\/index.php\/wp-json\/wp\/v2\/comments?post=970"}],"version-history":[{"count":3,"href":"https:\/\/negociation-ecologique.fr\/index.php\/wp-json\/wp\/v2\/pages\/970\/revisions"}],"predecessor-version":[{"id":978,"href":"https:\/\/negociation-ecologique.fr\/index.php\/wp-json\/wp\/v2\/pages\/970\/revisions\/978"}],"wp:attachment":[{"href":"https:\/\/negociation-ecologique.fr\/index.php\/wp-json\/wp\/v2\/media?parent=970"}],"curies":[{"name":"wp","href":"https:\/\/api.w.org\/{rel}","templated":true}]}}