{"id":998,"date":"2019-06-12T23:01:04","date_gmt":"2019-06-12T21:01:04","guid":{"rendered":"http:\/\/negociation-ecologique.fr\/?page_id=998"},"modified":"2019-06-12T23:13:26","modified_gmt":"2019-06-12T21:13:26","slug":"998-2","status":"publish","type":"page","link":"https:\/\/negociation-ecologique.fr\/index.php\/es\/998-2\/","title":{"rendered":"M\u00e9todos innovadores"},"content":{"rendered":"\n<p>A trav\u00e9s de la negociaci\u00f3n ecol\u00f3gica, estamos trabajando en m\u00e9todos de coordinaci\u00f3n de proyectos, teniendo en cuenta a todos los actores de un territorio y los recursos disponibles para generar una programaci\u00f3n \u00f3ptima del territorio a m\u00e1s o menos largo plazo. Estamos llevando esta noci\u00f3n al nivel internacional para llevar a cabo un principio universal. En un momento en que las teor\u00edas del &#8220;colapso&#8221; est\u00e1n floreciendo, parece necesario utilizar todos nuestros recursos actuales y conocimientos ancestrales para crear una ecolog\u00eda territorial sostenible para las generaciones futuras.<\/p>\n\n\n\n<p>Encuentre aqu\u00ed los m\u00e9todos innovadores para mejorar el di\u00e1logo y promover el logro de negociaciones ecol\u00f3gicas.<\/p>\n\n\n\n<ul><li>Entender mejor los enlaces que nos unen<\/li><li>Mejor comunicar informacion<\/li><li>Mejor organizar relaciones<\/li><li>Mejor sentir nuestras necesidades<\/li><\/ul>\n","protected":false},"excerpt":{"rendered":"<p>A trav\u00e9s de la negociaci\u00f3n ecol\u00f3gica, estamos trabajando en m\u00e9todos de coordinaci\u00f3n de proyectos, teniendo en cuenta a todos los actores de un territorio y los recursos disponibles para generar una programaci\u00f3n \u00f3ptima del territorio a m\u00e1s o menos largo plazo. Estamos llevando esta noci\u00f3n al nivel internacional para llevar a cabo un principio universal. [&hellip;]<\/p>\n","protected":false},"author":3,"featured_media":0,"parent":0,"menu_order":0,"comment_status":"closed","ping_status":"closed","template":"","meta":[],"_links":{"self":[{"href":"https:\/\/negociation-ecologique.fr\/index.php\/wp-json\/wp\/v2\/pages\/998"}],"collection":[{"href":"https:\/\/negociation-ecologique.fr\/index.php\/wp-json\/wp\/v2\/pages"}],"about":[{"href":"https:\/\/negociation-ecologique.fr\/index.php\/wp-json\/wp\/v2\/types\/page"}],"author":[{"embeddable":true,"href":"https:\/\/negociation-ecologique.fr\/index.php\/wp-json\/wp\/v2\/users\/3"}],"replies":[{"embeddable":true,"href":"https:\/\/negociation-ecologique.fr\/index.php\/wp-json\/wp\/v2\/comments?post=998"}],"version-history":[{"count":3,"href":"https:\/\/negociation-ecologique.fr\/index.php\/wp-json\/wp\/v2\/pages\/998\/revisions"}],"predecessor-version":[{"id":1006,"href":"https:\/\/negociation-ecologique.fr\/index.php\/wp-json\/wp\/v2\/pages\/998\/revisions\/1006"}],"wp:attachment":[{"href":"https:\/\/negociation-ecologique.fr\/index.php\/wp-json\/wp\/v2\/media?parent=998"}],"curies":[{"name":"wp","href":"https:\/\/api.w.org\/{rel}","templated":true}]}}